{"id":9,"date":"2013-04-14T18:25:49","date_gmt":"2013-04-14T18:25:49","guid":{"rendered":"http:\/\/munilaja.cl\/w\/?page_id=9"},"modified":"2024-08-28T12:08:35","modified_gmt":"2024-08-28T16:08:35","slug":"administracion-finanzas","status":"publish","type":"page","link":"https:\/\/munilaja.cl\/w\/administracion-finanzas\/","title":{"rendered":"Administraci\u00f3n &#038; Finanzas"},"content":{"rendered":"<h3 style=\"text-align: justify;\"><span style=\"color: #800000;\">Administraci\u00f3n &amp; Finanzas<\/span><\/h3>\n<div>\n<p style=\"text-align: justify;\"><em>La Unidad de Administraci\u00f3n y Finanzas tiene como funci\u00f3n, asesorar al Alcalde en la administraci\u00f3n del personal de la Municipalidad, y en la administraci\u00f3n financiera de los bienes municipales, por lo cual sus competencias se extienden a:\u00a0<\/em><\/p>\n<p style=\"text-align: justify;\"><em>&#8211; Estudiar, calcular, proponer y regular la percepci\u00f3n de cualquier tipo de ingresos municipales.<\/em><br \/>\n<em> &#8211; Visar los decretos que irroguen gastos o generen recursos.<\/em><br \/>\n<em> &#8211; Llevar la contabilidad municipal en conformidad con las normas de la contabilidad nacional y con las instrucciones que al respecto imparte la Contralor\u00eda General de la Rep\u00fablica.<\/em><br \/>\n<em> &#8211; Controlar la gesti\u00f3n financiera de los recintos y\/o empresas municipales.<\/em><br \/>\n<em> &#8211; Recaudar y percibir los ingresos municipales y fiscales que correspondan.<\/em><\/p>\n<p style=\"text-align: justify;\"><em>Las funciones m\u00e1s relevantes de las secciones dependientes de esta Unidad, son las siguientes:<\/em><\/p>\n<p style=\"text-align: justify;\"><span style=\"color: #800000;\"><strong>Secci\u00f3n de Rentas y Finanzas<\/strong><\/span><\/p>\n<p style=\"text-align: justify;\"><em>&#8211; Dirigir y coordinar las actividades financieras de la Municipalidad.<\/em><br \/>\n<em> &#8211; Colaborar con la Secretar\u00eda Comunal de Planificaci\u00f3n en la preparaci\u00f3n de los proyectos del plan financiero y de los presupuestos de la Municipalidad.<\/em><br \/>\n<em> &#8211; Administrar el presupuesto municipal.<\/em><br \/>\n<em> &#8211; Administrar financieramente los bienes y establecimientos municipales.<\/em><br \/>\n<em> &#8211; Estudiar, calcular, proponer y controlar cualquier tipo de ingreso y egreso municipal.<\/em><br \/>\n<em> &#8211; Efectuar la recaudaci\u00f3n y la administraci\u00f3n de los ingresos de acuerdo a lo establecido por la Ley de Rentas Municipales.<\/em><br \/>\n<em> &#8211; Controlar la gesti\u00f3n financiera de las diversas unidades municipales.<\/em><\/p>\n<p style=\"text-align: justify;\"><span style=\"color: #800000;\"><strong>Secci\u00f3n de Contabilidad y Presupuestos<\/strong><\/span><\/p>\n<p style=\"text-align: justify;\"><em>&#8211; Llevar la contabilidad patrimonial y presupuestaria en conformidad a las normas vigentes para el sector municipal y con las instrucciones que la Contralor\u00eda General de la Rep\u00fablica imparta al respecto, emitiendo los informes requeridos.<\/em><br \/>\n<em> &#8211; Confeccionar el balance presupuestario y patrimonial anual de la Municipalidad, proporcionando los estados e informes contables que se requieran.<\/em><br \/>\n<em> &#8211; Mantener actualizado el valor de los activos y pasivos de la Municipalidad, en conformidad a los inventarios del patrimonio municipal, como igualmente el ajuste anual por revalorizaciones y depreciaciones del mismo.<\/em><br \/>\n<em> &#8211; Colaborar con la Secretar\u00eda Comunal de Planificaci\u00f3n en la elaboraci\u00f3n del proyecto de presupuesto anual de la Municipalidad.<\/em><br \/>\n<em> &#8211; Presentar rendiciones de cuenta a las entidades, por fondos entregados y destinados a fines espec\u00edficos.<\/em><\/p>\n<p style=\"text-align: justify;\"><span style=\"color: #800000;\"><strong>Secci\u00f3n Tesorer\u00eda Municipal<\/strong><\/span><\/p>\n<p style=\"text-align: justify;\"><em>&#8211; Recaudar los tributos y otros ingresos municipales.<\/em><br \/>\n<em> &#8211; Conservar y custodiar los fondos recaudados, las especies valoradas y dem\u00e1s valores municipales.<\/em><br \/>\n<em> &#8211; Recibir y conservar toda clase de instrumentos de garant\u00eda, extendidos a favor de la Municipalidad.<\/em><br \/>\n<em> &#8211; Efectuar el pago de las obligaciones municipales.<\/em><\/p>\n<p style=\"text-align: justify;\"><span style=\"color: #800000;\"><strong>Secci\u00f3n Patentes<\/strong><\/span><\/p>\n<p style=\"text-align: justify;\"><em>&#8211; Tramitar las solicitudes de otorgamiento, traslado, transferencia y caducidad, seg\u00fan corresponda, de las patentes municipales, comerciales, industriales, de alcoholes y profesionales de la comuna.<\/em><br \/>\n<em> &#8211; Mantener actualizado el registro de patentes de todas las actividades antes mencionadas, as\u00ed como el correspondiente a la propaganda comercial de la comuna.<\/em><\/p>\n<p style=\"text-align: justify;\"><span style=\"color: #800000;\"><strong>Secci\u00f3n Inspecci\u00f3n<\/strong><\/span><\/p>\n<p style=\"text-align: justify;\"><em>&#8211; Planificar la fiscalizaci\u00f3n externa que compete a la autoridad municipal en materias normativas, de car\u00e1cter tributarias y en general de supervigilancia comunal.<\/em><br \/>\n<em> &#8211; Programar y organizar los sistemas de control aplicables a la industria, al comercio establecido y ambulante que opere dentro de los l\u00edmites comunales.<\/em><br \/>\n<em> &#8211; Dise\u00f1ar o programar un calendario de control de lo dispuesto en la Ley de Alcoholes.<\/em><br \/>\n<em> &#8211; Colaborar con las Unidades Municipales correspondientes a fin de mantener y aplicar las normas de ley en materias de su competencia.<\/em><br \/>\n<em> &#8211; Efectuar controles sanitarios a la industria y el comercio en general, dentro del \u00e1mbito de competencia municipal.<\/em><\/p>\n<p style=\"text-align: justify;\"><span style=\"color: #800000;\"><strong>Secci\u00f3n de Recursos Humanos<\/strong><\/span><\/p>\n<p><em>&#8211; Proponer las pol\u00edticas generales de administraci\u00f3n de personal.<\/em><br \/>\n<em> &#8211; Administrar el sistema de personal de la Municipalidad, aplicando las t\u00e9cnicas de selecci\u00f3n, descripci\u00f3n, especificaci\u00f3n y evaluaci\u00f3n de los cargos.<\/em><br \/>\n<em> &#8211; Mantener registros actualizados del personal en los cuales se consignen materias relacionadas con nombramientos, calificaciones, promociones, escalafones, medidas disciplinarias, permisos administrativos, feriados y capacitaciones efectuadas.<\/em><br \/>\n<em> &#8211; Velar por la adecuada designaci\u00f3n y distribuci\u00f3n del personal en las diferentes unidades municipales y aplicar las normas sobre carrera funcionaria.<\/em><\/p>\n<p style=\"text-align: justify;\"><span style=\"color: #800000;\"><strong>Secci\u00f3n Adquisici\u00f3n, Inventarios y Bodega<\/strong><\/span><\/p>\n<p style=\"text-align: justify;\"><em>&#8211; Ejecutar los programas referentes a adquisiciones, stocks, sistemas de distribuci\u00f3n y transporte.<\/em><br \/>\n<em> &#8211; Proponer modificaciones de los programas respectivos seg\u00fan las variaciones de precios y condiciones de mercado, velando por los intereses de la Municipalidad.<\/em><br \/>\n<em> &#8211; Emitir \u00f3rdenes de compra.<\/em><br \/>\n<em> &#8211; Mantener registro de los bienes inmuebles que son arrendados por la Municipalidad.<\/em><\/p>\n<p style=\"text-align: justify;\"><strong>\u00a0<strong>Arel Ram\u00edrez Dur\u00e1n <\/strong><\/strong><\/p>\n<p style=\"text-align: justify;\"><strong><strong>Directora DAF &#8211;\u00a0<\/strong><strong>Ingeniero Comercial<\/strong><\/strong><\/p>\n<p style=\"text-align: justify;\"><strong>Mail: aramirez<wbr \/>@munilaja.cl<\/strong><\/p>\n<p style=\"text-align: justify;\"><span style=\"color: #800000;\"><strong>CONTACTO<\/strong><\/span><\/p>\n<p style=\"text-align: justify;\"><strong>Secretaria DAF<\/strong><\/p>\n<p style=\"text-align: justify;\"><strong>Mar\u00eda Elena Fritz<\/strong><\/p>\n<p style=\"text-align: justify;\"><strong>Tel\u00e9fono 43 2 524662<\/strong><\/p>\n<p style=\"text-align: justify;\"><strong>Mail:\u00a0mfritz<wbr \/>@munilaja.cl<\/strong><\/p>\n<p style=\"text-align: justify;\"><strong>Balmaceda #292 2\u00b0 piso<\/strong><\/p>\n<\/div>\n","protected":false},"excerpt":{"rendered":"<p>Administraci\u00f3n &amp; Finanzas La Unidad de Administraci\u00f3n y Finanzas tiene como funci\u00f3n, asesorar al Alcalde en la administraci\u00f3n del personal de la Municipalidad, y en la administraci\u00f3n financiera de los bienes municipales, por lo cual sus competencias se extienden a:\u00a0 &#8211; Estudiar, calcular, proponer y regular la percepci\u00f3n de cualquier tipo de ingresos municipales. &#8211; [&hellip;]<\/p>\n","protected":false},"author":11,"featured_media":0,"parent":0,"menu_order":0,"comment_status":"closed","ping_status":"open","template":"","meta":{"zakra_sidebar_layout":"customizer","zakra_remove_content_margin":false,"zakra_sidebar":"customizer","zakra_transparent_header":"customizer","zakra_logo":0,"zakra_main_header_style":"default","zakra_menu_item_color":"","zakra_menu_item_hover_color":"","zakra_menu_item_active_color":"","zakra_menu_active_style":"zakra_menu_active_style","zakra_page_header":true,"footnotes":""},"class_list":["post-9","page","type-page","status-publish","hentry"],"yoast_head":"<!-- This site is optimized with the Yoast SEO plugin v24.0 - https:\/\/yoast.com\/wordpress\/plugins\/seo\/ -->\n<title>Administraci\u00f3n &amp; Finanzas - Municipalidad de Laja<\/title>\n<meta name=\"robots\" content=\"index, follow, max-snippet:-1, max-image-preview:large, max-video-preview:-1\" \/>\n<link rel=\"canonical\" href=\"https:\/\/munilaja.cl\/w\/administracion-finanzas\/\" \/>\n<meta property=\"og:locale\" content=\"es_ES\" \/>\n<meta property=\"og:type\" content=\"article\" \/>\n<meta property=\"og:title\" content=\"Administraci\u00f3n &amp; Finanzas - Municipalidad de Laja\" \/>\n<meta property=\"og:description\" content=\"Administraci\u00f3n &amp; Finanzas La Unidad de Administraci\u00f3n y Finanzas tiene como funci\u00f3n, asesorar al Alcalde en la administraci\u00f3n del personal de la Municipalidad, y en la administraci\u00f3n financiera de los bienes municipales, por lo cual sus competencias se extienden a:\u00a0 &#8211; Estudiar, calcular, proponer y regular la percepci\u00f3n de cualquier tipo de ingresos municipales. &#8211; [&hellip;]\" \/>\n<meta property=\"og:url\" content=\"https:\/\/munilaja.cl\/w\/administracion-finanzas\/\" \/>\n<meta property=\"og:site_name\" content=\"Municipalidad de Laja\" \/>\n<meta property=\"article:modified_time\" content=\"2024-08-28T16:08:35+00:00\" \/>\n<meta name=\"twitter:card\" content=\"summary_large_image\" \/>\n<meta name=\"twitter:label1\" content=\"Tiempo de lectura\" \/>\n\t<meta name=\"twitter:data1\" content=\"4 minutos\" \/>\n<script type=\"application\/ld+json\" class=\"yoast-schema-graph\">{\"@context\":\"https:\/\/schema.org\",\"@graph\":[{\"@type\":\"WebPage\",\"@id\":\"https:\/\/munilaja.cl\/w\/administracion-finanzas\/\",\"url\":\"https:\/\/munilaja.cl\/w\/administracion-finanzas\/\",\"name\":\"Administraci\u00f3n & Finanzas - Municipalidad de Laja\",\"isPartOf\":{\"@id\":\"https:\/\/munilaja.cl\/w\/#website\"},\"datePublished\":\"2013-04-14T18:25:49+00:00\",\"dateModified\":\"2024-08-28T16:08:35+00:00\",\"breadcrumb\":{\"@id\":\"https:\/\/munilaja.cl\/w\/administracion-finanzas\/#breadcrumb\"},\"inLanguage\":\"es\",\"potentialAction\":[{\"@type\":\"ReadAction\",\"target\":[\"https:\/\/munilaja.cl\/w\/administracion-finanzas\/\"]}]},{\"@type\":\"BreadcrumbList\",\"@id\":\"https:\/\/munilaja.cl\/w\/administracion-finanzas\/#breadcrumb\",\"itemListElement\":[{\"@type\":\"ListItem\",\"position\":1,\"name\":\"Portada\",\"item\":\"https:\/\/munilaja.cl\/w\/\"},{\"@type\":\"ListItem\",\"position\":2,\"name\":\"Administraci\u00f3n &#038; Finanzas\"}]},{\"@type\":\"WebSite\",\"@id\":\"https:\/\/munilaja.cl\/w\/#website\",\"url\":\"https:\/\/munilaja.cl\/w\/\",\"name\":\"Municipalidad de Laja\",\"description\":\"Web Municipal\",\"publisher\":{\"@id\":\"https:\/\/munilaja.cl\/w\/#organization\"},\"potentialAction\":[{\"@type\":\"SearchAction\",\"target\":{\"@type\":\"EntryPoint\",\"urlTemplate\":\"https:\/\/munilaja.cl\/w\/?s={search_term_string}\"},\"query-input\":{\"@type\":\"PropertyValueSpecification\",\"valueRequired\":true,\"valueName\":\"search_term_string\"}}],\"inLanguage\":\"es\"},{\"@type\":\"Organization\",\"@id\":\"https:\/\/munilaja.cl\/w\/#organization\",\"name\":\"Municipalidad de Laja\",\"url\":\"https:\/\/munilaja.cl\/w\/\",\"logo\":{\"@type\":\"ImageObject\",\"inLanguage\":\"es\",\"@id\":\"https:\/\/munilaja.cl\/w\/#\/schema\/logo\/image\/\",\"url\":\"https:\/\/munilaja.cl\/w\/wp-content\/uploads\/2024\/11\/ESCUDO-LAJA-LETRAS-BLANCAS-LOGO-WEB.png\",\"contentUrl\":\"https:\/\/munilaja.cl\/w\/wp-content\/uploads\/2024\/11\/ESCUDO-LAJA-LETRAS-BLANCAS-LOGO-WEB.png\",\"width\":150,\"height\":150,\"caption\":\"Municipalidad de Laja\"},\"image\":{\"@id\":\"https:\/\/munilaja.cl\/w\/#\/schema\/logo\/image\/\"}}]}<\/script>\n<!-- \/ Yoast SEO plugin. -->","yoast_head_json":{"title":"Administraci\u00f3n & Finanzas - Municipalidad de Laja","robots":{"index":"index","follow":"follow","max-snippet":"max-snippet:-1","max-image-preview":"max-image-preview:large","max-video-preview":"max-video-preview:-1"},"canonical":"https:\/\/munilaja.cl\/w\/administracion-finanzas\/","og_locale":"es_ES","og_type":"article","og_title":"Administraci\u00f3n & Finanzas - Municipalidad de Laja","og_description":"Administraci\u00f3n &amp; Finanzas La Unidad de Administraci\u00f3n y Finanzas tiene como funci\u00f3n, asesorar al Alcalde en la administraci\u00f3n del personal de la Municipalidad, y en la administraci\u00f3n financiera de los bienes municipales, por lo cual sus competencias se extienden a:\u00a0 &#8211; Estudiar, calcular, proponer y regular la percepci\u00f3n de cualquier tipo de ingresos municipales. &#8211; [&hellip;]","og_url":"https:\/\/munilaja.cl\/w\/administracion-finanzas\/","og_site_name":"Municipalidad de Laja","article_modified_time":"2024-08-28T16:08:35+00:00","twitter_card":"summary_large_image","twitter_misc":{"Tiempo de lectura":"4 minutos"},"schema":{"@context":"https:\/\/schema.org","@graph":[{"@type":"WebPage","@id":"https:\/\/munilaja.cl\/w\/administracion-finanzas\/","url":"https:\/\/munilaja.cl\/w\/administracion-finanzas\/","name":"Administraci\u00f3n & Finanzas - Municipalidad de Laja","isPartOf":{"@id":"https:\/\/munilaja.cl\/w\/#website"},"datePublished":"2013-04-14T18:25:49+00:00","dateModified":"2024-08-28T16:08:35+00:00","breadcrumb":{"@id":"https:\/\/munilaja.cl\/w\/administracion-finanzas\/#breadcrumb"},"inLanguage":"es","potentialAction":[{"@type":"ReadAction","target":["https:\/\/munilaja.cl\/w\/administracion-finanzas\/"]}]},{"@type":"BreadcrumbList","@id":"https:\/\/munilaja.cl\/w\/administracion-finanzas\/#breadcrumb","itemListElement":[{"@type":"ListItem","position":1,"name":"Portada","item":"https:\/\/munilaja.cl\/w\/"},{"@type":"ListItem","position":2,"name":"Administraci\u00f3n &#038; Finanzas"}]},{"@type":"WebSite","@id":"https:\/\/munilaja.cl\/w\/#website","url":"https:\/\/munilaja.cl\/w\/","name":"Municipalidad de Laja","description":"Web Municipal","publisher":{"@id":"https:\/\/munilaja.cl\/w\/#organization"},"potentialAction":[{"@type":"SearchAction","target":{"@type":"EntryPoint","urlTemplate":"https:\/\/munilaja.cl\/w\/?s={search_term_string}"},"query-input":{"@type":"PropertyValueSpecification","valueRequired":true,"valueName":"search_term_string"}}],"inLanguage":"es"},{"@type":"Organization","@id":"https:\/\/munilaja.cl\/w\/#organization","name":"Municipalidad de Laja","url":"https:\/\/munilaja.cl\/w\/","logo":{"@type":"ImageObject","inLanguage":"es","@id":"https:\/\/munilaja.cl\/w\/#\/schema\/logo\/image\/","url":"https:\/\/munilaja.cl\/w\/wp-content\/uploads\/2024\/11\/ESCUDO-LAJA-LETRAS-BLANCAS-LOGO-WEB.png","contentUrl":"https:\/\/munilaja.cl\/w\/wp-content\/uploads\/2024\/11\/ESCUDO-LAJA-LETRAS-BLANCAS-LOGO-WEB.png","width":150,"height":150,"caption":"Municipalidad de Laja"},"image":{"@id":"https:\/\/munilaja.cl\/w\/#\/schema\/logo\/image\/"}}]}},"_links":{"self":[{"href":"https:\/\/munilaja.cl\/w\/wp-json\/wp\/v2\/pages\/9"}],"collection":[{"href":"https:\/\/munilaja.cl\/w\/wp-json\/wp\/v2\/pages"}],"about":[{"href":"https:\/\/munilaja.cl\/w\/wp-json\/wp\/v2\/types\/page"}],"author":[{"embeddable":true,"href":"https:\/\/munilaja.cl\/w\/wp-json\/wp\/v2\/users\/11"}],"replies":[{"embeddable":true,"href":"https:\/\/munilaja.cl\/w\/wp-json\/wp\/v2\/comments?post=9"}],"version-history":[{"count":5,"href":"https:\/\/munilaja.cl\/w\/wp-json\/wp\/v2\/pages\/9\/revisions"}],"predecessor-version":[{"id":71464,"href":"https:\/\/munilaja.cl\/w\/wp-json\/wp\/v2\/pages\/9\/revisions\/71464"}],"wp:attachment":[{"href":"https:\/\/munilaja.cl\/w\/wp-json\/wp\/v2\/media?parent=9"}],"curies":[{"name":"wp","href":"https:\/\/api.w.org\/{rel}","templated":true}]}}