{"id":73567,"date":"2025-11-26T12:53:26","date_gmt":"2025-11-26T16:53:26","guid":{"rendered":"https:\/\/munilaja.cl\/w\/?page_id=73567"},"modified":"2025-11-26T13:43:34","modified_gmt":"2025-11-26T17:43:34","slug":"reserva-de-horas-licencia-de-conducir","status":"publish","type":"page","link":"https:\/\/munilaja.cl\/w\/reserva-de-horas-licencia-de-conducir\/","title":{"rendered":"Reserva de Horas Licencia de Conducir"},"content":{"rendered":"\n<div style=\"max-width:900px; margin:auto; font-family:Arial, sans-serif; line-height:1.65;\">\n\n    <div style=\"background:#F2F8F2; padding:25px; border-left:6px solid #0B5E1F; border-radius:6px; margin-bottom:30px;\">\n        <h2 style=\"color:#0B5E1F; font-size:30px; margin:0 0 10px 0;\">\n            Requisitos para Obtener la Primera Licencia de Conducir Clase B\n        <\/h2>\n        <p style=\"margin:0; font-size:16px;\">\n            Inf\u00f3rmese sobre todos los requisitos necesarios para postular a la primera licencia de conducir.\n            Solo pueden postular personas residentes en <strong>Laja o San Rosendo<\/strong>.\n        <\/p>\n    <\/div>\n\n    <h3 style=\"margin-top:25px; color:#0B5E1F;\">Postulantes de 17 a\u00f1os<\/h3>\n    <ul>\n        <li>Autorizaci\u00f3n notarial de los padres o tutor legal.<\/li>\n        <li>Certificado de nacimiento.<\/li>\n        <li>C\u00e9dula de identidad vigente.<\/li>\n        <li>Curso aprobado en una escuela de conductores.<\/li>\n        <li>Certificado de residencia (Uni\u00f3n Comunal o Junta de Vecinos).<\/li>\n        <li>Certificado de estudios (m\u00ednimo 8\u00ba b\u00e1sico).<\/li>\n        <li>Solo se puede postular a la primera licencia clase B.<\/li>\n    <\/ul>\n\n    <h3 style=\"margin-top:25px; color:#0B5E1F;\">Postulantes de 18 a\u00f1os o m\u00e1s<\/h3>\n    <ul>\n        <li>C\u00e9dula de identidad vigente.<\/li>\n        <li>Certificado de residencia (Uni\u00f3n Comunal o Junta de Vecinos).<\/li>\n        <li>Certificado de estudios (m\u00ednimo 8\u00ba b\u00e1sico).<\/li>\n    <\/ul>\n\n    <h3 style=\"margin-top:25px; color:#0B5E1F;\">Ex\u00e1menes a Rendir en la Direcci\u00f3n de Tr\u00e1nsito<\/h3>\n    <ul>\n        <li>Examen m\u00e9dico.<\/li>\n        <li>Examen psicot\u00e9cnico.<\/li>\n        <li>Examen te\u00f3rico.<\/li>\n        <li>Examen pr\u00e1ctico de conducci\u00f3n.<\/li>\n    <\/ul>\n\n    <h3 style=\"margin-top:25px; color:#0B5E1F;\">Requisitos Importantes<\/h3>\n    <ul>\n        <li>No estar en el Registro Nacional de Deudores de Pensiones de Alimentos.<\/li>\n        <li>No estar en el Registro Nacional de Pr\u00f3fugos de la Justicia.<\/li>\n        <li>Presentarse puntualmente el d\u00eda y hora de la reserva.<\/li>\n    <\/ul>\n\n    <h3 style=\"margin-top:25px; color:#0B5E1F;\">Valor del Tr\u00e1mite<\/h3>\n    <p>El valor del tr\u00e1mite corresponde al <strong>60% de una UTM<\/strong>.<\/p>\n\n    <div style=\"background:#EEF6EE; padding:20px; margin-top:40px; border-radius:6px; text-align:center; border:1px solid #D6E6D6;\">\n        <h3 style=\"color:#0B5E1F; margin:0 0 15px 0; font-size:22px;\">\n            Para reservar su hora, haga clic en el siguiente bot\u00f3n:\n        <\/h3>\n\n        <a href=\"https:\/\/appl.smc.cl\/LC\/SolicitaHoras\/muni\/laja.aspx\" target=\"_blank\" rel=\"noopener\" style=\"display:inline-block;\">\n            <img decoding=\"async\" src=\"https:\/\/munilaja.cl\/w\/wp-content\/uploads\/2025\/11\/reserva-licencia-hora-de-conducir.jpg\" \n                 alt=\"Reserva Hora Licencia de Conducir\"\n                 style=\"width:100%; max-width:380px; height:auto; border-radius:8px; box-shadow:0 3px 8px rgba(0,0,0,0.15);\">\n        <\/a>\n    <\/div>\n\n<\/div>\n\n\n\n\n<p><\/p>\n","protected":false},"excerpt":{"rendered":"<p>Requisitos para Obtener la Primera Licencia de Conducir Clase B Inf\u00f3rmese sobre todos los requisitos necesarios para postular a la primera licencia de conducir. Solo pueden postular personas residentes en Laja o San Rosendo. Postulantes de 17 a\u00f1os Autorizaci\u00f3n notarial de los padres o tutor legal. Certificado de nacimiento. C\u00e9dula de identidad vigente. Curso aprobado [&hellip;]<\/p>\n","protected":false},"author":16,"featured_media":0,"parent":0,"menu_order":0,"comment_status":"closed","ping_status":"closed","template":"","meta":{"zakra_sidebar_layout":"customizer","zakra_remove_content_margin":false,"zakra_sidebar":"customizer","zakra_transparent_header":"customizer","zakra_logo":0,"zakra_main_header_style":"default","zakra_menu_item_color":"","zakra_menu_item_hover_color":"","zakra_menu_item_active_color":"","zakra_menu_active_style":"zakra_menu_active_style","zakra_page_header":true,"footnotes":""},"class_list":["post-73567","page","type-page","status-publish","hentry"],"yoast_head":"<!-- This site is optimized with the Yoast SEO plugin v24.0 - https:\/\/yoast.com\/wordpress\/plugins\/seo\/ -->\n<title>Reserva de Horas Licencia de Conducir - Municipalidad de Laja<\/title>\n<meta name=\"robots\" content=\"index, follow, max-snippet:-1, max-image-preview:large, max-video-preview:-1\" \/>\n<link rel=\"canonical\" href=\"https:\/\/munilaja.cl\/w\/reserva-de-horas-licencia-de-conducir\/\" \/>\n<meta property=\"og:locale\" content=\"es_ES\" \/>\n<meta property=\"og:type\" content=\"article\" \/>\n<meta property=\"og:title\" content=\"Reserva de Horas Licencia de Conducir - Municipalidad de Laja\" \/>\n<meta property=\"og:description\" content=\"Requisitos para Obtener la Primera Licencia de Conducir Clase B Inf\u00f3rmese sobre todos los requisitos necesarios para postular a la primera licencia de conducir. Solo pueden postular personas residentes en Laja o San Rosendo. Postulantes de 17 a\u00f1os Autorizaci\u00f3n notarial de los padres o tutor legal. Certificado de nacimiento. C\u00e9dula de identidad vigente. Curso aprobado [&hellip;]\" \/>\n<meta property=\"og:url\" content=\"https:\/\/munilaja.cl\/w\/reserva-de-horas-licencia-de-conducir\/\" \/>\n<meta property=\"og:site_name\" content=\"Municipalidad de Laja\" \/>\n<meta property=\"article:modified_time\" content=\"2025-11-26T17:43:34+00:00\" \/>\n<meta property=\"og:image\" content=\"https:\/\/munilaja.cl\/w\/wp-content\/uploads\/2025\/11\/reserva-licencia-hora-de-conducir.jpg\" \/>\n<meta name=\"twitter:card\" content=\"summary_large_image\" \/>\n<meta name=\"twitter:label1\" content=\"Tiempo de lectura\" \/>\n\t<meta name=\"twitter:data1\" content=\"2 minutos\" \/>\n<script type=\"application\/ld+json\" class=\"yoast-schema-graph\">{\"@context\":\"https:\/\/schema.org\",\"@graph\":[{\"@type\":\"WebPage\",\"@id\":\"https:\/\/munilaja.cl\/w\/reserva-de-horas-licencia-de-conducir\/\",\"url\":\"https:\/\/munilaja.cl\/w\/reserva-de-horas-licencia-de-conducir\/\",\"name\":\"Reserva de Horas Licencia de Conducir - Municipalidad de Laja\",\"isPartOf\":{\"@id\":\"https:\/\/munilaja.cl\/w\/#website\"},\"primaryImageOfPage\":{\"@id\":\"https:\/\/munilaja.cl\/w\/reserva-de-horas-licencia-de-conducir\/#primaryimage\"},\"image\":{\"@id\":\"https:\/\/munilaja.cl\/w\/reserva-de-horas-licencia-de-conducir\/#primaryimage\"},\"thumbnailUrl\":\"https:\/\/munilaja.cl\/w\/wp-content\/uploads\/2025\/11\/reserva-licencia-hora-de-conducir.jpg\",\"datePublished\":\"2025-11-26T16:53:26+00:00\",\"dateModified\":\"2025-11-26T17:43:34+00:00\",\"breadcrumb\":{\"@id\":\"https:\/\/munilaja.cl\/w\/reserva-de-horas-licencia-de-conducir\/#breadcrumb\"},\"inLanguage\":\"es\",\"potentialAction\":[{\"@type\":\"ReadAction\",\"target\":[\"https:\/\/munilaja.cl\/w\/reserva-de-horas-licencia-de-conducir\/\"]}]},{\"@type\":\"ImageObject\",\"inLanguage\":\"es\",\"@id\":\"https:\/\/munilaja.cl\/w\/reserva-de-horas-licencia-de-conducir\/#primaryimage\",\"url\":\"https:\/\/munilaja.cl\/w\/wp-content\/uploads\/2025\/11\/reserva-licencia-hora-de-conducir.jpg\",\"contentUrl\":\"https:\/\/munilaja.cl\/w\/wp-content\/uploads\/2025\/11\/reserva-licencia-hora-de-conducir.jpg\",\"width\":472,\"height\":79},{\"@type\":\"BreadcrumbList\",\"@id\":\"https:\/\/munilaja.cl\/w\/reserva-de-horas-licencia-de-conducir\/#breadcrumb\",\"itemListElement\":[{\"@type\":\"ListItem\",\"position\":1,\"name\":\"Portada\",\"item\":\"https:\/\/munilaja.cl\/w\/\"},{\"@type\":\"ListItem\",\"position\":2,\"name\":\"Reserva de Horas Licencia de Conducir\"}]},{\"@type\":\"WebSite\",\"@id\":\"https:\/\/munilaja.cl\/w\/#website\",\"url\":\"https:\/\/munilaja.cl\/w\/\",\"name\":\"Municipalidad de Laja\",\"description\":\"Web Municipal\",\"publisher\":{\"@id\":\"https:\/\/munilaja.cl\/w\/#organization\"},\"potentialAction\":[{\"@type\":\"SearchAction\",\"target\":{\"@type\":\"EntryPoint\",\"urlTemplate\":\"https:\/\/munilaja.cl\/w\/?s={search_term_string}\"},\"query-input\":{\"@type\":\"PropertyValueSpecification\",\"valueRequired\":true,\"valueName\":\"search_term_string\"}}],\"inLanguage\":\"es\"},{\"@type\":\"Organization\",\"@id\":\"https:\/\/munilaja.cl\/w\/#organization\",\"name\":\"Municipalidad de Laja\",\"url\":\"https:\/\/munilaja.cl\/w\/\",\"logo\":{\"@type\":\"ImageObject\",\"inLanguage\":\"es\",\"@id\":\"https:\/\/munilaja.cl\/w\/#\/schema\/logo\/image\/\",\"url\":\"https:\/\/munilaja.cl\/w\/wp-content\/uploads\/2024\/11\/ESCUDO-LAJA-LETRAS-BLANCAS-LOGO-WEB.png\",\"contentUrl\":\"https:\/\/munilaja.cl\/w\/wp-content\/uploads\/2024\/11\/ESCUDO-LAJA-LETRAS-BLANCAS-LOGO-WEB.png\",\"width\":150,\"height\":150,\"caption\":\"Municipalidad de Laja\"},\"image\":{\"@id\":\"https:\/\/munilaja.cl\/w\/#\/schema\/logo\/image\/\"}}]}<\/script>\n<!-- \/ Yoast SEO plugin. -->","yoast_head_json":{"title":"Reserva de Horas Licencia de Conducir - Municipalidad de Laja","robots":{"index":"index","follow":"follow","max-snippet":"max-snippet:-1","max-image-preview":"max-image-preview:large","max-video-preview":"max-video-preview:-1"},"canonical":"https:\/\/munilaja.cl\/w\/reserva-de-horas-licencia-de-conducir\/","og_locale":"es_ES","og_type":"article","og_title":"Reserva de Horas Licencia de Conducir - Municipalidad de Laja","og_description":"Requisitos para Obtener la Primera Licencia de Conducir Clase B Inf\u00f3rmese sobre todos los requisitos necesarios para postular a la primera licencia de conducir. Solo pueden postular personas residentes en Laja o San Rosendo. Postulantes de 17 a\u00f1os Autorizaci\u00f3n notarial de los padres o tutor legal. Certificado de nacimiento. C\u00e9dula de identidad vigente. Curso aprobado [&hellip;]","og_url":"https:\/\/munilaja.cl\/w\/reserva-de-horas-licencia-de-conducir\/","og_site_name":"Municipalidad de Laja","article_modified_time":"2025-11-26T17:43:34+00:00","og_image":[{"url":"https:\/\/munilaja.cl\/w\/wp-content\/uploads\/2025\/11\/reserva-licencia-hora-de-conducir.jpg","type":"","width":"","height":""}],"twitter_card":"summary_large_image","twitter_misc":{"Tiempo de lectura":"2 minutos"},"schema":{"@context":"https:\/\/schema.org","@graph":[{"@type":"WebPage","@id":"https:\/\/munilaja.cl\/w\/reserva-de-horas-licencia-de-conducir\/","url":"https:\/\/munilaja.cl\/w\/reserva-de-horas-licencia-de-conducir\/","name":"Reserva de Horas Licencia de Conducir - Municipalidad de Laja","isPartOf":{"@id":"https:\/\/munilaja.cl\/w\/#website"},"primaryImageOfPage":{"@id":"https:\/\/munilaja.cl\/w\/reserva-de-horas-licencia-de-conducir\/#primaryimage"},"image":{"@id":"https:\/\/munilaja.cl\/w\/reserva-de-horas-licencia-de-conducir\/#primaryimage"},"thumbnailUrl":"https:\/\/munilaja.cl\/w\/wp-content\/uploads\/2025\/11\/reserva-licencia-hora-de-conducir.jpg","datePublished":"2025-11-26T16:53:26+00:00","dateModified":"2025-11-26T17:43:34+00:00","breadcrumb":{"@id":"https:\/\/munilaja.cl\/w\/reserva-de-horas-licencia-de-conducir\/#breadcrumb"},"inLanguage":"es","potentialAction":[{"@type":"ReadAction","target":["https:\/\/munilaja.cl\/w\/reserva-de-horas-licencia-de-conducir\/"]}]},{"@type":"ImageObject","inLanguage":"es","@id":"https:\/\/munilaja.cl\/w\/reserva-de-horas-licencia-de-conducir\/#primaryimage","url":"https:\/\/munilaja.cl\/w\/wp-content\/uploads\/2025\/11\/reserva-licencia-hora-de-conducir.jpg","contentUrl":"https:\/\/munilaja.cl\/w\/wp-content\/uploads\/2025\/11\/reserva-licencia-hora-de-conducir.jpg","width":472,"height":79},{"@type":"BreadcrumbList","@id":"https:\/\/munilaja.cl\/w\/reserva-de-horas-licencia-de-conducir\/#breadcrumb","itemListElement":[{"@type":"ListItem","position":1,"name":"Portada","item":"https:\/\/munilaja.cl\/w\/"},{"@type":"ListItem","position":2,"name":"Reserva de Horas Licencia de Conducir"}]},{"@type":"WebSite","@id":"https:\/\/munilaja.cl\/w\/#website","url":"https:\/\/munilaja.cl\/w\/","name":"Municipalidad de Laja","description":"Web Municipal","publisher":{"@id":"https:\/\/munilaja.cl\/w\/#organization"},"potentialAction":[{"@type":"SearchAction","target":{"@type":"EntryPoint","urlTemplate":"https:\/\/munilaja.cl\/w\/?s={search_term_string}"},"query-input":{"@type":"PropertyValueSpecification","valueRequired":true,"valueName":"search_term_string"}}],"inLanguage":"es"},{"@type":"Organization","@id":"https:\/\/munilaja.cl\/w\/#organization","name":"Municipalidad de Laja","url":"https:\/\/munilaja.cl\/w\/","logo":{"@type":"ImageObject","inLanguage":"es","@id":"https:\/\/munilaja.cl\/w\/#\/schema\/logo\/image\/","url":"https:\/\/munilaja.cl\/w\/wp-content\/uploads\/2024\/11\/ESCUDO-LAJA-LETRAS-BLANCAS-LOGO-WEB.png","contentUrl":"https:\/\/munilaja.cl\/w\/wp-content\/uploads\/2024\/11\/ESCUDO-LAJA-LETRAS-BLANCAS-LOGO-WEB.png","width":150,"height":150,"caption":"Municipalidad de Laja"},"image":{"@id":"https:\/\/munilaja.cl\/w\/#\/schema\/logo\/image\/"}}]}},"_links":{"self":[{"href":"https:\/\/munilaja.cl\/w\/wp-json\/wp\/v2\/pages\/73567"}],"collection":[{"href":"https:\/\/munilaja.cl\/w\/wp-json\/wp\/v2\/pages"}],"about":[{"href":"https:\/\/munilaja.cl\/w\/wp-json\/wp\/v2\/types\/page"}],"author":[{"embeddable":true,"href":"https:\/\/munilaja.cl\/w\/wp-json\/wp\/v2\/users\/16"}],"replies":[{"embeddable":true,"href":"https:\/\/munilaja.cl\/w\/wp-json\/wp\/v2\/comments?post=73567"}],"version-history":[{"count":8,"href":"https:\/\/munilaja.cl\/w\/wp-json\/wp\/v2\/pages\/73567\/revisions"}],"predecessor-version":[{"id":73577,"href":"https:\/\/munilaja.cl\/w\/wp-json\/wp\/v2\/pages\/73567\/revisions\/73577"}],"wp:attachment":[{"href":"https:\/\/munilaja.cl\/w\/wp-json\/wp\/v2\/media?parent=73567"}],"curies":[{"name":"wp","href":"https:\/\/api.w.org\/{rel}","templated":true}]}}