{"id":68262,"date":"2023-11-28T15:43:43","date_gmt":"2023-11-28T19:43:43","guid":{"rendered":"https:\/\/munilaja.cl\/w\/?page_id=68262"},"modified":"2023-11-28T15:43:44","modified_gmt":"2023-11-28T19:43:44","slug":"programa-4-a-7","status":"publish","type":"page","link":"https:\/\/munilaja.cl\/w\/programa-4-a-7\/","title":{"rendered":"PROGRAMA 4 A 7"},"content":{"rendered":"\n<p>El Programa 4 a 7 busca fortalecer la autonom\u00eda econ\u00f3mica de las mujeres, contribuyendo a disminuir una barrera estructural que limita su incorporaci\u00f3n y permanencia en el mercado laboral, es por ello, que el Programa proporciona a las mujeres responsables de ni\u00f1os y ni\u00f1as de 6 a 13 a\u00f1os, acceso al servicio de cuidado, mediante dos l\u00edneas de acci\u00f3n:<\/p>\n\n\n\n<p><strong>Apoyos transversales para la autonom\u00eda econ\u00f3mica de las mujeres participantes<\/strong>, es decir, fortalecer el trabajo dependiente e independiente por medio de charlas, asesor\u00edas, talleres y otras acciones pertinentes al perfil laboral.<\/p>\n\n\n\n<p><strong>Cuidado infantil integral<\/strong> para los ni\u00f1os y ni\u00f1as de entre 6 y 13 a\u00f1os, posterior a la jornada escolar, generando en estos espacios actividades socioeducativas por medio de talleres recreativos, organizaci\u00f3n escolar y de promoci\u00f3n de derechos.<\/p>\n\n\n\n<p><strong><u>BENEFICIARIOS:<\/u><\/strong><\/p>\n\n\n\n<p>1.- Mujeres responsables de ni\u00f1os y ni\u00f1as de 6 a 13 a\u00f1os.<\/p>\n\n\n\n<p>2.- Ni\u00f1os y ni\u00f1as entre 6 y 13 a\u00f1os<\/p>\n\n\n\n<p><strong><u>ENCARGADOS:<\/u><\/strong><\/p>\n\n\n\n<p>1.- Encargada Programa: Jeovanna Torres Jara<\/p>\n\n\n\n<p>&nbsp;&nbsp;&nbsp;&nbsp;&nbsp;&nbsp;&nbsp;&nbsp;&nbsp;&nbsp;&nbsp;&nbsp;&nbsp;&nbsp;&nbsp;&nbsp;&nbsp;&nbsp;&nbsp;&nbsp;&nbsp;&nbsp;&nbsp;&nbsp;&nbsp;&nbsp;&nbsp;&nbsp;&nbsp;&nbsp;&nbsp;&nbsp;&nbsp;&nbsp;&nbsp;&nbsp;&nbsp;&nbsp;&nbsp; Asistente Social<\/p>\n\n\n\n<p>2.- Coordinadora Programa: Yocelyn Guti\u00e9rrez Silva<\/p>\n\n\n\n<p>&nbsp;&nbsp;&nbsp;&nbsp;&nbsp;&nbsp;&nbsp;&nbsp;&nbsp;&nbsp;&nbsp;&nbsp;&nbsp;&nbsp;&nbsp;&nbsp;&nbsp;&nbsp;&nbsp;&nbsp;&nbsp;&nbsp;&nbsp;&nbsp;&nbsp;&nbsp;&nbsp;&nbsp;&nbsp;&nbsp;&nbsp;&nbsp;&nbsp;&nbsp;&nbsp;&nbsp;&nbsp;&nbsp;&nbsp; &nbsp;&nbsp;&nbsp; T\u00e9cnico Trabajo Social<\/p>\n\n\n\n<p>3.- Monitores: Javiera Osses Valdebenito; Valesca L\u00f3pez Sanhueza; Mariela Inostroza Montoya<\/p>\n\n\n\n<p><strong><u>HORARIO ATENCI\u00d3N:<\/u><\/strong><\/p>\n\n\n\n<p>Lunes a Viernes 14:30 a 19:00 hrs.<\/p>\n\n\n\n<p><strong><u>UBICACI\u00d3N<\/u><\/strong><\/p>\n\n\n\n<p>Oficina Coordinadora: Edificio Centro C\u00edvico<\/p>\n\n\n\n<p>&nbsp;&nbsp;&nbsp;&nbsp;&nbsp;&nbsp;&nbsp;&nbsp;&nbsp;&nbsp;&nbsp;&nbsp;&nbsp;&nbsp;&nbsp;&nbsp;&nbsp;&nbsp;&nbsp;&nbsp;&nbsp;&nbsp;&nbsp;&nbsp;&nbsp;&nbsp;&nbsp;&nbsp;&nbsp;&nbsp;&nbsp;&nbsp;&nbsp;&nbsp;&nbsp; Balmaceda N\u00ba 272<\/p>\n\n\n\n<p>Atenci\u00f3n de Ni\u00f1os: Escuela Jos\u00e9 Abelardo N\u00fa\u00f1ez<\/p>\n\n\n\n<p>\u00a0\u00a0\u00a0\u00a0\u00a0\u00a0\u00a0\u00a0\u00a0\u00a0\u00a0\u00a0\u00a0\u00a0\u00a0\u00a0\u00a0\u00a0\u00a0 \u00a0\u00a0\u00a0\u00a0\u00a0\u00a0\u00a0\u00a0\u00a0 Balmaceda N\u00ba 320  <\/p>\n","protected":false},"excerpt":{"rendered":"<p>El Programa 4 a 7 busca fortalecer la autonom\u00eda econ\u00f3mica de las mujeres, contribuyendo a disminuir una barrera estructural que limita su incorporaci\u00f3n y permanencia en el mercado laboral, es por ello, que el Programa proporciona a las mujeres responsables de ni\u00f1os y ni\u00f1as de 6 a 13 a\u00f1os, acceso al servicio de cuidado, mediante [&hellip;]<\/p>\n","protected":false},"author":11,"featured_media":0,"parent":0,"menu_order":0,"comment_status":"closed","ping_status":"closed","template":"","meta":{"zakra_sidebar_layout":"customizer","zakra_remove_content_margin":false,"zakra_sidebar":"customizer","zakra_transparent_header":"customizer","zakra_logo":0,"zakra_main_header_style":"default","zakra_menu_item_color":"","zakra_menu_item_hover_color":"","zakra_menu_item_active_color":"","zakra_menu_active_style":"zakra_menu_active_style","zakra_page_header":true,"footnotes":""},"class_list":["post-68262","page","type-page","status-publish","hentry"],"yoast_head":"<!-- This site is optimized with the Yoast SEO plugin v24.0 - https:\/\/yoast.com\/wordpress\/plugins\/seo\/ -->\n<title>PROGRAMA 4 A 7 - Municipalidad de Laja<\/title>\n<meta name=\"robots\" content=\"index, follow, max-snippet:-1, max-image-preview:large, max-video-preview:-1\" \/>\n<link rel=\"canonical\" href=\"https:\/\/munilaja.cl\/w\/programa-4-a-7\/\" \/>\n<meta property=\"og:locale\" content=\"es_ES\" \/>\n<meta property=\"og:type\" content=\"article\" \/>\n<meta property=\"og:title\" content=\"PROGRAMA 4 A 7 - Municipalidad de Laja\" \/>\n<meta property=\"og:description\" content=\"El Programa 4 a 7 busca fortalecer la autonom\u00eda econ\u00f3mica de las mujeres, contribuyendo a disminuir una barrera estructural que limita su incorporaci\u00f3n y permanencia en el mercado laboral, es por ello, que el Programa proporciona a las mujeres responsables de ni\u00f1os y ni\u00f1as de 6 a 13 a\u00f1os, acceso al servicio de cuidado, mediante [&hellip;]\" \/>\n<meta property=\"og:url\" content=\"https:\/\/munilaja.cl\/w\/programa-4-a-7\/\" \/>\n<meta property=\"og:site_name\" content=\"Municipalidad de Laja\" \/>\n<meta property=\"article:modified_time\" content=\"2023-11-28T19:43:44+00:00\" \/>\n<meta name=\"twitter:card\" content=\"summary_large_image\" \/>\n<meta name=\"twitter:label1\" content=\"Tiempo de lectura\" \/>\n\t<meta name=\"twitter:data1\" content=\"1 minuto\" \/>\n<script type=\"application\/ld+json\" class=\"yoast-schema-graph\">{\"@context\":\"https:\/\/schema.org\",\"@graph\":[{\"@type\":\"WebPage\",\"@id\":\"https:\/\/munilaja.cl\/w\/programa-4-a-7\/\",\"url\":\"https:\/\/munilaja.cl\/w\/programa-4-a-7\/\",\"name\":\"PROGRAMA 4 A 7 - Municipalidad de Laja\",\"isPartOf\":{\"@id\":\"https:\/\/munilaja.cl\/w\/#website\"},\"datePublished\":\"2023-11-28T19:43:43+00:00\",\"dateModified\":\"2023-11-28T19:43:44+00:00\",\"breadcrumb\":{\"@id\":\"https:\/\/munilaja.cl\/w\/programa-4-a-7\/#breadcrumb\"},\"inLanguage\":\"es\",\"potentialAction\":[{\"@type\":\"ReadAction\",\"target\":[\"https:\/\/munilaja.cl\/w\/programa-4-a-7\/\"]}]},{\"@type\":\"BreadcrumbList\",\"@id\":\"https:\/\/munilaja.cl\/w\/programa-4-a-7\/#breadcrumb\",\"itemListElement\":[{\"@type\":\"ListItem\",\"position\":1,\"name\":\"Portada\",\"item\":\"https:\/\/munilaja.cl\/w\/\"},{\"@type\":\"ListItem\",\"position\":2,\"name\":\"PROGRAMA 4 A 7\"}]},{\"@type\":\"WebSite\",\"@id\":\"https:\/\/munilaja.cl\/w\/#website\",\"url\":\"https:\/\/munilaja.cl\/w\/\",\"name\":\"Municipalidad de Laja\",\"description\":\"Web Municipal\",\"publisher\":{\"@id\":\"https:\/\/munilaja.cl\/w\/#organization\"},\"potentialAction\":[{\"@type\":\"SearchAction\",\"target\":{\"@type\":\"EntryPoint\",\"urlTemplate\":\"https:\/\/munilaja.cl\/w\/?s={search_term_string}\"},\"query-input\":{\"@type\":\"PropertyValueSpecification\",\"valueRequired\":true,\"valueName\":\"search_term_string\"}}],\"inLanguage\":\"es\"},{\"@type\":\"Organization\",\"@id\":\"https:\/\/munilaja.cl\/w\/#organization\",\"name\":\"Municipalidad de Laja\",\"url\":\"https:\/\/munilaja.cl\/w\/\",\"logo\":{\"@type\":\"ImageObject\",\"inLanguage\":\"es\",\"@id\":\"https:\/\/munilaja.cl\/w\/#\/schema\/logo\/image\/\",\"url\":\"https:\/\/munilaja.cl\/w\/wp-content\/uploads\/2024\/11\/ESCUDO-LAJA-LETRAS-BLANCAS-LOGO-WEB.png\",\"contentUrl\":\"https:\/\/munilaja.cl\/w\/wp-content\/uploads\/2024\/11\/ESCUDO-LAJA-LETRAS-BLANCAS-LOGO-WEB.png\",\"width\":150,\"height\":150,\"caption\":\"Municipalidad de Laja\"},\"image\":{\"@id\":\"https:\/\/munilaja.cl\/w\/#\/schema\/logo\/image\/\"}}]}<\/script>\n<!-- \/ Yoast SEO plugin. -->","yoast_head_json":{"title":"PROGRAMA 4 A 7 - Municipalidad de Laja","robots":{"index":"index","follow":"follow","max-snippet":"max-snippet:-1","max-image-preview":"max-image-preview:large","max-video-preview":"max-video-preview:-1"},"canonical":"https:\/\/munilaja.cl\/w\/programa-4-a-7\/","og_locale":"es_ES","og_type":"article","og_title":"PROGRAMA 4 A 7 - Municipalidad de Laja","og_description":"El Programa 4 a 7 busca fortalecer la autonom\u00eda econ\u00f3mica de las mujeres, contribuyendo a disminuir una barrera estructural que limita su incorporaci\u00f3n y permanencia en el mercado laboral, es por ello, que el Programa proporciona a las mujeres responsables de ni\u00f1os y ni\u00f1as de 6 a 13 a\u00f1os, acceso al servicio de cuidado, mediante [&hellip;]","og_url":"https:\/\/munilaja.cl\/w\/programa-4-a-7\/","og_site_name":"Municipalidad de Laja","article_modified_time":"2023-11-28T19:43:44+00:00","twitter_card":"summary_large_image","twitter_misc":{"Tiempo de lectura":"1 minuto"},"schema":{"@context":"https:\/\/schema.org","@graph":[{"@type":"WebPage","@id":"https:\/\/munilaja.cl\/w\/programa-4-a-7\/","url":"https:\/\/munilaja.cl\/w\/programa-4-a-7\/","name":"PROGRAMA 4 A 7 - Municipalidad de Laja","isPartOf":{"@id":"https:\/\/munilaja.cl\/w\/#website"},"datePublished":"2023-11-28T19:43:43+00:00","dateModified":"2023-11-28T19:43:44+00:00","breadcrumb":{"@id":"https:\/\/munilaja.cl\/w\/programa-4-a-7\/#breadcrumb"},"inLanguage":"es","potentialAction":[{"@type":"ReadAction","target":["https:\/\/munilaja.cl\/w\/programa-4-a-7\/"]}]},{"@type":"BreadcrumbList","@id":"https:\/\/munilaja.cl\/w\/programa-4-a-7\/#breadcrumb","itemListElement":[{"@type":"ListItem","position":1,"name":"Portada","item":"https:\/\/munilaja.cl\/w\/"},{"@type":"ListItem","position":2,"name":"PROGRAMA 4 A 7"}]},{"@type":"WebSite","@id":"https:\/\/munilaja.cl\/w\/#website","url":"https:\/\/munilaja.cl\/w\/","name":"Municipalidad de Laja","description":"Web Municipal","publisher":{"@id":"https:\/\/munilaja.cl\/w\/#organization"},"potentialAction":[{"@type":"SearchAction","target":{"@type":"EntryPoint","urlTemplate":"https:\/\/munilaja.cl\/w\/?s={search_term_string}"},"query-input":{"@type":"PropertyValueSpecification","valueRequired":true,"valueName":"search_term_string"}}],"inLanguage":"es"},{"@type":"Organization","@id":"https:\/\/munilaja.cl\/w\/#organization","name":"Municipalidad de Laja","url":"https:\/\/munilaja.cl\/w\/","logo":{"@type":"ImageObject","inLanguage":"es","@id":"https:\/\/munilaja.cl\/w\/#\/schema\/logo\/image\/","url":"https:\/\/munilaja.cl\/w\/wp-content\/uploads\/2024\/11\/ESCUDO-LAJA-LETRAS-BLANCAS-LOGO-WEB.png","contentUrl":"https:\/\/munilaja.cl\/w\/wp-content\/uploads\/2024\/11\/ESCUDO-LAJA-LETRAS-BLANCAS-LOGO-WEB.png","width":150,"height":150,"caption":"Municipalidad de Laja"},"image":{"@id":"https:\/\/munilaja.cl\/w\/#\/schema\/logo\/image\/"}}]}},"_links":{"self":[{"href":"https:\/\/munilaja.cl\/w\/wp-json\/wp\/v2\/pages\/68262"}],"collection":[{"href":"https:\/\/munilaja.cl\/w\/wp-json\/wp\/v2\/pages"}],"about":[{"href":"https:\/\/munilaja.cl\/w\/wp-json\/wp\/v2\/types\/page"}],"author":[{"embeddable":true,"href":"https:\/\/munilaja.cl\/w\/wp-json\/wp\/v2\/users\/11"}],"replies":[{"embeddable":true,"href":"https:\/\/munilaja.cl\/w\/wp-json\/wp\/v2\/comments?post=68262"}],"version-history":[{"count":1,"href":"https:\/\/munilaja.cl\/w\/wp-json\/wp\/v2\/pages\/68262\/revisions"}],"predecessor-version":[{"id":68263,"href":"https:\/\/munilaja.cl\/w\/wp-json\/wp\/v2\/pages\/68262\/revisions\/68263"}],"wp:attachment":[{"href":"https:\/\/munilaja.cl\/w\/wp-json\/wp\/v2\/media?parent=68262"}],"curies":[{"name":"wp","href":"https:\/\/api.w.org\/{rel}","templated":true}]}}