{"id":68257,"date":"2023-11-28T15:41:59","date_gmt":"2023-11-28T19:41:59","guid":{"rendered":"https:\/\/munilaja.cl\/w\/?page_id=68257"},"modified":"2023-11-28T15:41:59","modified_gmt":"2023-11-28T19:41:59","slug":"programa-jefas-de-hogar","status":"publish","type":"page","link":"https:\/\/munilaja.cl\/w\/programa-jefas-de-hogar\/","title":{"rendered":"PROGRAMA JEFAS DE HOGAR"},"content":{"rendered":"\n<p>Promueve y fortalece la inserci\u00f3n, permanencia y desarrollo laboral de mujeres trabajadoras con responsabilidades familiares, y que tienen un rol protag\u00f3nico en el sustento econ\u00f3mico de su hogar, fomentando su autonom\u00eda econ\u00f3mica y promoviendo la superaci\u00f3n de las barreras que puedan enfrentar al momento de encontrar trabajo.<\/p>\n\n\n\n<p><strong><u>Componentes que entrega el Programa:<\/u><\/strong><\/p>\n\n\n\n<ul class=\"wp-block-list\"><li>Talleres de Formaci\u00f3n Laboral, tanto Dependiente como Independiente.<\/li><li>Acceso a Redes de Apoyo para la empleabilidad.<\/li><li>Capacitaci\u00f3n en Oficios.<\/li><li>Nivelaci\u00f3n de estudios b\u00e1sicos y medios.<\/li><li>Alfabetizaci\u00f3n digital.<\/li><li>Trabajo intersectorial con apoyo para mejorar condiciones de empleabilidad.<\/li><\/ul>\n\n\n\n<p><strong><u>Requisitos de Postulaci\u00f3n:<\/u><\/strong><\/p>\n\n\n\n<ul class=\"wp-block-list\"><li>Ser Jefa de Hogar.<\/li><li>Estar trabajando de manera Dependiente o Independiente.<\/li><li>Tener entre 18 y 65 a\u00f1os de edad.<\/li><li>Tener Tramo hasta el 60% en el Registro Social de Hogares y Residencia en la comuna.<\/li><li>No haber sido participante del programa en los \u00faltimos 3 a\u00f1os.<\/li><\/ul>\n\n\n\n<p><strong><u>Funcionarios Encargados de la Ejecuci\u00f3n:<\/u><\/strong><\/p>\n\n\n\n<p>Johana Rivera Parra &#8211; Encargada L\u00ednea Independiente PMJH<\/p>\n\n\n\n<p>Andrea Contreras Becerra &#8211; Encargada L\u00ednea Dependiente PMJH<\/p>\n\n\n\n<p><strong>Direcci\u00f3n:<\/strong> Balmaceda 272 (2\u00b0 Piso del Centro C\u00edvico)<\/p>\n\n\n\n<p><strong>Tel\u00e9fono:<\/strong> 432524678<\/p>\n\n\n\n<p><strong>Correo Electr\u00f3nico:<\/strong> <a href=\"mailto:jefasdehogar@munilaja.cl\">jefasdehogar@munilaja.cl<\/a><\/p>\n\n\n\n<p><strong>Horario de atenci\u00f3n:<\/strong> lunes a viernes de 08:30 a 13:30 hrs. <\/p>\n","protected":false},"excerpt":{"rendered":"<p>Promueve y fortalece la inserci\u00f3n, permanencia y desarrollo laboral de mujeres trabajadoras con responsabilidades familiares, y que tienen un rol protag\u00f3nico en el sustento econ\u00f3mico de su hogar, fomentando su autonom\u00eda econ\u00f3mica y promoviendo la superaci\u00f3n de las barreras que puedan enfrentar al momento de encontrar trabajo. Componentes que entrega el Programa: Talleres de Formaci\u00f3n [&hellip;]<\/p>\n","protected":false},"author":11,"featured_media":0,"parent":0,"menu_order":0,"comment_status":"closed","ping_status":"closed","template":"","meta":{"zakra_sidebar_layout":"customizer","zakra_remove_content_margin":false,"zakra_sidebar":"customizer","zakra_transparent_header":"customizer","zakra_logo":0,"zakra_main_header_style":"default","zakra_menu_item_color":"","zakra_menu_item_hover_color":"","zakra_menu_item_active_color":"","zakra_menu_active_style":"zakra_menu_active_style","zakra_page_header":true,"footnotes":""},"class_list":["post-68257","page","type-page","status-publish","hentry"],"yoast_head":"<!-- This site is optimized with the Yoast SEO plugin v24.0 - https:\/\/yoast.com\/wordpress\/plugins\/seo\/ -->\n<title>PROGRAMA JEFAS DE HOGAR - Municipalidad de Laja<\/title>\n<meta name=\"robots\" content=\"index, follow, max-snippet:-1, max-image-preview:large, max-video-preview:-1\" \/>\n<link rel=\"canonical\" href=\"https:\/\/munilaja.cl\/w\/programa-jefas-de-hogar\/\" \/>\n<meta property=\"og:locale\" content=\"es_ES\" \/>\n<meta property=\"og:type\" content=\"article\" \/>\n<meta property=\"og:title\" content=\"PROGRAMA JEFAS DE HOGAR - Municipalidad de Laja\" \/>\n<meta property=\"og:description\" content=\"Promueve y fortalece la inserci\u00f3n, permanencia y desarrollo laboral de mujeres trabajadoras con responsabilidades familiares, y que tienen un rol protag\u00f3nico en el sustento econ\u00f3mico de su hogar, fomentando su autonom\u00eda econ\u00f3mica y promoviendo la superaci\u00f3n de las barreras que puedan enfrentar al momento de encontrar trabajo. Componentes que entrega el Programa: Talleres de Formaci\u00f3n [&hellip;]\" \/>\n<meta property=\"og:url\" content=\"https:\/\/munilaja.cl\/w\/programa-jefas-de-hogar\/\" \/>\n<meta property=\"og:site_name\" content=\"Municipalidad de Laja\" \/>\n<meta name=\"twitter:card\" content=\"summary_large_image\" \/>\n<meta name=\"twitter:label1\" content=\"Tiempo de lectura\" \/>\n\t<meta name=\"twitter:data1\" content=\"1 minuto\" \/>\n<script type=\"application\/ld+json\" class=\"yoast-schema-graph\">{\"@context\":\"https:\/\/schema.org\",\"@graph\":[{\"@type\":\"WebPage\",\"@id\":\"https:\/\/munilaja.cl\/w\/programa-jefas-de-hogar\/\",\"url\":\"https:\/\/munilaja.cl\/w\/programa-jefas-de-hogar\/\",\"name\":\"PROGRAMA JEFAS DE HOGAR - Municipalidad de Laja\",\"isPartOf\":{\"@id\":\"https:\/\/munilaja.cl\/w\/#website\"},\"datePublished\":\"2023-11-28T19:41:59+00:00\",\"dateModified\":\"2023-11-28T19:41:59+00:00\",\"breadcrumb\":{\"@id\":\"https:\/\/munilaja.cl\/w\/programa-jefas-de-hogar\/#breadcrumb\"},\"inLanguage\":\"es\",\"potentialAction\":[{\"@type\":\"ReadAction\",\"target\":[\"https:\/\/munilaja.cl\/w\/programa-jefas-de-hogar\/\"]}]},{\"@type\":\"BreadcrumbList\",\"@id\":\"https:\/\/munilaja.cl\/w\/programa-jefas-de-hogar\/#breadcrumb\",\"itemListElement\":[{\"@type\":\"ListItem\",\"position\":1,\"name\":\"Portada\",\"item\":\"https:\/\/munilaja.cl\/w\/\"},{\"@type\":\"ListItem\",\"position\":2,\"name\":\"PROGRAMA JEFAS DE HOGAR\"}]},{\"@type\":\"WebSite\",\"@id\":\"https:\/\/munilaja.cl\/w\/#website\",\"url\":\"https:\/\/munilaja.cl\/w\/\",\"name\":\"Municipalidad de Laja\",\"description\":\"Web Municipal\",\"publisher\":{\"@id\":\"https:\/\/munilaja.cl\/w\/#organization\"},\"potentialAction\":[{\"@type\":\"SearchAction\",\"target\":{\"@type\":\"EntryPoint\",\"urlTemplate\":\"https:\/\/munilaja.cl\/w\/?s={search_term_string}\"},\"query-input\":{\"@type\":\"PropertyValueSpecification\",\"valueRequired\":true,\"valueName\":\"search_term_string\"}}],\"inLanguage\":\"es\"},{\"@type\":\"Organization\",\"@id\":\"https:\/\/munilaja.cl\/w\/#organization\",\"name\":\"Municipalidad de Laja\",\"url\":\"https:\/\/munilaja.cl\/w\/\",\"logo\":{\"@type\":\"ImageObject\",\"inLanguage\":\"es\",\"@id\":\"https:\/\/munilaja.cl\/w\/#\/schema\/logo\/image\/\",\"url\":\"https:\/\/munilaja.cl\/w\/wp-content\/uploads\/2024\/11\/ESCUDO-LAJA-LETRAS-BLANCAS-LOGO-WEB.png\",\"contentUrl\":\"https:\/\/munilaja.cl\/w\/wp-content\/uploads\/2024\/11\/ESCUDO-LAJA-LETRAS-BLANCAS-LOGO-WEB.png\",\"width\":150,\"height\":150,\"caption\":\"Municipalidad de Laja\"},\"image\":{\"@id\":\"https:\/\/munilaja.cl\/w\/#\/schema\/logo\/image\/\"}}]}<\/script>\n<!-- \/ Yoast SEO plugin. -->","yoast_head_json":{"title":"PROGRAMA JEFAS DE HOGAR - Municipalidad de Laja","robots":{"index":"index","follow":"follow","max-snippet":"max-snippet:-1","max-image-preview":"max-image-preview:large","max-video-preview":"max-video-preview:-1"},"canonical":"https:\/\/munilaja.cl\/w\/programa-jefas-de-hogar\/","og_locale":"es_ES","og_type":"article","og_title":"PROGRAMA JEFAS DE HOGAR - Municipalidad de Laja","og_description":"Promueve y fortalece la inserci\u00f3n, permanencia y desarrollo laboral de mujeres trabajadoras con responsabilidades familiares, y que tienen un rol protag\u00f3nico en el sustento econ\u00f3mico de su hogar, fomentando su autonom\u00eda econ\u00f3mica y promoviendo la superaci\u00f3n de las barreras que puedan enfrentar al momento de encontrar trabajo. Componentes que entrega el Programa: Talleres de Formaci\u00f3n [&hellip;]","og_url":"https:\/\/munilaja.cl\/w\/programa-jefas-de-hogar\/","og_site_name":"Municipalidad de Laja","twitter_card":"summary_large_image","twitter_misc":{"Tiempo de lectura":"1 minuto"},"schema":{"@context":"https:\/\/schema.org","@graph":[{"@type":"WebPage","@id":"https:\/\/munilaja.cl\/w\/programa-jefas-de-hogar\/","url":"https:\/\/munilaja.cl\/w\/programa-jefas-de-hogar\/","name":"PROGRAMA JEFAS DE HOGAR - Municipalidad de Laja","isPartOf":{"@id":"https:\/\/munilaja.cl\/w\/#website"},"datePublished":"2023-11-28T19:41:59+00:00","dateModified":"2023-11-28T19:41:59+00:00","breadcrumb":{"@id":"https:\/\/munilaja.cl\/w\/programa-jefas-de-hogar\/#breadcrumb"},"inLanguage":"es","potentialAction":[{"@type":"ReadAction","target":["https:\/\/munilaja.cl\/w\/programa-jefas-de-hogar\/"]}]},{"@type":"BreadcrumbList","@id":"https:\/\/munilaja.cl\/w\/programa-jefas-de-hogar\/#breadcrumb","itemListElement":[{"@type":"ListItem","position":1,"name":"Portada","item":"https:\/\/munilaja.cl\/w\/"},{"@type":"ListItem","position":2,"name":"PROGRAMA JEFAS DE HOGAR"}]},{"@type":"WebSite","@id":"https:\/\/munilaja.cl\/w\/#website","url":"https:\/\/munilaja.cl\/w\/","name":"Municipalidad de Laja","description":"Web Municipal","publisher":{"@id":"https:\/\/munilaja.cl\/w\/#organization"},"potentialAction":[{"@type":"SearchAction","target":{"@type":"EntryPoint","urlTemplate":"https:\/\/munilaja.cl\/w\/?s={search_term_string}"},"query-input":{"@type":"PropertyValueSpecification","valueRequired":true,"valueName":"search_term_string"}}],"inLanguage":"es"},{"@type":"Organization","@id":"https:\/\/munilaja.cl\/w\/#organization","name":"Municipalidad de Laja","url":"https:\/\/munilaja.cl\/w\/","logo":{"@type":"ImageObject","inLanguage":"es","@id":"https:\/\/munilaja.cl\/w\/#\/schema\/logo\/image\/","url":"https:\/\/munilaja.cl\/w\/wp-content\/uploads\/2024\/11\/ESCUDO-LAJA-LETRAS-BLANCAS-LOGO-WEB.png","contentUrl":"https:\/\/munilaja.cl\/w\/wp-content\/uploads\/2024\/11\/ESCUDO-LAJA-LETRAS-BLANCAS-LOGO-WEB.png","width":150,"height":150,"caption":"Municipalidad de Laja"},"image":{"@id":"https:\/\/munilaja.cl\/w\/#\/schema\/logo\/image\/"}}]}},"_links":{"self":[{"href":"https:\/\/munilaja.cl\/w\/wp-json\/wp\/v2\/pages\/68257"}],"collection":[{"href":"https:\/\/munilaja.cl\/w\/wp-json\/wp\/v2\/pages"}],"about":[{"href":"https:\/\/munilaja.cl\/w\/wp-json\/wp\/v2\/types\/page"}],"author":[{"embeddable":true,"href":"https:\/\/munilaja.cl\/w\/wp-json\/wp\/v2\/users\/11"}],"replies":[{"embeddable":true,"href":"https:\/\/munilaja.cl\/w\/wp-json\/wp\/v2\/comments?post=68257"}],"version-history":[{"count":1,"href":"https:\/\/munilaja.cl\/w\/wp-json\/wp\/v2\/pages\/68257\/revisions"}],"predecessor-version":[{"id":68258,"href":"https:\/\/munilaja.cl\/w\/wp-json\/wp\/v2\/pages\/68257\/revisions\/68258"}],"wp:attachment":[{"href":"https:\/\/munilaja.cl\/w\/wp-json\/wp\/v2\/media?parent=68257"}],"curies":[{"name":"wp","href":"https:\/\/api.w.org\/{rel}","templated":true}]}}