{"id":68249,"date":"2023-11-28T15:38:12","date_gmt":"2023-11-28T19:38:12","guid":{"rendered":"https:\/\/munilaja.cl\/w\/?page_id=68249"},"modified":"2023-11-28T15:38:12","modified_gmt":"2023-11-28T19:38:12","slug":"programa-familias","status":"publish","type":"page","link":"https:\/\/munilaja.cl\/w\/programa-familias\/","title":{"rendered":"PROGRAMA FAMILIAS"},"content":{"rendered":"\n<p>El programa Familias, forma parte del Sistema Intersectorial de Protecci\u00f3n Social, buscar contribuir a que las personas y familias superen su situaci\u00f3n de pobreza extrema de manera sostenible, mejorando su nivel de bienestar y calidad de vida, a trav\u00e9s del desarrollo de capacidades, sus potencialidades y recursos disponibles, tanto personales como de sus comunidades.<\/p>\n\n\n\n<figure class=\"wp-block-table\"><table><tbody><tr><td><strong>Encargado:<\/strong>&nbsp; &nbsp;&nbsp;<\/td><td>Ruth Soto Montoya, jefa de Unidad Familiar &nbsp;<\/td><\/tr><tr><td><strong>Beneficiarios:<\/strong>&nbsp; &nbsp;<\/td><td>Familias pertenecientes al 40% en RSH, seleccionadas por Ministerio de Desarrollo Social y Familia. &nbsp;<\/td><\/tr><tr><td><strong>Como Acceder<\/strong><\/td><td>A este programa no se postula, ya que las familias y personas que son invitadas a participar, han sido seleccionadas por el Ministerio de Desarrollo Social, en base a informaci\u00f3n obtenida del Registro Social de Hogares.&nbsp; Posteriormente las n\u00f3minas son enviadas a los FOSIS Regionales para proceder a ser visitadas y diagnosticadas. Este listado es enviado luego a los Municipios, quienes cuentan con un equipo de Profesionales que, a trav\u00e9s de sesiones individuales y familiares, trabaja directamente con las familias. Este acompa\u00f1amiento dura 24 meses. &nbsp;<\/td><\/tr><tr><td><strong>Beneficios Y\/o Prestaciones.<\/strong> <strong>(Seg\u00fan cumplimiento de requisitos)<\/strong><\/td><td>Tercera Colaci\u00f3n (Junaeb) Prestaciones Monetarias Ayudas T\u00e9cnicas (SENADIS) Postulaci\u00f3n a Proyectos de Microemprendimiento FOSIS Subsidio Agua Potable Programa de Apoyo a la seguridad Complementaria Programa Habitabilidad Programa de Apoyo a la Din\u00e1mica Familiar (Prodemu) Profocap (Conaf)<\/td><\/tr><tr><td><strong>Contacto:<\/strong><\/td><td>Equipo Profesionales, Apoyo Familias<\/td><\/tr><tr><td><strong>Correo Electr\u00f3nico:<\/strong><\/td><td>pingresoeticofam@munilaja.cl &nbsp;<\/td><\/tr><tr><td><strong>Horario De Atenci\u00f3n:&nbsp;<\/strong><\/td><td>8:30 a 13:30 horas &nbsp;<\/td><\/tr><tr><td><strong>Ubicaci\u00f3n:&nbsp; &nbsp; &nbsp;<\/strong><\/td><td>Los Olivos 124, Ex Daem &nbsp;<\/td><\/tr><tr><td><strong>Tel\u00e9fono:&nbsp; &nbsp; &nbsp; &nbsp; &nbsp;<\/strong><\/td><td>443208034 &nbsp;<\/td><\/tr><\/tbody><\/table><\/figure>\n","protected":false},"excerpt":{"rendered":"<p>El programa Familias, forma parte del Sistema Intersectorial de Protecci\u00f3n Social, buscar contribuir a que las personas y familias superen su situaci\u00f3n de pobreza extrema de manera sostenible, mejorando su nivel de bienestar y calidad de vida, a trav\u00e9s del desarrollo de capacidades, sus potencialidades y recursos disponibles, tanto personales como de sus comunidades. Encargado:&nbsp; [&hellip;]<\/p>\n","protected":false},"author":11,"featured_media":0,"parent":0,"menu_order":0,"comment_status":"closed","ping_status":"closed","template":"","meta":{"zakra_sidebar_layout":"customizer","zakra_remove_content_margin":false,"zakra_sidebar":"customizer","zakra_transparent_header":"customizer","zakra_logo":0,"zakra_main_header_style":"default","zakra_menu_item_color":"","zakra_menu_item_hover_color":"","zakra_menu_item_active_color":"","zakra_menu_active_style":"zakra_menu_active_style","zakra_page_header":true,"footnotes":""},"class_list":["post-68249","page","type-page","status-publish","hentry"],"yoast_head":"<!-- This site is optimized with the Yoast SEO plugin v24.0 - https:\/\/yoast.com\/wordpress\/plugins\/seo\/ -->\n<title>PROGRAMA FAMILIAS - Municipalidad de Laja<\/title>\n<meta name=\"robots\" content=\"index, follow, max-snippet:-1, max-image-preview:large, max-video-preview:-1\" \/>\n<link rel=\"canonical\" href=\"https:\/\/munilaja.cl\/w\/programa-familias\/\" \/>\n<meta property=\"og:locale\" content=\"es_ES\" \/>\n<meta property=\"og:type\" content=\"article\" \/>\n<meta property=\"og:title\" content=\"PROGRAMA FAMILIAS - Municipalidad de Laja\" \/>\n<meta property=\"og:description\" content=\"El programa Familias, forma parte del Sistema Intersectorial de Protecci\u00f3n Social, buscar contribuir a que las personas y familias superen su situaci\u00f3n de pobreza extrema de manera sostenible, mejorando su nivel de bienestar y calidad de vida, a trav\u00e9s del desarrollo de capacidades, sus potencialidades y recursos disponibles, tanto personales como de sus comunidades. Encargado:&nbsp; [&hellip;]\" \/>\n<meta property=\"og:url\" content=\"https:\/\/munilaja.cl\/w\/programa-familias\/\" \/>\n<meta property=\"og:site_name\" content=\"Municipalidad de Laja\" \/>\n<meta name=\"twitter:card\" content=\"summary_large_image\" \/>\n<meta name=\"twitter:label1\" content=\"Tiempo de lectura\" \/>\n\t<meta name=\"twitter:data1\" content=\"2 minutos\" \/>\n<script type=\"application\/ld+json\" class=\"yoast-schema-graph\">{\"@context\":\"https:\/\/schema.org\",\"@graph\":[{\"@type\":\"WebPage\",\"@id\":\"https:\/\/munilaja.cl\/w\/programa-familias\/\",\"url\":\"https:\/\/munilaja.cl\/w\/programa-familias\/\",\"name\":\"PROGRAMA FAMILIAS - Municipalidad de Laja\",\"isPartOf\":{\"@id\":\"https:\/\/munilaja.cl\/w\/#website\"},\"datePublished\":\"2023-11-28T19:38:12+00:00\",\"dateModified\":\"2023-11-28T19:38:12+00:00\",\"breadcrumb\":{\"@id\":\"https:\/\/munilaja.cl\/w\/programa-familias\/#breadcrumb\"},\"inLanguage\":\"es\",\"potentialAction\":[{\"@type\":\"ReadAction\",\"target\":[\"https:\/\/munilaja.cl\/w\/programa-familias\/\"]}]},{\"@type\":\"BreadcrumbList\",\"@id\":\"https:\/\/munilaja.cl\/w\/programa-familias\/#breadcrumb\",\"itemListElement\":[{\"@type\":\"ListItem\",\"position\":1,\"name\":\"Portada\",\"item\":\"https:\/\/munilaja.cl\/w\/\"},{\"@type\":\"ListItem\",\"position\":2,\"name\":\"PROGRAMA FAMILIAS\"}]},{\"@type\":\"WebSite\",\"@id\":\"https:\/\/munilaja.cl\/w\/#website\",\"url\":\"https:\/\/munilaja.cl\/w\/\",\"name\":\"Municipalidad de Laja\",\"description\":\"Web Municipal\",\"publisher\":{\"@id\":\"https:\/\/munilaja.cl\/w\/#organization\"},\"potentialAction\":[{\"@type\":\"SearchAction\",\"target\":{\"@type\":\"EntryPoint\",\"urlTemplate\":\"https:\/\/munilaja.cl\/w\/?s={search_term_string}\"},\"query-input\":{\"@type\":\"PropertyValueSpecification\",\"valueRequired\":true,\"valueName\":\"search_term_string\"}}],\"inLanguage\":\"es\"},{\"@type\":\"Organization\",\"@id\":\"https:\/\/munilaja.cl\/w\/#organization\",\"name\":\"Municipalidad de Laja\",\"url\":\"https:\/\/munilaja.cl\/w\/\",\"logo\":{\"@type\":\"ImageObject\",\"inLanguage\":\"es\",\"@id\":\"https:\/\/munilaja.cl\/w\/#\/schema\/logo\/image\/\",\"url\":\"https:\/\/munilaja.cl\/w\/wp-content\/uploads\/2024\/11\/ESCUDO-LAJA-LETRAS-BLANCAS-LOGO-WEB.png\",\"contentUrl\":\"https:\/\/munilaja.cl\/w\/wp-content\/uploads\/2024\/11\/ESCUDO-LAJA-LETRAS-BLANCAS-LOGO-WEB.png\",\"width\":150,\"height\":150,\"caption\":\"Municipalidad de Laja\"},\"image\":{\"@id\":\"https:\/\/munilaja.cl\/w\/#\/schema\/logo\/image\/\"}}]}<\/script>\n<!-- \/ Yoast SEO plugin. -->","yoast_head_json":{"title":"PROGRAMA FAMILIAS - Municipalidad de Laja","robots":{"index":"index","follow":"follow","max-snippet":"max-snippet:-1","max-image-preview":"max-image-preview:large","max-video-preview":"max-video-preview:-1"},"canonical":"https:\/\/munilaja.cl\/w\/programa-familias\/","og_locale":"es_ES","og_type":"article","og_title":"PROGRAMA FAMILIAS - Municipalidad de Laja","og_description":"El programa Familias, forma parte del Sistema Intersectorial de Protecci\u00f3n Social, buscar contribuir a que las personas y familias superen su situaci\u00f3n de pobreza extrema de manera sostenible, mejorando su nivel de bienestar y calidad de vida, a trav\u00e9s del desarrollo de capacidades, sus potencialidades y recursos disponibles, tanto personales como de sus comunidades. Encargado:&nbsp; [&hellip;]","og_url":"https:\/\/munilaja.cl\/w\/programa-familias\/","og_site_name":"Municipalidad de Laja","twitter_card":"summary_large_image","twitter_misc":{"Tiempo de lectura":"2 minutos"},"schema":{"@context":"https:\/\/schema.org","@graph":[{"@type":"WebPage","@id":"https:\/\/munilaja.cl\/w\/programa-familias\/","url":"https:\/\/munilaja.cl\/w\/programa-familias\/","name":"PROGRAMA FAMILIAS - Municipalidad de Laja","isPartOf":{"@id":"https:\/\/munilaja.cl\/w\/#website"},"datePublished":"2023-11-28T19:38:12+00:00","dateModified":"2023-11-28T19:38:12+00:00","breadcrumb":{"@id":"https:\/\/munilaja.cl\/w\/programa-familias\/#breadcrumb"},"inLanguage":"es","potentialAction":[{"@type":"ReadAction","target":["https:\/\/munilaja.cl\/w\/programa-familias\/"]}]},{"@type":"BreadcrumbList","@id":"https:\/\/munilaja.cl\/w\/programa-familias\/#breadcrumb","itemListElement":[{"@type":"ListItem","position":1,"name":"Portada","item":"https:\/\/munilaja.cl\/w\/"},{"@type":"ListItem","position":2,"name":"PROGRAMA FAMILIAS"}]},{"@type":"WebSite","@id":"https:\/\/munilaja.cl\/w\/#website","url":"https:\/\/munilaja.cl\/w\/","name":"Municipalidad de Laja","description":"Web Municipal","publisher":{"@id":"https:\/\/munilaja.cl\/w\/#organization"},"potentialAction":[{"@type":"SearchAction","target":{"@type":"EntryPoint","urlTemplate":"https:\/\/munilaja.cl\/w\/?s={search_term_string}"},"query-input":{"@type":"PropertyValueSpecification","valueRequired":true,"valueName":"search_term_string"}}],"inLanguage":"es"},{"@type":"Organization","@id":"https:\/\/munilaja.cl\/w\/#organization","name":"Municipalidad de Laja","url":"https:\/\/munilaja.cl\/w\/","logo":{"@type":"ImageObject","inLanguage":"es","@id":"https:\/\/munilaja.cl\/w\/#\/schema\/logo\/image\/","url":"https:\/\/munilaja.cl\/w\/wp-content\/uploads\/2024\/11\/ESCUDO-LAJA-LETRAS-BLANCAS-LOGO-WEB.png","contentUrl":"https:\/\/munilaja.cl\/w\/wp-content\/uploads\/2024\/11\/ESCUDO-LAJA-LETRAS-BLANCAS-LOGO-WEB.png","width":150,"height":150,"caption":"Municipalidad de Laja"},"image":{"@id":"https:\/\/munilaja.cl\/w\/#\/schema\/logo\/image\/"}}]}},"_links":{"self":[{"href":"https:\/\/munilaja.cl\/w\/wp-json\/wp\/v2\/pages\/68249"}],"collection":[{"href":"https:\/\/munilaja.cl\/w\/wp-json\/wp\/v2\/pages"}],"about":[{"href":"https:\/\/munilaja.cl\/w\/wp-json\/wp\/v2\/types\/page"}],"author":[{"embeddable":true,"href":"https:\/\/munilaja.cl\/w\/wp-json\/wp\/v2\/users\/11"}],"replies":[{"embeddable":true,"href":"https:\/\/munilaja.cl\/w\/wp-json\/wp\/v2\/comments?post=68249"}],"version-history":[{"count":1,"href":"https:\/\/munilaja.cl\/w\/wp-json\/wp\/v2\/pages\/68249\/revisions"}],"predecessor-version":[{"id":68250,"href":"https:\/\/munilaja.cl\/w\/wp-json\/wp\/v2\/pages\/68249\/revisions\/68250"}],"wp:attachment":[{"href":"https:\/\/munilaja.cl\/w\/wp-json\/wp\/v2\/media?parent=68249"}],"curies":[{"name":"wp","href":"https:\/\/api.w.org\/{rel}","templated":true}]}}