{"id":68243,"date":"2023-11-28T15:35:10","date_gmt":"2023-11-28T19:35:10","guid":{"rendered":"https:\/\/munilaja.cl\/w\/?page_id=68243"},"modified":"2023-11-28T15:35:11","modified_gmt":"2023-11-28T19:35:11","slug":"oficina-del-adulto-mayor","status":"publish","type":"page","link":"https:\/\/munilaja.cl\/w\/oficina-del-adulto-mayor\/","title":{"rendered":"OFICINA DEL ADULTO MAYOR"},"content":{"rendered":"\n<p>En el marco del acelerado envejecimiento poblacional, se ha hecho necesario desarrollar una estrategia de intervenci\u00f3n municipal que fomente el bienestar de las personas mayores y puedan vivir&nbsp; experiencias de envejecimiento activo.<\/p>\n\n\n\n<p>Entendiendo por envejecimiento activo como \u201cun proceso por el que se optimizan las oportunidades de bienestar f\u00edsico, social y mental durante toda la vida, con el objetivo de ampliar la esperanza de vida saludable, la productividad y la calidad de vida en la vejez\u201d.<\/p>\n\n\n\n<p>En este contexto, el municipio a trav\u00e9s del programa Adulto mayor pretende mejorar la calidad de vida este grupo etario, promoviendo el envejecimiento activo y saludable, ampliando el acceso a las redes y fomentando la participaci\u00f3n de las personas mayores.<\/p>\n\n\n\n<p><strong><u>OBJETIVO<\/u><\/strong><\/p>\n\n\n\n<p>&nbsp;&nbsp;&nbsp;&nbsp;&nbsp;&nbsp;&nbsp;&nbsp;&nbsp;&nbsp; Contribuir a la organizaci\u00f3n y participaci\u00f3n activa de las personas mayores de nuestra comunidad a fin de mejorar su calidad de vida en el \u00e1mbito social, recreacional y cultural.<\/p>\n\n\n\n<p><strong><u>DESCRIPCI\u00d3N<\/u><\/strong><\/p>\n\n\n\n<p>&nbsp;&nbsp;&nbsp;&nbsp;&nbsp;&nbsp;&nbsp;&nbsp;&nbsp; Este programa se implementa a trav\u00e9s de las siguientes l\u00edneas de acci\u00f3n:<\/p>\n\n\n\n<p>Participaci\u00f3n y recreaci\u00f3n<\/p>\n\n\n\n<ul class=\"wp-block-list\"><li>Fondos concursables: apoyo, orientaci\u00f3n y seguimiento en la postulaci\u00f3n de fondos Senama y otros fondos dirigidos a organizaciones sociales.<\/li><li>Jornadas recreativas masivas: espacios de participaci\u00f3n y recreaci\u00f3n para clubes de adultos mayores y personas mayores que no participan en dichas organizaciones (d\u00eda campestre, mateadas, celebraciones fiestas patrias, mes del adulto mayor, navidad, viajes por el dia)<\/li><\/ul>\n\n\n\n<p>Capacitaciones y talleres<\/p>\n\n\n\n<ul class=\"wp-block-list\"><li>Capacitaciones fondos concursables: jornadas que entreguen herramientas a adultos mayores organizados en las postulaciones de sus iniciativas.<\/li><li>Taller de folclor: espacio que aumente la capacidad t\u00e9cnica y art\u00edstica de los adultos mayores en el folclor.<\/li><li>Taller de cueca: instancia que posibilitar\u00e1 a adultos mayores adquirir habilidades t\u00e9cnicas del baile nacional.<\/li><li>Charlas informativas: en diversas tem\u00e1ticas de inter\u00e9s para los adultos mayores.<\/li><\/ul>\n\n\n\n<p>Redes sociales y casos sociales<\/p>\n\n\n\n<ul class=\"wp-block-list\"><li>Reuniones con organizaciones de adultos mayores: participaci\u00f3n en reuniones mensuales de UCAM y visitas en terreno a clubes de adultos mayores a fin de informar acerca de oferta program\u00e1tica del programa adulto mayor, temas relevantes y acceso a la informaci\u00f3n municipal. Adem\u00e1s, se busca fortalecer la relaci\u00f3n entre este segmento de la poblaci\u00f3n y municipio.<\/li><li>Visitas domiciliarias: se efectuar\u00e1n ante los requerimientos de SENAMA, Tribunales de Familia, vecinos y\/o dirigentes en lo concerniente a denuncias de VIF, abandono, casos sociales, etc.; a fin de realizar evaluaci\u00f3n profesional y activar las redes seg\u00fan cada caso.<\/li><li>Atenciones individuales: entrega de informaci\u00f3n y orientaci\u00f3n acerca de diversos temas o tr\u00e1mites de inter\u00e9s de los adultos mayores que se acerquen a municipio.<\/li><li>Cuidadores de respiro para personas mayores: se entrega apoyo sociosanitario domiciliario a cuidadores de personas mayores con dependencia severa y escasa o nula red de apoyo, de acuerdo a cupos limitados.<\/li><\/ul>\n\n\n\n<p>Dicha oficina se encuentra en Centro C\u00edvico Municipal primer piso. Tel\u00e9fono de contacto 43-2524622.<\/p>\n\n\n\n<p><strong><u>Profesionales:<\/u><\/strong><\/p>\n\n\n\n<p>Rosana Sobarzo: Asistente Social, Encargada de Programa Adulto Mayor.<\/p>\n\n\n\n<p>Soledad Zapata: Asistente Social, Apoyo del Programa Adulto Mayor.<\/p>\n","protected":false},"excerpt":{"rendered":"<p>En el marco del acelerado envejecimiento poblacional, se ha hecho necesario desarrollar una estrategia de intervenci\u00f3n municipal que fomente el bienestar de las personas mayores y puedan vivir&nbsp; experiencias de envejecimiento activo. Entendiendo por envejecimiento activo como \u201cun proceso por el que se optimizan las oportunidades de bienestar f\u00edsico, social y mental durante toda la [&hellip;]<\/p>\n","protected":false},"author":11,"featured_media":0,"parent":0,"menu_order":0,"comment_status":"closed","ping_status":"closed","template":"","meta":{"zakra_sidebar_layout":"customizer","zakra_remove_content_margin":false,"zakra_sidebar":"customizer","zakra_transparent_header":"customizer","zakra_logo":0,"zakra_main_header_style":"default","zakra_menu_item_color":"","zakra_menu_item_hover_color":"","zakra_menu_item_active_color":"","zakra_menu_active_style":"zakra_menu_active_style","zakra_page_header":true,"footnotes":""},"class_list":["post-68243","page","type-page","status-publish","hentry"],"yoast_head":"<!-- This site is optimized with the Yoast SEO plugin v24.0 - https:\/\/yoast.com\/wordpress\/plugins\/seo\/ -->\n<title>OFICINA DEL ADULTO MAYOR - Municipalidad de Laja<\/title>\n<meta name=\"robots\" content=\"index, follow, max-snippet:-1, max-image-preview:large, max-video-preview:-1\" \/>\n<link rel=\"canonical\" href=\"https:\/\/munilaja.cl\/w\/oficina-del-adulto-mayor\/\" \/>\n<meta property=\"og:locale\" content=\"es_ES\" \/>\n<meta property=\"og:type\" content=\"article\" \/>\n<meta property=\"og:title\" content=\"OFICINA DEL ADULTO MAYOR - Municipalidad de Laja\" \/>\n<meta property=\"og:description\" content=\"En el marco del acelerado envejecimiento poblacional, se ha hecho necesario desarrollar una estrategia de intervenci\u00f3n municipal que fomente el bienestar de las personas mayores y puedan vivir&nbsp; experiencias de envejecimiento activo. Entendiendo por envejecimiento activo como \u201cun proceso por el que se optimizan las oportunidades de bienestar f\u00edsico, social y mental durante toda la [&hellip;]\" \/>\n<meta property=\"og:url\" content=\"https:\/\/munilaja.cl\/w\/oficina-del-adulto-mayor\/\" \/>\n<meta property=\"og:site_name\" content=\"Municipalidad de Laja\" \/>\n<meta property=\"article:modified_time\" content=\"2023-11-28T19:35:11+00:00\" \/>\n<meta name=\"twitter:card\" content=\"summary_large_image\" \/>\n<meta name=\"twitter:label1\" content=\"Tiempo de lectura\" \/>\n\t<meta name=\"twitter:data1\" content=\"3 minutos\" \/>\n<script type=\"application\/ld+json\" class=\"yoast-schema-graph\">{\"@context\":\"https:\/\/schema.org\",\"@graph\":[{\"@type\":\"WebPage\",\"@id\":\"https:\/\/munilaja.cl\/w\/oficina-del-adulto-mayor\/\",\"url\":\"https:\/\/munilaja.cl\/w\/oficina-del-adulto-mayor\/\",\"name\":\"OFICINA DEL ADULTO MAYOR - Municipalidad de Laja\",\"isPartOf\":{\"@id\":\"https:\/\/munilaja.cl\/w\/#website\"},\"datePublished\":\"2023-11-28T19:35:10+00:00\",\"dateModified\":\"2023-11-28T19:35:11+00:00\",\"breadcrumb\":{\"@id\":\"https:\/\/munilaja.cl\/w\/oficina-del-adulto-mayor\/#breadcrumb\"},\"inLanguage\":\"es\",\"potentialAction\":[{\"@type\":\"ReadAction\",\"target\":[\"https:\/\/munilaja.cl\/w\/oficina-del-adulto-mayor\/\"]}]},{\"@type\":\"BreadcrumbList\",\"@id\":\"https:\/\/munilaja.cl\/w\/oficina-del-adulto-mayor\/#breadcrumb\",\"itemListElement\":[{\"@type\":\"ListItem\",\"position\":1,\"name\":\"Portada\",\"item\":\"https:\/\/munilaja.cl\/w\/\"},{\"@type\":\"ListItem\",\"position\":2,\"name\":\"OFICINA DEL ADULTO MAYOR\"}]},{\"@type\":\"WebSite\",\"@id\":\"https:\/\/munilaja.cl\/w\/#website\",\"url\":\"https:\/\/munilaja.cl\/w\/\",\"name\":\"Municipalidad de Laja\",\"description\":\"Web Municipal\",\"publisher\":{\"@id\":\"https:\/\/munilaja.cl\/w\/#organization\"},\"potentialAction\":[{\"@type\":\"SearchAction\",\"target\":{\"@type\":\"EntryPoint\",\"urlTemplate\":\"https:\/\/munilaja.cl\/w\/?s={search_term_string}\"},\"query-input\":{\"@type\":\"PropertyValueSpecification\",\"valueRequired\":true,\"valueName\":\"search_term_string\"}}],\"inLanguage\":\"es\"},{\"@type\":\"Organization\",\"@id\":\"https:\/\/munilaja.cl\/w\/#organization\",\"name\":\"Municipalidad de Laja\",\"url\":\"https:\/\/munilaja.cl\/w\/\",\"logo\":{\"@type\":\"ImageObject\",\"inLanguage\":\"es\",\"@id\":\"https:\/\/munilaja.cl\/w\/#\/schema\/logo\/image\/\",\"url\":\"https:\/\/munilaja.cl\/w\/wp-content\/uploads\/2024\/11\/ESCUDO-LAJA-LETRAS-BLANCAS-LOGO-WEB.png\",\"contentUrl\":\"https:\/\/munilaja.cl\/w\/wp-content\/uploads\/2024\/11\/ESCUDO-LAJA-LETRAS-BLANCAS-LOGO-WEB.png\",\"width\":150,\"height\":150,\"caption\":\"Municipalidad de Laja\"},\"image\":{\"@id\":\"https:\/\/munilaja.cl\/w\/#\/schema\/logo\/image\/\"}}]}<\/script>\n<!-- \/ Yoast SEO plugin. -->","yoast_head_json":{"title":"OFICINA DEL ADULTO MAYOR - Municipalidad de Laja","robots":{"index":"index","follow":"follow","max-snippet":"max-snippet:-1","max-image-preview":"max-image-preview:large","max-video-preview":"max-video-preview:-1"},"canonical":"https:\/\/munilaja.cl\/w\/oficina-del-adulto-mayor\/","og_locale":"es_ES","og_type":"article","og_title":"OFICINA DEL ADULTO MAYOR - Municipalidad de Laja","og_description":"En el marco del acelerado envejecimiento poblacional, se ha hecho necesario desarrollar una estrategia de intervenci\u00f3n municipal que fomente el bienestar de las personas mayores y puedan vivir&nbsp; experiencias de envejecimiento activo. Entendiendo por envejecimiento activo como \u201cun proceso por el que se optimizan las oportunidades de bienestar f\u00edsico, social y mental durante toda la [&hellip;]","og_url":"https:\/\/munilaja.cl\/w\/oficina-del-adulto-mayor\/","og_site_name":"Municipalidad de Laja","article_modified_time":"2023-11-28T19:35:11+00:00","twitter_card":"summary_large_image","twitter_misc":{"Tiempo de lectura":"3 minutos"},"schema":{"@context":"https:\/\/schema.org","@graph":[{"@type":"WebPage","@id":"https:\/\/munilaja.cl\/w\/oficina-del-adulto-mayor\/","url":"https:\/\/munilaja.cl\/w\/oficina-del-adulto-mayor\/","name":"OFICINA DEL ADULTO MAYOR - Municipalidad de Laja","isPartOf":{"@id":"https:\/\/munilaja.cl\/w\/#website"},"datePublished":"2023-11-28T19:35:10+00:00","dateModified":"2023-11-28T19:35:11+00:00","breadcrumb":{"@id":"https:\/\/munilaja.cl\/w\/oficina-del-adulto-mayor\/#breadcrumb"},"inLanguage":"es","potentialAction":[{"@type":"ReadAction","target":["https:\/\/munilaja.cl\/w\/oficina-del-adulto-mayor\/"]}]},{"@type":"BreadcrumbList","@id":"https:\/\/munilaja.cl\/w\/oficina-del-adulto-mayor\/#breadcrumb","itemListElement":[{"@type":"ListItem","position":1,"name":"Portada","item":"https:\/\/munilaja.cl\/w\/"},{"@type":"ListItem","position":2,"name":"OFICINA DEL ADULTO MAYOR"}]},{"@type":"WebSite","@id":"https:\/\/munilaja.cl\/w\/#website","url":"https:\/\/munilaja.cl\/w\/","name":"Municipalidad de Laja","description":"Web Municipal","publisher":{"@id":"https:\/\/munilaja.cl\/w\/#organization"},"potentialAction":[{"@type":"SearchAction","target":{"@type":"EntryPoint","urlTemplate":"https:\/\/munilaja.cl\/w\/?s={search_term_string}"},"query-input":{"@type":"PropertyValueSpecification","valueRequired":true,"valueName":"search_term_string"}}],"inLanguage":"es"},{"@type":"Organization","@id":"https:\/\/munilaja.cl\/w\/#organization","name":"Municipalidad de Laja","url":"https:\/\/munilaja.cl\/w\/","logo":{"@type":"ImageObject","inLanguage":"es","@id":"https:\/\/munilaja.cl\/w\/#\/schema\/logo\/image\/","url":"https:\/\/munilaja.cl\/w\/wp-content\/uploads\/2024\/11\/ESCUDO-LAJA-LETRAS-BLANCAS-LOGO-WEB.png","contentUrl":"https:\/\/munilaja.cl\/w\/wp-content\/uploads\/2024\/11\/ESCUDO-LAJA-LETRAS-BLANCAS-LOGO-WEB.png","width":150,"height":150,"caption":"Municipalidad de Laja"},"image":{"@id":"https:\/\/munilaja.cl\/w\/#\/schema\/logo\/image\/"}}]}},"_links":{"self":[{"href":"https:\/\/munilaja.cl\/w\/wp-json\/wp\/v2\/pages\/68243"}],"collection":[{"href":"https:\/\/munilaja.cl\/w\/wp-json\/wp\/v2\/pages"}],"about":[{"href":"https:\/\/munilaja.cl\/w\/wp-json\/wp\/v2\/types\/page"}],"author":[{"embeddable":true,"href":"https:\/\/munilaja.cl\/w\/wp-json\/wp\/v2\/users\/11"}],"replies":[{"embeddable":true,"href":"https:\/\/munilaja.cl\/w\/wp-json\/wp\/v2\/comments?post=68243"}],"version-history":[{"count":1,"href":"https:\/\/munilaja.cl\/w\/wp-json\/wp\/v2\/pages\/68243\/revisions"}],"predecessor-version":[{"id":68244,"href":"https:\/\/munilaja.cl\/w\/wp-json\/wp\/v2\/pages\/68243\/revisions\/68244"}],"wp:attachment":[{"href":"https:\/\/munilaja.cl\/w\/wp-json\/wp\/v2\/media?parent=68243"}],"curies":[{"name":"wp","href":"https:\/\/api.w.org\/{rel}","templated":true}]}}