{"id":65606,"date":"2023-07-27T08:51:50","date_gmt":"2023-07-27T12:51:50","guid":{"rendered":"https:\/\/munilaja.cl\/w\/?page_id=65606"},"modified":"2023-07-27T08:51:51","modified_gmt":"2023-07-27T12:51:51","slug":"biblioteca","status":"publish","type":"page","link":"https:\/\/munilaja.cl\/w\/biblioteca\/","title":{"rendered":"BIBLIOTECA"},"content":{"rendered":"\n<p><strong>Rese\u00f1a<\/strong><\/p>\n\n\n\n<p><strong>\u00bfQu\u00e9 es Biblioteca?<\/strong><\/p>\n\n\n\n<p>Una biblioteca es unlugar donde podemos encontrar libros o cualquier otrosoporte de un&nbsp;<a href=\"https:\/\/concepto.de\/texto\/\">texto<\/a>, como publicaciones, revistas, documentos, cat\u00e1logos, etc\u00e9tera. Una biblioteca puede ser a la vez la pieza de mobiliario donde colocamos los libros (que usualmente est\u00e1 formada por varios estantes horizontales) o el edificio en s\u00ed, donde podemos consultar y tomar prestados libros y dem\u00e1s.<\/p>\n\n\n\n<p><br>Una biblioteca es un sitio&nbsp;donde podemos recurrir para&nbsp;<a href=\"https:\/\/concepto.de\/leer\/\">leer<\/a><strong>, <\/strong>buscar&nbsp;<a href=\"https:\/\/concepto.de\/informacion\/\">informaci\u00f3n<\/a>&nbsp;y estudiar. En muchas bibliotecas adem\u00e1s se ofrecen servicios de b\u00fasqueda online, a trav\u00e9s de Internet, y consulta de libros digitales.<\/p>\n\n\n\n<p>En la mayor\u00eda de las bibliotecas&nbsp;los libros se encuentranorganizados&nbsp;rigurosamente dentro de diez grandes categor\u00edas (lo que se denomina \u201cClasificaci\u00f3n Decimal Universal, o CDU). Estas categor\u00edas respondes a la siguiente clasificaci\u00f3n: Lengua,&nbsp;<a href=\"https:\/\/concepto.de\/arte\/\">Artes<\/a>,&nbsp;<a href=\"https:\/\/concepto.de\/ciencias-exactas\/\">Ciencias exactas<\/a>&nbsp;y&nbsp;<a href=\"https:\/\/concepto.de\/ciencias-naturales\/\">Ciencias naturales<\/a>, Ciencias aplicadas y&nbsp;<a href=\"https:\/\/concepto.de\/tecnologia\/\">tecnolog\u00eda<\/a>,&nbsp;<a href=\"https:\/\/concepto.de\/literatura\/\">Literatura<\/a>,&nbsp;<a href=\"https:\/\/concepto.de\/que-es-la-filosofia\/\">Filosof\u00eda<\/a>&nbsp;y&nbsp;<a href=\"https:\/\/concepto.de\/psicologia-3\/\">Psicolog\u00eda<\/a>,&nbsp;<a href=\"https:\/\/concepto.de\/historia\/\">Historia<\/a>&nbsp;y&nbsp;<a href=\"https:\/\/concepto.de\/geografia\/\">Geograf\u00eda<\/a>,&nbsp;<a href=\"https:\/\/concepto.de\/ciencias-sociales\/\">Ciencias sociales<\/a>,&nbsp;<a href=\"https:\/\/concepto.de\/religion-3\/\">Religi\u00f3n<\/a>&nbsp;y finalmente obras de referencia, es decir diccionarios o enciclopedias.<\/p>\n\n\n\n<p><br>Las bibliotecas no son un invento reciente, de hecho,<strong>&nbsp;<\/strong><strong>se sabe de bibliotecas hace m\u00e1s de cuatro mil a\u00f1os<\/strong>. Surgieron en la cultura mesopot\u00e1mica con una funci\u00f3n de conservaci\u00f3n de tablillas de barro. La biblioteca como la conocemos actualmente podemos decir que tuvo su origen en Grecia donde encontramos la famosa Biblioteca de Alejandr\u00eda o la del B\u00e9rgamo.<br><br><strong>Funci\u00f3n Cultural y patrimonial<\/strong><br><br>Las bibliotecas, ubicadas en el coraz\u00f3n de la comunidad, son lugares de encuentro, de comunicaci\u00f3n y participaci\u00f3n. Es el acceso libre y voluntario a la lectura, la investigaci\u00f3n y la creatividad. Si bien est\u00e1 relacionada con las artes literarias, sus espacios son escenario de otras artes como la pintura, escultura, m\u00fasica, del folklore y artesan\u00eda. Al mismo tiempo sus colecciones contribuyen al conocimiento cient\u00edfico y t\u00e9cnico. Es tambi\u00e9n funci\u00f3n de las bibliotecas contribuir a la recopilaci\u00f3n, conservaci\u00f3n y difusi\u00f3n del patrimonio cultural <strong>de la conju<\/strong><strong>nci\u00f3n social<\/strong>La biblioteca es un agente social din\u00e1mico en el proceso de afianzamiento de la democracia al proporcionar el libre acceso a la informaci\u00f3n publicada, sea esta impresa o digitalizada. El ejercicio del derecho a la informaci\u00f3n y el conocimiento desarrolla en los ciudadanos la capacidad intelectual para opinar y resolver cr\u00edticamente sobre su entorno local y nacional. El acceso libre a Internet y a otros medios digitalizados, contribuye a cubrir la brecha entre los ricos y pobres en informaci\u00f3n y a una distribuci\u00f3n m\u00e1s equitativa del poder<\/p>\n\n\n\n<p><strong>Funci\u00f3n Educadora<\/strong><br><br>La biblioteca es un importante agente en el proceso de aprendizaje permanente. El constante desarrollo tecnol\u00f3gico y el cambio en los procesos de trabajo, requiere que las personas deban estar capacit\u00e1ndose en las diferentes etapas de la vida, sea a trav\u00e9s de instituciones y\/o por autoformaci\u00f3n. Por esto, la biblioteca y su personal, adem\u00e1s de ofrecer los conocimientos contenidos en sus colecciones bibliogr\u00e1ficas y no bibliogr\u00e1ficas, asume un nuevo rol: son educadores y facilitadores en el acceso y uso de las fuentes de informaci\u00f3n, contribuyen a desarrollar la lectura cr\u00edtica y las destrezas en el uso de la computaci\u00f3n.<br><br><strong>Funci\u00f3n Econ\u00f3mica<\/strong><br><br>La biblioteca p\u00fablica, al poner la nueva tecnolog\u00eda a disposici\u00f3n de usuarios particulares, administraci\u00f3n p\u00fablica y empresas locales, puede potenciar actividades econ\u00f3micas. El acceso a una variedad de softwares y a redes globales y locales (Internet) facilita el acceso a la informaci\u00f3n, al intercambio de \u00e9sta y la facilitaci\u00f3n de tr\u00e1mites.<br>El pr\u00e9stamo de libros y revistas t\u00e9cnicas es una contribuci\u00f3n al proceso de educaci\u00f3n permanente que mejora la productividad de los trabajadores locales, tanto en el desarrollo de sus habilidades y destrezas como en el mejoramiento de sus fuentes de trabajo, sean \u00e9stas la industria, los servicios, o las actividades agr\u00edcolas, madereras, pesqueras, o mineras. Adem\u00e1s, les otorga mejores posibilidades de empleo al mejorar la competitividad de las personas y las empresas. \u00a0Otorga el conocimiento conservando as\u00ed su identidad.<\/p>\n\n\n\n<p><strong>Biblioteca todos los a\u00f1os celebra:<\/strong><\/p>\n\n\n\n<ol class=\"wp-block-list\" type=\"1\"><li><strong>Bienvenida a los Estudiantes.<\/strong><\/li><li><strong>D\u00eda internacional del Libro.<\/strong><\/li><li><strong>D\u00eda del patrimonio cultura.<\/strong><\/li><li><strong>Talleres para las due\u00f1as de casa.<\/strong><\/li><li><strong>Celebraci\u00f3n d\u00eda del ni\u00f1o.<\/strong><\/li><li><strong>Concursos Literarios.<\/strong><\/li><\/ol>\n\n\n\n<p>&nbsp;<strong>Biblioteca P\u00fablica 067<\/strong><\/p>\n\n\n\n<p>Encargada Biblioteca <strong>Maribel Lav\u00edn Mor\u00edn<\/strong><\/p>\n\n\n\n<p>Apoyo <strong>Francisco Carozzi Ben\u00edtez<\/strong><\/p>\n\n\n\n<p>Direcci\u00f3n : Freire N\u00ba 120.<\/p>\n\n\n\n<p><strong>Horario de atenci\u00f3n<\/strong><\/p>\n\n\n\n<p>Lunes a Viernes<\/p>\n\n\n\n<p>08:00-13:30 horas<\/p>\n\n\n\n<p>14:30-17:00 horas<\/p>\n","protected":false},"excerpt":{"rendered":"<p>Rese\u00f1a \u00bfQu\u00e9 es Biblioteca? Una biblioteca es unlugar donde podemos encontrar libros o cualquier otrosoporte de un&nbsp;texto, como publicaciones, revistas, documentos, cat\u00e1logos, etc\u00e9tera. Una biblioteca puede ser a la vez la pieza de mobiliario donde colocamos los libros (que usualmente est\u00e1 formada por varios estantes horizontales) o el edificio en s\u00ed, donde podemos consultar y [&hellip;]<\/p>\n","protected":false},"author":11,"featured_media":0,"parent":0,"menu_order":0,"comment_status":"closed","ping_status":"closed","template":"","meta":{"zakra_sidebar_layout":"customizer","zakra_remove_content_margin":false,"zakra_sidebar":"customizer","zakra_transparent_header":"customizer","zakra_logo":0,"zakra_main_header_style":"default","zakra_menu_item_color":"","zakra_menu_item_hover_color":"","zakra_menu_item_active_color":"","zakra_menu_active_style":"zakra_menu_active_style","zakra_page_header":true,"footnotes":""},"class_list":["post-65606","page","type-page","status-publish","hentry"],"yoast_head":"<!-- This site is optimized with the Yoast SEO plugin v24.0 - https:\/\/yoast.com\/wordpress\/plugins\/seo\/ -->\n<title>BIBLIOTECA - Municipalidad de Laja<\/title>\n<meta name=\"robots\" content=\"index, follow, max-snippet:-1, max-image-preview:large, max-video-preview:-1\" \/>\n<link rel=\"canonical\" href=\"https:\/\/munilaja.cl\/w\/biblioteca\/\" \/>\n<meta property=\"og:locale\" content=\"es_ES\" \/>\n<meta property=\"og:type\" content=\"article\" \/>\n<meta property=\"og:title\" content=\"BIBLIOTECA - Municipalidad de Laja\" \/>\n<meta property=\"og:description\" content=\"Rese\u00f1a \u00bfQu\u00e9 es Biblioteca? Una biblioteca es unlugar donde podemos encontrar libros o cualquier otrosoporte de un&nbsp;texto, como publicaciones, revistas, documentos, cat\u00e1logos, etc\u00e9tera. Una biblioteca puede ser a la vez la pieza de mobiliario donde colocamos los libros (que usualmente est\u00e1 formada por varios estantes horizontales) o el edificio en s\u00ed, donde podemos consultar y [&hellip;]\" \/>\n<meta property=\"og:url\" content=\"https:\/\/munilaja.cl\/w\/biblioteca\/\" \/>\n<meta property=\"og:site_name\" content=\"Municipalidad de Laja\" \/>\n<meta property=\"article:modified_time\" content=\"2023-07-27T12:51:51+00:00\" \/>\n<meta name=\"twitter:card\" content=\"summary_large_image\" \/>\n<meta name=\"twitter:label1\" content=\"Tiempo de lectura\" \/>\n\t<meta name=\"twitter:data1\" content=\"4 minutos\" \/>\n<script type=\"application\/ld+json\" class=\"yoast-schema-graph\">{\"@context\":\"https:\/\/schema.org\",\"@graph\":[{\"@type\":\"WebPage\",\"@id\":\"https:\/\/munilaja.cl\/w\/biblioteca\/\",\"url\":\"https:\/\/munilaja.cl\/w\/biblioteca\/\",\"name\":\"BIBLIOTECA - Municipalidad de Laja\",\"isPartOf\":{\"@id\":\"https:\/\/munilaja.cl\/w\/#website\"},\"datePublished\":\"2023-07-27T12:51:50+00:00\",\"dateModified\":\"2023-07-27T12:51:51+00:00\",\"breadcrumb\":{\"@id\":\"https:\/\/munilaja.cl\/w\/biblioteca\/#breadcrumb\"},\"inLanguage\":\"es\",\"potentialAction\":[{\"@type\":\"ReadAction\",\"target\":[\"https:\/\/munilaja.cl\/w\/biblioteca\/\"]}]},{\"@type\":\"BreadcrumbList\",\"@id\":\"https:\/\/munilaja.cl\/w\/biblioteca\/#breadcrumb\",\"itemListElement\":[{\"@type\":\"ListItem\",\"position\":1,\"name\":\"Portada\",\"item\":\"https:\/\/munilaja.cl\/w\/\"},{\"@type\":\"ListItem\",\"position\":2,\"name\":\"BIBLIOTECA\"}]},{\"@type\":\"WebSite\",\"@id\":\"https:\/\/munilaja.cl\/w\/#website\",\"url\":\"https:\/\/munilaja.cl\/w\/\",\"name\":\"Municipalidad de Laja\",\"description\":\"Web Municipal\",\"publisher\":{\"@id\":\"https:\/\/munilaja.cl\/w\/#organization\"},\"potentialAction\":[{\"@type\":\"SearchAction\",\"target\":{\"@type\":\"EntryPoint\",\"urlTemplate\":\"https:\/\/munilaja.cl\/w\/?s={search_term_string}\"},\"query-input\":{\"@type\":\"PropertyValueSpecification\",\"valueRequired\":true,\"valueName\":\"search_term_string\"}}],\"inLanguage\":\"es\"},{\"@type\":\"Organization\",\"@id\":\"https:\/\/munilaja.cl\/w\/#organization\",\"name\":\"Municipalidad de Laja\",\"url\":\"https:\/\/munilaja.cl\/w\/\",\"logo\":{\"@type\":\"ImageObject\",\"inLanguage\":\"es\",\"@id\":\"https:\/\/munilaja.cl\/w\/#\/schema\/logo\/image\/\",\"url\":\"https:\/\/munilaja.cl\/w\/wp-content\/uploads\/2024\/11\/ESCUDO-LAJA-LETRAS-BLANCAS-LOGO-WEB.png\",\"contentUrl\":\"https:\/\/munilaja.cl\/w\/wp-content\/uploads\/2024\/11\/ESCUDO-LAJA-LETRAS-BLANCAS-LOGO-WEB.png\",\"width\":150,\"height\":150,\"caption\":\"Municipalidad de Laja\"},\"image\":{\"@id\":\"https:\/\/munilaja.cl\/w\/#\/schema\/logo\/image\/\"}}]}<\/script>\n<!-- \/ Yoast SEO plugin. -->","yoast_head_json":{"title":"BIBLIOTECA - Municipalidad de Laja","robots":{"index":"index","follow":"follow","max-snippet":"max-snippet:-1","max-image-preview":"max-image-preview:large","max-video-preview":"max-video-preview:-1"},"canonical":"https:\/\/munilaja.cl\/w\/biblioteca\/","og_locale":"es_ES","og_type":"article","og_title":"BIBLIOTECA - Municipalidad de Laja","og_description":"Rese\u00f1a \u00bfQu\u00e9 es Biblioteca? Una biblioteca es unlugar donde podemos encontrar libros o cualquier otrosoporte de un&nbsp;texto, como publicaciones, revistas, documentos, cat\u00e1logos, etc\u00e9tera. Una biblioteca puede ser a la vez la pieza de mobiliario donde colocamos los libros (que usualmente est\u00e1 formada por varios estantes horizontales) o el edificio en s\u00ed, donde podemos consultar y [&hellip;]","og_url":"https:\/\/munilaja.cl\/w\/biblioteca\/","og_site_name":"Municipalidad de Laja","article_modified_time":"2023-07-27T12:51:51+00:00","twitter_card":"summary_large_image","twitter_misc":{"Tiempo de lectura":"4 minutos"},"schema":{"@context":"https:\/\/schema.org","@graph":[{"@type":"WebPage","@id":"https:\/\/munilaja.cl\/w\/biblioteca\/","url":"https:\/\/munilaja.cl\/w\/biblioteca\/","name":"BIBLIOTECA - Municipalidad de Laja","isPartOf":{"@id":"https:\/\/munilaja.cl\/w\/#website"},"datePublished":"2023-07-27T12:51:50+00:00","dateModified":"2023-07-27T12:51:51+00:00","breadcrumb":{"@id":"https:\/\/munilaja.cl\/w\/biblioteca\/#breadcrumb"},"inLanguage":"es","potentialAction":[{"@type":"ReadAction","target":["https:\/\/munilaja.cl\/w\/biblioteca\/"]}]},{"@type":"BreadcrumbList","@id":"https:\/\/munilaja.cl\/w\/biblioteca\/#breadcrumb","itemListElement":[{"@type":"ListItem","position":1,"name":"Portada","item":"https:\/\/munilaja.cl\/w\/"},{"@type":"ListItem","position":2,"name":"BIBLIOTECA"}]},{"@type":"WebSite","@id":"https:\/\/munilaja.cl\/w\/#website","url":"https:\/\/munilaja.cl\/w\/","name":"Municipalidad de Laja","description":"Web Municipal","publisher":{"@id":"https:\/\/munilaja.cl\/w\/#organization"},"potentialAction":[{"@type":"SearchAction","target":{"@type":"EntryPoint","urlTemplate":"https:\/\/munilaja.cl\/w\/?s={search_term_string}"},"query-input":{"@type":"PropertyValueSpecification","valueRequired":true,"valueName":"search_term_string"}}],"inLanguage":"es"},{"@type":"Organization","@id":"https:\/\/munilaja.cl\/w\/#organization","name":"Municipalidad de Laja","url":"https:\/\/munilaja.cl\/w\/","logo":{"@type":"ImageObject","inLanguage":"es","@id":"https:\/\/munilaja.cl\/w\/#\/schema\/logo\/image\/","url":"https:\/\/munilaja.cl\/w\/wp-content\/uploads\/2024\/11\/ESCUDO-LAJA-LETRAS-BLANCAS-LOGO-WEB.png","contentUrl":"https:\/\/munilaja.cl\/w\/wp-content\/uploads\/2024\/11\/ESCUDO-LAJA-LETRAS-BLANCAS-LOGO-WEB.png","width":150,"height":150,"caption":"Municipalidad de Laja"},"image":{"@id":"https:\/\/munilaja.cl\/w\/#\/schema\/logo\/image\/"}}]}},"_links":{"self":[{"href":"https:\/\/munilaja.cl\/w\/wp-json\/wp\/v2\/pages\/65606"}],"collection":[{"href":"https:\/\/munilaja.cl\/w\/wp-json\/wp\/v2\/pages"}],"about":[{"href":"https:\/\/munilaja.cl\/w\/wp-json\/wp\/v2\/types\/page"}],"author":[{"embeddable":true,"href":"https:\/\/munilaja.cl\/w\/wp-json\/wp\/v2\/users\/11"}],"replies":[{"embeddable":true,"href":"https:\/\/munilaja.cl\/w\/wp-json\/wp\/v2\/comments?post=65606"}],"version-history":[{"count":1,"href":"https:\/\/munilaja.cl\/w\/wp-json\/wp\/v2\/pages\/65606\/revisions"}],"predecessor-version":[{"id":65607,"href":"https:\/\/munilaja.cl\/w\/wp-json\/wp\/v2\/pages\/65606\/revisions\/65607"}],"wp:attachment":[{"href":"https:\/\/munilaja.cl\/w\/wp-json\/wp\/v2\/media?parent=65606"}],"curies":[{"name":"wp","href":"https:\/\/api.w.org\/{rel}","templated":true}]}}