{"id":65604,"date":"2023-07-27T08:44:14","date_gmt":"2023-07-27T12:44:14","guid":{"rendered":"https:\/\/munilaja.cl\/w\/?page_id=65604"},"modified":"2023-07-27T08:44:14","modified_gmt":"2023-07-27T12:44:14","slug":"subsidio-familiar","status":"publish","type":"page","link":"https:\/\/munilaja.cl\/w\/subsidio-familiar\/","title":{"rendered":"SUBSIDIO FAMILIAR"},"content":{"rendered":"\n<p>La puerta de entrada para acceder a todos los beneficios del estado es el <strong>Registro Social de Hogares<\/strong>, instrumento que mide los niveles de vulnerabilidad de las familias, diferenci\u00e1ndolas de aquellas que est\u00e1n en condiciones de generar ingresos.<\/p>\n\n\n\n<p><strong>Subsidio \u00danico Familiar (SUF) \u00bfC\u00f3mo postular?<\/strong><\/p>\n\n\n\n<p><strong>Requisitos y Montos<\/strong><\/p>\n\n\n\n<p>El Subsidio \u00danico Familiar (SUF) es un aporte monetario mensual que entrega el estado para todas aquellas familias pertenecientes a los sectores m\u00e1s vulnerables del pa\u00eds.<\/p>\n\n\n\n<p><strong>\u00bfA qui\u00e9n est\u00e1 dirigido el Subsidio \u00danico Familiar? (SUF)\u00a0<\/strong><\/p>\n\n\n\n<p>El aporte mensual SUF est\u00e1 destinado a todas aquellas personas que tengan cargas debidamente registradas y que formen parte del 60% m\u00e1s vulnerable de la poblaci\u00f3n seg\u00fan los datos del Registro Social de Hogares<\/p>\n\n\n\n<p>Est\u00e1 dirigido principalmente a pap\u00e1s, mam\u00e1s o cuidadores de ni\u00f1os menores de edad que no pueden acceder al beneficio de asignaci\u00f3n familiar o maternal, porque no est\u00e1n afiliados a un sistema previsional.<\/p>\n\n\n\n<p>El Subsidio \u00danico Familiar, consta de un aporte en dinero que se cancela todos los meses por cada carga del grupo familiar y tiene una vigencia de 3 a\u00f1os, desde que se empez\u00f3 a recibir el beneficio.<\/p>\n\n\n\n<p>Los documentos que necesitas presentar<\/p>\n\n\n\n<p>Certificado de nacimiento del menor.<\/p>\n\n\n\n<p>Fotocopia carne control ni\u00f1o sano, al d\u00eda, de los menores de 6 a\u00f1os.<\/p>\n\n\n\n<p>Debe ser fotocopiado para corroborar que el ni\u00f1o o ni\u00f1a potencial beneficiario del SUF, tenga sus controles de salud y vacunas al d\u00eda.<\/p>\n\n\n\n<p>En caso de que las cargas tengan m\u00e1s de 6 a\u00f1os, se debe presentar certificado de <strong>alumno regular<\/strong>, para acreditar que cursa estudios regulares en los niveles de ense\u00f1anza b\u00e1sica y media.<\/p>\n\n\n\n<p>Fotocopia c\u00e9dula de identidad de la madre que necesite postular al subsidio.<\/p>\n\n\n\n<p>Trat\u00e1ndose de menores y cuando corresponda, la Municipalidad podr\u00e1 solicitar acreditar la calidad de guardador o cuidador. (Juzgado de Familia)<\/p>\n\n\n\n<p><strong>\u00bfQu\u00e9 necesito para cobrar el Subsidio Maternal?<\/strong><\/p>\n\n\n\n<p>No estar cotizando en un sistema previsional (AFP) y de salud (Fonasa o Isapre).<\/p>\n\n\n\n<p>Pertenecer al 60% m\u00e1s vulnerable de la poblaci\u00f3n.<\/p>\n\n\n\n<p>No estar cobrando beneficio como causante Madre.<\/p>\n\n\n\n<p>Documentos que debes presentar<\/p>\n\n\n\n<p>C\u00e9dula de identidad nacional o emitida por extranjeros residentes en Chile.<\/p>\n\n\n\n<p>Certificado extendido por m\u00e9dico o matrona que acredite el quinto mes cumplido de embarazo.<\/p>\n\n\n\n<p>El pago del beneficio se realiza de forma retroactiva y una vez que nazca el beb\u00e9, debe ser inscrito lo antes posible en el Registro Social de Hogares, con certificado de nacimiento correspondiente, para posteriormente ser postulado en un plazo no superior a los tres meses como causante \u201creci\u00e9n nacido\u201d, obteniendo as\u00ed pago del beneficio desde que nace.<\/p>\n\n\n\n<p><strong>\u00bfCu\u00e1ndo vence el pago del Subsidio \u00danico Familiar?<\/strong><\/p>\n\n\n\n<p>Tres a\u00f1os dura el beneficio, al cual se puede volver a postular, en la Municipalidad correspondiente, llevando los documentos necesarios.<\/p>\n\n\n\n<p><strong>\u00bfC\u00f3mo se pierde el beneficio del Subsidio \u00danico Familiar?<\/strong><\/p>\n\n\n\n<p>Vencimiento del plazo de concesi\u00f3n, que corresponde a 3 a\u00f1os de vigencia<\/p>\n\n\n\n<p>No cobro durante seis meses continuos.<\/p>\n\n\n\n<p>Al optar por otro beneficio.<\/p>\n\n\n\n<p>Cuando deje de cumplir alguno de los requisitos establecidos para su otorgamiento o mantenci\u00f3n.<\/p>\n\n\n\n<p>Cuando el beneficiario no proporcione los antecedentes relativos al beneficio, que le requiera el alcalde o la entidad pagadora del mismo.<\/p>\n\n\n\n<p>Por fallecimiento del causante o beneficiario, el fallecimiento del beneficiario produce de inmediato la extinci\u00f3n del Subsidio Familiar de todos sus causantes, en este caso procede que la Municipalidad realice las gestiones necesarias para hacer postular a la persona que tenga a cargo los menores.<\/p>\n\n\n\n<p>El SUF se pierde en el caso que la beneficiaria o beneficiario empiece a trabajar y que, por lo tanto, pueda recibir a una Asignaci\u00f3n Familiar o Maternal.<\/p>\n\n\n\n<p>En caso de que el beneficiario o la beneficiaria comience a percibir una pensi\u00f3n que sea incompatible con el SUF.<\/p>\n\n\n\n<p>Monto del beneficio<\/p>\n\n\n\n<p>El monto del subsidio se fija por ley y rige en tanto no sea modificado por otra ley, el valor vigente actual es de $ 20.328 mensuales, en el caso de acreditar discapacidad, el monto es el doble ($ 40.656)<\/p>\n\n\n\n<p><strong>\u00bfD\u00f3nde se realiza el tr\u00e1mite?<\/strong><\/p>\n\n\n\n<p>Directamente en la Municipalidad, con los documentos indicados.<\/p>\n\n\n\n<p>Centro C\u00edvico<\/p>\n\n\n\n<div class=\"wp-block-group is-vertical is-layout-flex wp-container-core-group-is-layout-1 wp-block-group-is-layout-flex\">\n<p>Oficina Subsidios<\/p>\n\n\n\n<p>Encargada : Margarita Gonz\u00e1lez R.<\/p>\n\n\n\n<p>Horario : 8.30 a 13.30 hrs.<\/p>\n\n\n\n<p>Contacto : 43-2-524681<\/p>\n<\/div>\n","protected":false},"excerpt":{"rendered":"<p>La puerta de entrada para acceder a todos los beneficios del estado es el Registro Social de Hogares, instrumento que mide los niveles de vulnerabilidad de las familias, diferenci\u00e1ndolas de aquellas que est\u00e1n en condiciones de generar ingresos. Subsidio \u00danico Familiar (SUF) \u00bfC\u00f3mo postular? Requisitos y Montos El Subsidio \u00danico Familiar (SUF) es un aporte [&hellip;]<\/p>\n","protected":false},"author":11,"featured_media":0,"parent":0,"menu_order":0,"comment_status":"closed","ping_status":"closed","template":"","meta":{"zakra_sidebar_layout":"customizer","zakra_remove_content_margin":false,"zakra_sidebar":"customizer","zakra_transparent_header":"customizer","zakra_logo":0,"zakra_main_header_style":"default","zakra_menu_item_color":"","zakra_menu_item_hover_color":"","zakra_menu_item_active_color":"","zakra_menu_active_style":"zakra_menu_active_style","zakra_page_header":true,"footnotes":""},"class_list":["post-65604","page","type-page","status-publish","hentry"],"yoast_head":"<!-- This site is optimized with the Yoast SEO plugin v24.0 - https:\/\/yoast.com\/wordpress\/plugins\/seo\/ -->\n<title>SUBSIDIO FAMILIAR - Municipalidad de Laja<\/title>\n<meta name=\"robots\" content=\"index, follow, max-snippet:-1, max-image-preview:large, max-video-preview:-1\" \/>\n<link rel=\"canonical\" href=\"https:\/\/munilaja.cl\/w\/subsidio-familiar\/\" \/>\n<meta property=\"og:locale\" content=\"es_ES\" \/>\n<meta property=\"og:type\" content=\"article\" \/>\n<meta property=\"og:title\" content=\"SUBSIDIO FAMILIAR - Municipalidad de Laja\" \/>\n<meta property=\"og:description\" content=\"La puerta de entrada para acceder a todos los beneficios del estado es el Registro Social de Hogares, instrumento que mide los niveles de vulnerabilidad de las familias, diferenci\u00e1ndolas de aquellas que est\u00e1n en condiciones de generar ingresos. Subsidio \u00danico Familiar (SUF) \u00bfC\u00f3mo postular? Requisitos y Montos El Subsidio \u00danico Familiar (SUF) es un aporte [&hellip;]\" \/>\n<meta property=\"og:url\" content=\"https:\/\/munilaja.cl\/w\/subsidio-familiar\/\" \/>\n<meta property=\"og:site_name\" content=\"Municipalidad de Laja\" \/>\n<meta name=\"twitter:card\" content=\"summary_large_image\" \/>\n<meta name=\"twitter:label1\" content=\"Tiempo de lectura\" \/>\n\t<meta name=\"twitter:data1\" content=\"4 minutos\" \/>\n<script type=\"application\/ld+json\" class=\"yoast-schema-graph\">{\"@context\":\"https:\/\/schema.org\",\"@graph\":[{\"@type\":\"WebPage\",\"@id\":\"https:\/\/munilaja.cl\/w\/subsidio-familiar\/\",\"url\":\"https:\/\/munilaja.cl\/w\/subsidio-familiar\/\",\"name\":\"SUBSIDIO FAMILIAR - Municipalidad de Laja\",\"isPartOf\":{\"@id\":\"https:\/\/munilaja.cl\/w\/#website\"},\"datePublished\":\"2023-07-27T12:44:14+00:00\",\"dateModified\":\"2023-07-27T12:44:14+00:00\",\"breadcrumb\":{\"@id\":\"https:\/\/munilaja.cl\/w\/subsidio-familiar\/#breadcrumb\"},\"inLanguage\":\"es\",\"potentialAction\":[{\"@type\":\"ReadAction\",\"target\":[\"https:\/\/munilaja.cl\/w\/subsidio-familiar\/\"]}]},{\"@type\":\"BreadcrumbList\",\"@id\":\"https:\/\/munilaja.cl\/w\/subsidio-familiar\/#breadcrumb\",\"itemListElement\":[{\"@type\":\"ListItem\",\"position\":1,\"name\":\"Portada\",\"item\":\"https:\/\/munilaja.cl\/w\/\"},{\"@type\":\"ListItem\",\"position\":2,\"name\":\"SUBSIDIO FAMILIAR\"}]},{\"@type\":\"WebSite\",\"@id\":\"https:\/\/munilaja.cl\/w\/#website\",\"url\":\"https:\/\/munilaja.cl\/w\/\",\"name\":\"Municipalidad de Laja\",\"description\":\"Web Municipal\",\"publisher\":{\"@id\":\"https:\/\/munilaja.cl\/w\/#organization\"},\"potentialAction\":[{\"@type\":\"SearchAction\",\"target\":{\"@type\":\"EntryPoint\",\"urlTemplate\":\"https:\/\/munilaja.cl\/w\/?s={search_term_string}\"},\"query-input\":{\"@type\":\"PropertyValueSpecification\",\"valueRequired\":true,\"valueName\":\"search_term_string\"}}],\"inLanguage\":\"es\"},{\"@type\":\"Organization\",\"@id\":\"https:\/\/munilaja.cl\/w\/#organization\",\"name\":\"Municipalidad de Laja\",\"url\":\"https:\/\/munilaja.cl\/w\/\",\"logo\":{\"@type\":\"ImageObject\",\"inLanguage\":\"es\",\"@id\":\"https:\/\/munilaja.cl\/w\/#\/schema\/logo\/image\/\",\"url\":\"https:\/\/munilaja.cl\/w\/wp-content\/uploads\/2024\/11\/ESCUDO-LAJA-LETRAS-BLANCAS-LOGO-WEB.png\",\"contentUrl\":\"https:\/\/munilaja.cl\/w\/wp-content\/uploads\/2024\/11\/ESCUDO-LAJA-LETRAS-BLANCAS-LOGO-WEB.png\",\"width\":150,\"height\":150,\"caption\":\"Municipalidad de Laja\"},\"image\":{\"@id\":\"https:\/\/munilaja.cl\/w\/#\/schema\/logo\/image\/\"}}]}<\/script>\n<!-- \/ Yoast SEO plugin. -->","yoast_head_json":{"title":"SUBSIDIO FAMILIAR - Municipalidad de Laja","robots":{"index":"index","follow":"follow","max-snippet":"max-snippet:-1","max-image-preview":"max-image-preview:large","max-video-preview":"max-video-preview:-1"},"canonical":"https:\/\/munilaja.cl\/w\/subsidio-familiar\/","og_locale":"es_ES","og_type":"article","og_title":"SUBSIDIO FAMILIAR - Municipalidad de Laja","og_description":"La puerta de entrada para acceder a todos los beneficios del estado es el Registro Social de Hogares, instrumento que mide los niveles de vulnerabilidad de las familias, diferenci\u00e1ndolas de aquellas que est\u00e1n en condiciones de generar ingresos. Subsidio \u00danico Familiar (SUF) \u00bfC\u00f3mo postular? Requisitos y Montos El Subsidio \u00danico Familiar (SUF) es un aporte [&hellip;]","og_url":"https:\/\/munilaja.cl\/w\/subsidio-familiar\/","og_site_name":"Municipalidad de Laja","twitter_card":"summary_large_image","twitter_misc":{"Tiempo de lectura":"4 minutos"},"schema":{"@context":"https:\/\/schema.org","@graph":[{"@type":"WebPage","@id":"https:\/\/munilaja.cl\/w\/subsidio-familiar\/","url":"https:\/\/munilaja.cl\/w\/subsidio-familiar\/","name":"SUBSIDIO FAMILIAR - Municipalidad de Laja","isPartOf":{"@id":"https:\/\/munilaja.cl\/w\/#website"},"datePublished":"2023-07-27T12:44:14+00:00","dateModified":"2023-07-27T12:44:14+00:00","breadcrumb":{"@id":"https:\/\/munilaja.cl\/w\/subsidio-familiar\/#breadcrumb"},"inLanguage":"es","potentialAction":[{"@type":"ReadAction","target":["https:\/\/munilaja.cl\/w\/subsidio-familiar\/"]}]},{"@type":"BreadcrumbList","@id":"https:\/\/munilaja.cl\/w\/subsidio-familiar\/#breadcrumb","itemListElement":[{"@type":"ListItem","position":1,"name":"Portada","item":"https:\/\/munilaja.cl\/w\/"},{"@type":"ListItem","position":2,"name":"SUBSIDIO FAMILIAR"}]},{"@type":"WebSite","@id":"https:\/\/munilaja.cl\/w\/#website","url":"https:\/\/munilaja.cl\/w\/","name":"Municipalidad de Laja","description":"Web Municipal","publisher":{"@id":"https:\/\/munilaja.cl\/w\/#organization"},"potentialAction":[{"@type":"SearchAction","target":{"@type":"EntryPoint","urlTemplate":"https:\/\/munilaja.cl\/w\/?s={search_term_string}"},"query-input":{"@type":"PropertyValueSpecification","valueRequired":true,"valueName":"search_term_string"}}],"inLanguage":"es"},{"@type":"Organization","@id":"https:\/\/munilaja.cl\/w\/#organization","name":"Municipalidad de Laja","url":"https:\/\/munilaja.cl\/w\/","logo":{"@type":"ImageObject","inLanguage":"es","@id":"https:\/\/munilaja.cl\/w\/#\/schema\/logo\/image\/","url":"https:\/\/munilaja.cl\/w\/wp-content\/uploads\/2024\/11\/ESCUDO-LAJA-LETRAS-BLANCAS-LOGO-WEB.png","contentUrl":"https:\/\/munilaja.cl\/w\/wp-content\/uploads\/2024\/11\/ESCUDO-LAJA-LETRAS-BLANCAS-LOGO-WEB.png","width":150,"height":150,"caption":"Municipalidad de Laja"},"image":{"@id":"https:\/\/munilaja.cl\/w\/#\/schema\/logo\/image\/"}}]}},"_links":{"self":[{"href":"https:\/\/munilaja.cl\/w\/wp-json\/wp\/v2\/pages\/65604"}],"collection":[{"href":"https:\/\/munilaja.cl\/w\/wp-json\/wp\/v2\/pages"}],"about":[{"href":"https:\/\/munilaja.cl\/w\/wp-json\/wp\/v2\/types\/page"}],"author":[{"embeddable":true,"href":"https:\/\/munilaja.cl\/w\/wp-json\/wp\/v2\/users\/11"}],"replies":[{"embeddable":true,"href":"https:\/\/munilaja.cl\/w\/wp-json\/wp\/v2\/comments?post=65604"}],"version-history":[{"count":1,"href":"https:\/\/munilaja.cl\/w\/wp-json\/wp\/v2\/pages\/65604\/revisions"}],"predecessor-version":[{"id":65605,"href":"https:\/\/munilaja.cl\/w\/wp-json\/wp\/v2\/pages\/65604\/revisions\/65605"}],"wp:attachment":[{"href":"https:\/\/munilaja.cl\/w\/wp-json\/wp\/v2\/media?parent=65604"}],"curies":[{"name":"wp","href":"https:\/\/api.w.org\/{rel}","templated":true}]}}