{"id":58646,"date":"2022-04-04T23:02:25","date_gmt":"2022-04-05T03:02:25","guid":{"rendered":"https:\/\/munilaja.cl\/w\/?page_id=58646"},"modified":"2022-07-19T13:35:33","modified_gmt":"2022-07-19T17:35:33","slug":"edli","status":"publish","type":"page","link":"https:\/\/munilaja.cl\/w\/edli\/","title":{"rendered":"EDLI"},"content":{"rendered":"\n<h2 class=\"wp-block-heading\"><strong>ESTRATEGIA DE DESARROLLO LOCAL INCLUSIVO<\/strong><\/h2>\n\n\n\n<figure class=\"wp-block-image size-large\"><a href=\"https:\/\/munilaja.cl\/w\/wp-content\/uploads\/2022\/06\/CABECERA-WEB-EDLI.jpg\"><img fetchpriority=\"high\" decoding=\"async\" width=\"1024\" height=\"284\" src=\"https:\/\/munilaja.cl\/w\/wp-content\/uploads\/2022\/06\/CABECERA-WEB-EDLI-1024x284.jpg\" alt=\"\" class=\"wp-image-59308\" srcset=\"https:\/\/munilaja.cl\/w\/wp-content\/uploads\/2022\/06\/CABECERA-WEB-EDLI-1024x284.jpg 1024w, https:\/\/munilaja.cl\/w\/wp-content\/uploads\/2022\/06\/CABECERA-WEB-EDLI-300x83.jpg 300w, https:\/\/munilaja.cl\/w\/wp-content\/uploads\/2022\/06\/CABECERA-WEB-EDLI-768x213.jpg 768w, https:\/\/munilaja.cl\/w\/wp-content\/uploads\/2022\/06\/CABECERA-WEB-EDLI.jpg 1440w\" sizes=\"(max-width: 1024px) 100vw, 1024px\" \/><\/a><\/figure>\n\n\n\n<div class=\"wp-block-buttons is-layout-flex wp-block-buttons-is-layout-flex\">\n<div class=\"wp-block-button\"><a class=\"wp-block-button__link\" href=\"https:\/\/munilaja.cl\/w\/beneficios-credencial-de-discapacidad\/\">CREDENCIAL DE DISCAPACIDAD<\/a><\/div>\n\n\n\n<div class=\"wp-block-button\"><a class=\"wp-block-button__link\">FONAPI<\/a><\/div>\n\n\n\n<div class=\"wp-block-button\"><a class=\"wp-block-button__link\">PROGRAMA TVI<\/a><\/div>\n\n\n\n<div class=\"wp-block-button\"><a class=\"wp-block-button__link\">GESTION SOCIOLABORAL<\/a><\/div>\n<\/div>\n\n\n\n<p>    <\/p>\n\n\n\n<p><\/p>\n\n\n\n<p>      La Estrategia de Desarrollo Local Inclusivo (EDLI), es una oferta multiprogram\u00e1tica que tiene como objetivo generar un proceso creciente, en los territorios, de inclusi\u00f3n social de las personas con discapacidad, sus familias y organizaciones. Adem\u00e1s, considera un Plan de Apoyo a los Municipios con la finalidad de impulsar gestiones intersectoriales de envergadura para estabilizar una pol\u00edtica p\u00fablica de largo plazo que fortalezca planes de inclusi\u00f3n social para las personas con discapacidad, desde los gobiernos locales, en alianza con las organizaciones comunitarias.<\/p>\n\n\n\n<p>&nbsp;La EDLI est\u00e1 dirigida a todos los Municipios que tienen Programa, Oficina o Departamento de la Discapacidad. En nuestra comuna contamos con Programa de Discapacidad liderado actualmente por la Encargada de discapacidad Sra. Alejandra Saavedra. El Equipo de la Estrategia de desarrollo local inclusivo est\u00e1 conformado por el Gestor SocioLaboral Bruno Rodriguez Ch\u00e1vez y la Coordinadora EDLI Patricia Venegas Carmona.<\/p>\n\n\n\n<p>Objetivo General:<\/p>\n\n\n\n<p>Fomentar el desarrollo local inclusivo a nivel comunal desde una perspectiva integral, por medio del apoyo, cooperaci\u00f3n t\u00e9cnica y coordinaci\u00f3n intersectorial, para reorientar y\/o profundizar las pol\u00edticas inclusivas de desarrollo municipal.<\/p>\n\n\n\n<p><strong>Objetivos Espec\u00edficos:<\/strong><\/p>\n\n\n\n<p>\u2022&nbsp;&nbsp;&nbsp;&nbsp;&nbsp;&nbsp;&nbsp;&nbsp;&nbsp;&nbsp;&nbsp;&nbsp; Impulsar estrategias inclusivas para personas con discapacidad en los \u00e1mbitos de rehabilitaci\u00f3n con base comunitaria, tr\u00e1nsito a la vida independiente, intermediaci\u00f3n laboral y fortalecimiento del \u00e1rea de discapacidad municipal.<\/p>\n\n\n\n<p>\u2022&nbsp;&nbsp;&nbsp;&nbsp;&nbsp;&nbsp;&nbsp;&nbsp;&nbsp;&nbsp;&nbsp;&nbsp; Medir el nivel de inclusi\u00f3n de la gesti\u00f3n municipal con orientaci\u00f3n espec\u00edfica a las personas con discapacidad, a partir de la formulaci\u00f3n y mejoramiento sistem\u00e1tico de un \u00cdndice de Inclusi\u00f3n Municipal en Discapacidad (IMDIS).<\/p>\n\n\n\n<p>\u2022&nbsp;&nbsp;&nbsp;&nbsp;&nbsp;&nbsp;&nbsp;&nbsp;&nbsp;&nbsp;&nbsp;&nbsp; Determinar la demanda territorial en materia de discapacidad de cada Municipio ejecutor, a trav\u00e9s de un Diagn\u00f3stico Participativo organizado en conjunto con <strong>SENADIS<\/strong>.<\/p>\n\n\n\n<p>La <strong>EDLI<\/strong> considera entre sus acciones, la ejecuci\u00f3n de distintos programas del Servicio Nacional de la Discapacidad (<strong>SENADIS<\/strong>), como <strong>FONAPI<\/strong> y Tr\u00e1nsito a la vida Independiente(TVI) .<\/p>\n\n\n\n<p><\/p>\n\n\n\n<figure class=\"wp-block-image size-large\"><a href=\"https:\/\/munilaja.cl\/w\/wp-content\/uploads\/2022\/07\/WhatsApp-Image-2022-07-18-at-10.34.21-PM.jpeg\"><img decoding=\"async\" width=\"1024\" height=\"576\" src=\"https:\/\/munilaja.cl\/w\/wp-content\/uploads\/2022\/07\/WhatsApp-Image-2022-07-18-at-10.34.21-PM-1024x576.jpeg\" alt=\"\" class=\"wp-image-59980\" srcset=\"https:\/\/munilaja.cl\/w\/wp-content\/uploads\/2022\/07\/WhatsApp-Image-2022-07-18-at-10.34.21-PM-1024x576.jpeg 1024w, https:\/\/munilaja.cl\/w\/wp-content\/uploads\/2022\/07\/WhatsApp-Image-2022-07-18-at-10.34.21-PM-300x169.jpeg 300w, https:\/\/munilaja.cl\/w\/wp-content\/uploads\/2022\/07\/WhatsApp-Image-2022-07-18-at-10.34.21-PM-768x432.jpeg 768w, https:\/\/munilaja.cl\/w\/wp-content\/uploads\/2022\/07\/WhatsApp-Image-2022-07-18-at-10.34.21-PM.jpeg 1280w\" sizes=\"(max-width: 1024px) 100vw, 1024px\" \/><\/a><\/figure>\n\n\n\n<figure class=\"wp-block-image size-large\"><a href=\"https:\/\/munilaja.cl\/w\/wp-content\/uploads\/2022\/07\/WhatsApp-Image-2022-07-18-at-10.33.52-PM.jpeg\"><img decoding=\"async\" width=\"1024\" height=\"576\" src=\"https:\/\/munilaja.cl\/w\/wp-content\/uploads\/2022\/07\/WhatsApp-Image-2022-07-18-at-10.33.52-PM-1024x576.jpeg\" alt=\"\" class=\"wp-image-59983\" srcset=\"https:\/\/munilaja.cl\/w\/wp-content\/uploads\/2022\/07\/WhatsApp-Image-2022-07-18-at-10.33.52-PM-1024x576.jpeg 1024w, https:\/\/munilaja.cl\/w\/wp-content\/uploads\/2022\/07\/WhatsApp-Image-2022-07-18-at-10.33.52-PM-300x169.jpeg 300w, https:\/\/munilaja.cl\/w\/wp-content\/uploads\/2022\/07\/WhatsApp-Image-2022-07-18-at-10.33.52-PM-768x432.jpeg 768w, https:\/\/munilaja.cl\/w\/wp-content\/uploads\/2022\/07\/WhatsApp-Image-2022-07-18-at-10.33.52-PM.jpeg 1280w\" sizes=\"(max-width: 1024px) 100vw, 1024px\" \/><\/a><\/figure>\n","protected":false},"excerpt":{"rendered":"<p>ESTRATEGIA DE DESARROLLO LOCAL INCLUSIVO La Estrategia de Desarrollo Local Inclusivo (EDLI), es una oferta multiprogram\u00e1tica que tiene como objetivo generar un proceso creciente, en los territorios, de inclusi\u00f3n social de las personas con discapacidad, sus familias y organizaciones. Adem\u00e1s, considera un Plan de Apoyo a los Municipios con la finalidad de impulsar gestiones intersectoriales [&hellip;]<\/p>\n","protected":false},"author":11,"featured_media":58647,"parent":0,"menu_order":0,"comment_status":"closed","ping_status":"closed","template":"","meta":{"zakra_sidebar_layout":"customizer","zakra_remove_content_margin":false,"zakra_sidebar":"customizer","zakra_transparent_header":"customizer","zakra_logo":0,"zakra_main_header_style":"default","zakra_menu_item_color":"","zakra_menu_item_hover_color":"","zakra_menu_item_active_color":"","zakra_menu_active_style":"zakra_menu_active_style","zakra_page_header":true,"footnotes":""},"class_list":["post-58646","page","type-page","status-publish","has-post-thumbnail","hentry"],"yoast_head":"<!-- This site is optimized with the Yoast SEO plugin v24.0 - https:\/\/yoast.com\/wordpress\/plugins\/seo\/ -->\n<title>EDLI - Municipalidad de Laja<\/title>\n<meta name=\"robots\" content=\"index, follow, max-snippet:-1, max-image-preview:large, max-video-preview:-1\" \/>\n<link rel=\"canonical\" href=\"https:\/\/munilaja.cl\/w\/edli\/\" \/>\n<meta property=\"og:locale\" content=\"es_ES\" \/>\n<meta property=\"og:type\" content=\"article\" \/>\n<meta property=\"og:title\" content=\"EDLI - Municipalidad de Laja\" \/>\n<meta property=\"og:description\" content=\"ESTRATEGIA DE DESARROLLO LOCAL INCLUSIVO La Estrategia de Desarrollo Local Inclusivo (EDLI), es una oferta multiprogram\u00e1tica que tiene como objetivo generar un proceso creciente, en los territorios, de inclusi\u00f3n social de las personas con discapacidad, sus familias y organizaciones. Adem\u00e1s, considera un Plan de Apoyo a los Municipios con la finalidad de impulsar gestiones intersectoriales [&hellip;]\" \/>\n<meta property=\"og:url\" content=\"https:\/\/munilaja.cl\/w\/edli\/\" \/>\n<meta property=\"og:site_name\" content=\"Municipalidad de Laja\" \/>\n<meta property=\"article:modified_time\" content=\"2022-07-19T17:35:33+00:00\" \/>\n<meta property=\"og:image\" content=\"https:\/\/munilaja.cl\/w\/wp-content\/uploads\/2022\/04\/EDLI-BTN.jpg\" \/>\n\t<meta property=\"og:image:width\" content=\"472\" \/>\n\t<meta property=\"og:image:height\" content=\"157\" \/>\n\t<meta property=\"og:image:type\" content=\"image\/jpeg\" \/>\n<meta name=\"twitter:card\" content=\"summary_large_image\" \/>\n<meta name=\"twitter:label1\" content=\"Tiempo de lectura\" \/>\n\t<meta name=\"twitter:data1\" content=\"2 minutos\" \/>\n<script type=\"application\/ld+json\" class=\"yoast-schema-graph\">{\"@context\":\"https:\/\/schema.org\",\"@graph\":[{\"@type\":\"WebPage\",\"@id\":\"https:\/\/munilaja.cl\/w\/edli\/\",\"url\":\"https:\/\/munilaja.cl\/w\/edli\/\",\"name\":\"EDLI - Municipalidad de Laja\",\"isPartOf\":{\"@id\":\"https:\/\/munilaja.cl\/w\/#website\"},\"primaryImageOfPage\":{\"@id\":\"https:\/\/munilaja.cl\/w\/edli\/#primaryimage\"},\"image\":{\"@id\":\"https:\/\/munilaja.cl\/w\/edli\/#primaryimage\"},\"thumbnailUrl\":\"https:\/\/munilaja.cl\/w\/wp-content\/uploads\/2022\/04\/EDLI-BTN.jpg\",\"datePublished\":\"2022-04-05T03:02:25+00:00\",\"dateModified\":\"2022-07-19T17:35:33+00:00\",\"breadcrumb\":{\"@id\":\"https:\/\/munilaja.cl\/w\/edli\/#breadcrumb\"},\"inLanguage\":\"es\",\"potentialAction\":[{\"@type\":\"ReadAction\",\"target\":[\"https:\/\/munilaja.cl\/w\/edli\/\"]}]},{\"@type\":\"ImageObject\",\"inLanguage\":\"es\",\"@id\":\"https:\/\/munilaja.cl\/w\/edli\/#primaryimage\",\"url\":\"https:\/\/munilaja.cl\/w\/wp-content\/uploads\/2022\/04\/EDLI-BTN.jpg\",\"contentUrl\":\"https:\/\/munilaja.cl\/w\/wp-content\/uploads\/2022\/04\/EDLI-BTN.jpg\",\"width\":472,\"height\":157},{\"@type\":\"BreadcrumbList\",\"@id\":\"https:\/\/munilaja.cl\/w\/edli\/#breadcrumb\",\"itemListElement\":[{\"@type\":\"ListItem\",\"position\":1,\"name\":\"Portada\",\"item\":\"https:\/\/munilaja.cl\/w\/\"},{\"@type\":\"ListItem\",\"position\":2,\"name\":\"EDLI\"}]},{\"@type\":\"WebSite\",\"@id\":\"https:\/\/munilaja.cl\/w\/#website\",\"url\":\"https:\/\/munilaja.cl\/w\/\",\"name\":\"Municipalidad de Laja\",\"description\":\"Web Municipal\",\"publisher\":{\"@id\":\"https:\/\/munilaja.cl\/w\/#organization\"},\"potentialAction\":[{\"@type\":\"SearchAction\",\"target\":{\"@type\":\"EntryPoint\",\"urlTemplate\":\"https:\/\/munilaja.cl\/w\/?s={search_term_string}\"},\"query-input\":{\"@type\":\"PropertyValueSpecification\",\"valueRequired\":true,\"valueName\":\"search_term_string\"}}],\"inLanguage\":\"es\"},{\"@type\":\"Organization\",\"@id\":\"https:\/\/munilaja.cl\/w\/#organization\",\"name\":\"Municipalidad de Laja\",\"url\":\"https:\/\/munilaja.cl\/w\/\",\"logo\":{\"@type\":\"ImageObject\",\"inLanguage\":\"es\",\"@id\":\"https:\/\/munilaja.cl\/w\/#\/schema\/logo\/image\/\",\"url\":\"https:\/\/munilaja.cl\/w\/wp-content\/uploads\/2024\/11\/ESCUDO-LAJA-LETRAS-BLANCAS-LOGO-WEB.png\",\"contentUrl\":\"https:\/\/munilaja.cl\/w\/wp-content\/uploads\/2024\/11\/ESCUDO-LAJA-LETRAS-BLANCAS-LOGO-WEB.png\",\"width\":150,\"height\":150,\"caption\":\"Municipalidad de Laja\"},\"image\":{\"@id\":\"https:\/\/munilaja.cl\/w\/#\/schema\/logo\/image\/\"}}]}<\/script>\n<!-- \/ Yoast SEO plugin. -->","yoast_head_json":{"title":"EDLI - Municipalidad de Laja","robots":{"index":"index","follow":"follow","max-snippet":"max-snippet:-1","max-image-preview":"max-image-preview:large","max-video-preview":"max-video-preview:-1"},"canonical":"https:\/\/munilaja.cl\/w\/edli\/","og_locale":"es_ES","og_type":"article","og_title":"EDLI - Municipalidad de Laja","og_description":"ESTRATEGIA DE DESARROLLO LOCAL INCLUSIVO La Estrategia de Desarrollo Local Inclusivo (EDLI), es una oferta multiprogram\u00e1tica que tiene como objetivo generar un proceso creciente, en los territorios, de inclusi\u00f3n social de las personas con discapacidad, sus familias y organizaciones. Adem\u00e1s, considera un Plan de Apoyo a los Municipios con la finalidad de impulsar gestiones intersectoriales [&hellip;]","og_url":"https:\/\/munilaja.cl\/w\/edli\/","og_site_name":"Municipalidad de Laja","article_modified_time":"2022-07-19T17:35:33+00:00","og_image":[{"width":472,"height":157,"url":"https:\/\/munilaja.cl\/w\/wp-content\/uploads\/2022\/04\/EDLI-BTN.jpg","type":"image\/jpeg"}],"twitter_card":"summary_large_image","twitter_misc":{"Tiempo de lectura":"2 minutos"},"schema":{"@context":"https:\/\/schema.org","@graph":[{"@type":"WebPage","@id":"https:\/\/munilaja.cl\/w\/edli\/","url":"https:\/\/munilaja.cl\/w\/edli\/","name":"EDLI - Municipalidad de Laja","isPartOf":{"@id":"https:\/\/munilaja.cl\/w\/#website"},"primaryImageOfPage":{"@id":"https:\/\/munilaja.cl\/w\/edli\/#primaryimage"},"image":{"@id":"https:\/\/munilaja.cl\/w\/edli\/#primaryimage"},"thumbnailUrl":"https:\/\/munilaja.cl\/w\/wp-content\/uploads\/2022\/04\/EDLI-BTN.jpg","datePublished":"2022-04-05T03:02:25+00:00","dateModified":"2022-07-19T17:35:33+00:00","breadcrumb":{"@id":"https:\/\/munilaja.cl\/w\/edli\/#breadcrumb"},"inLanguage":"es","potentialAction":[{"@type":"ReadAction","target":["https:\/\/munilaja.cl\/w\/edli\/"]}]},{"@type":"ImageObject","inLanguage":"es","@id":"https:\/\/munilaja.cl\/w\/edli\/#primaryimage","url":"https:\/\/munilaja.cl\/w\/wp-content\/uploads\/2022\/04\/EDLI-BTN.jpg","contentUrl":"https:\/\/munilaja.cl\/w\/wp-content\/uploads\/2022\/04\/EDLI-BTN.jpg","width":472,"height":157},{"@type":"BreadcrumbList","@id":"https:\/\/munilaja.cl\/w\/edli\/#breadcrumb","itemListElement":[{"@type":"ListItem","position":1,"name":"Portada","item":"https:\/\/munilaja.cl\/w\/"},{"@type":"ListItem","position":2,"name":"EDLI"}]},{"@type":"WebSite","@id":"https:\/\/munilaja.cl\/w\/#website","url":"https:\/\/munilaja.cl\/w\/","name":"Municipalidad de Laja","description":"Web Municipal","publisher":{"@id":"https:\/\/munilaja.cl\/w\/#organization"},"potentialAction":[{"@type":"SearchAction","target":{"@type":"EntryPoint","urlTemplate":"https:\/\/munilaja.cl\/w\/?s={search_term_string}"},"query-input":{"@type":"PropertyValueSpecification","valueRequired":true,"valueName":"search_term_string"}}],"inLanguage":"es"},{"@type":"Organization","@id":"https:\/\/munilaja.cl\/w\/#organization","name":"Municipalidad de Laja","url":"https:\/\/munilaja.cl\/w\/","logo":{"@type":"ImageObject","inLanguage":"es","@id":"https:\/\/munilaja.cl\/w\/#\/schema\/logo\/image\/","url":"https:\/\/munilaja.cl\/w\/wp-content\/uploads\/2024\/11\/ESCUDO-LAJA-LETRAS-BLANCAS-LOGO-WEB.png","contentUrl":"https:\/\/munilaja.cl\/w\/wp-content\/uploads\/2024\/11\/ESCUDO-LAJA-LETRAS-BLANCAS-LOGO-WEB.png","width":150,"height":150,"caption":"Municipalidad de Laja"},"image":{"@id":"https:\/\/munilaja.cl\/w\/#\/schema\/logo\/image\/"}}]}},"_links":{"self":[{"href":"https:\/\/munilaja.cl\/w\/wp-json\/wp\/v2\/pages\/58646"}],"collection":[{"href":"https:\/\/munilaja.cl\/w\/wp-json\/wp\/v2\/pages"}],"about":[{"href":"https:\/\/munilaja.cl\/w\/wp-json\/wp\/v2\/types\/page"}],"author":[{"embeddable":true,"href":"https:\/\/munilaja.cl\/w\/wp-json\/wp\/v2\/users\/11"}],"replies":[{"embeddable":true,"href":"https:\/\/munilaja.cl\/w\/wp-json\/wp\/v2\/comments?post=58646"}],"version-history":[{"count":6,"href":"https:\/\/munilaja.cl\/w\/wp-json\/wp\/v2\/pages\/58646\/revisions"}],"predecessor-version":[{"id":59984,"href":"https:\/\/munilaja.cl\/w\/wp-json\/wp\/v2\/pages\/58646\/revisions\/59984"}],"wp:featuredmedia":[{"embeddable":true,"href":"https:\/\/munilaja.cl\/w\/wp-json\/wp\/v2\/media\/58647"}],"wp:attachment":[{"href":"https:\/\/munilaja.cl\/w\/wp-json\/wp\/v2\/media?parent=58646"}],"curies":[{"name":"wp","href":"https:\/\/api.w.org\/{rel}","templated":true}]}}