{"id":47468,"date":"2018-09-12T01:08:23","date_gmt":"2018-09-12T01:08:23","guid":{"rendered":"http:\/\/munilaja.cl\/w\/?page_id=47468"},"modified":"2025-05-08T15:44:44","modified_gmt":"2025-05-08T19:44:44","slug":"informes-financieros-municipales","status":"publish","type":"page","link":"https:\/\/munilaja.cl\/w\/informes-financieros-municipales\/","title":{"rendered":"Informes Financieros Municipales"},"content":{"rendered":"<p>Informes Financieros correspondientes al ejercicio a\u00f1o 2024<\/p>\n<ol>\n<li><a href=\"https:\/\/munilaja.cl\/w\/wp-content\/uploads\/2025\/05\/Of.-339-con-Informes-Financieros-2024.pdf\">Informes Financieros<\/a><\/li>\n<\/ol>\n<p>Informes Financieros correspondientes al ejercicio a\u00f1o 2023<\/p>\n<ol>\n<li><a href=\"https:\/\/munilaja.cl\/w\/wp-content\/uploads\/2024\/06\/INFORMES-FINANCIEROS-2023-FINAL.pdf\">Informes Financieros<\/a><\/li>\n<\/ol>\n<p>Informes Financieros correspondientes al ejercicio a\u00f1o 2022<\/p>\n<ol>\n<li><a href=\"https:\/\/munilaja.cl\/w\/wp-content\/uploads\/2023\/07\/INFORMES-FINANCIEROS-2022.pdf\">Informes Financieros<\/a><\/li>\n<\/ol>\n<p>Informes Financieros correspondientes al ejercicio a\u00f1o 2021<\/p>\n<ol>\n<li><a href=\"https:\/\/munilaja.cl\/w\/wp-content\/uploads\/2023\/07\/Informes-Financieros-2021.pdf\">Informes Financieros<\/a><\/li>\n<\/ol>\n<p>Informes Financieros correspondientes al ejercicio a\u00f1o 2018<\/p>\n<ol>\n<li><a href=\"https:\/\/munilaja.cl\/w\/wp-content\/uploads\/2019\/04\/Estados-Financieros_04182019_105154.pdf\" target=\"_blank\" rel=\"noopener noreferrer\">Informes Financieros a\u00f1o 2018.<\/a><\/li>\n<li><a href=\"https:\/\/munilaja.cl\/w\/wp-content\/uploads\/2019\/04\/ALCANCE-NOTAS-EXPLICATIVAS.pdf\" target=\"_blank\" rel=\"noopener noreferrer\">Notas Explicativas.<\/a><\/li>\n<\/ol>\n<p>Informes Financieros correspondientes al ejercicio a\u00f1o 2017:<\/p>\n<ol>\n<li><a href=\"https:\/\/munilaja.cl\/w\/wp-content\/uploads\/2018\/09\/INFORMES-FINANCIEROS-2018-FIRMADOS-1.pdf\" target=\"_blank\" rel=\"nofollow noopener noreferrer\">Informes Financieros a\u00f1o 2017.<\/a><\/li>\n<li><a href=\"https:\/\/munilaja.cl\/w\/wp-content\/uploads\/2018\/09\/NOTAS-EXPLICATIVAS-CORRECCIONES-2018-CONTRALORIA.pdf\" target=\"_blank\" rel=\"nofollow noopener noreferrer\">Notas Explicativas.<\/a><\/li>\n<\/ol>\n","protected":false},"excerpt":{"rendered":"<p>Informes Financieros correspondientes al ejercicio a\u00f1o 2024 Informes Financieros Informes Financieros correspondientes al ejercicio a\u00f1o 2023 Informes Financieros Informes Financieros correspondientes al ejercicio a\u00f1o 2022 Informes Financieros Informes Financieros correspondientes al ejercicio a\u00f1o 2021 Informes Financieros Informes Financieros correspondientes al ejercicio a\u00f1o 2018 Informes Financieros a\u00f1o 2018. Notas Explicativas. Informes Financieros correspondientes al ejercicio a\u00f1o [&hellip;]<\/p>\n","protected":false},"author":11,"featured_media":0,"parent":0,"menu_order":0,"comment_status":"closed","ping_status":"closed","template":"","meta":{"zakra_sidebar_layout":"customizer","zakra_remove_content_margin":false,"zakra_sidebar":"customizer","zakra_transparent_header":"customizer","zakra_logo":0,"zakra_main_header_style":"default","zakra_menu_item_color":"","zakra_menu_item_hover_color":"","zakra_menu_item_active_color":"","zakra_menu_active_style":"zakra_menu_active_style","zakra_page_header":true,"footnotes":""},"class_list":["post-47468","page","type-page","status-publish","hentry"],"yoast_head":"<!-- This site is optimized with the Yoast SEO plugin v24.0 - https:\/\/yoast.com\/wordpress\/plugins\/seo\/ -->\n<title>Informes Financieros Municipales - Municipalidad de Laja<\/title>\n<meta name=\"robots\" content=\"index, follow, max-snippet:-1, max-image-preview:large, max-video-preview:-1\" \/>\n<link rel=\"canonical\" href=\"https:\/\/munilaja.cl\/w\/informes-financieros-municipales\/\" \/>\n<meta property=\"og:locale\" content=\"es_ES\" \/>\n<meta property=\"og:type\" content=\"article\" \/>\n<meta property=\"og:title\" content=\"Informes Financieros Municipales - Municipalidad de Laja\" \/>\n<meta property=\"og:description\" content=\"Informes Financieros correspondientes al ejercicio a\u00f1o 2024 Informes Financieros Informes Financieros correspondientes al ejercicio a\u00f1o 2023 Informes Financieros Informes Financieros correspondientes al ejercicio a\u00f1o 2022 Informes Financieros Informes Financieros correspondientes al ejercicio a\u00f1o 2021 Informes Financieros Informes Financieros correspondientes al ejercicio a\u00f1o 2018 Informes Financieros a\u00f1o 2018. Notas Explicativas. Informes Financieros correspondientes al ejercicio a\u00f1o [&hellip;]\" \/>\n<meta property=\"og:url\" content=\"https:\/\/munilaja.cl\/w\/informes-financieros-municipales\/\" \/>\n<meta property=\"og:site_name\" content=\"Municipalidad de Laja\" \/>\n<meta property=\"article:modified_time\" content=\"2025-05-08T19:44:44+00:00\" \/>\n<meta name=\"twitter:card\" content=\"summary_large_image\" \/>\n<meta name=\"twitter:label1\" content=\"Tiempo de lectura\" \/>\n\t<meta name=\"twitter:data1\" content=\"1 minuto\" \/>\n<script type=\"application\/ld+json\" class=\"yoast-schema-graph\">{\"@context\":\"https:\/\/schema.org\",\"@graph\":[{\"@type\":\"WebPage\",\"@id\":\"https:\/\/munilaja.cl\/w\/informes-financieros-municipales\/\",\"url\":\"https:\/\/munilaja.cl\/w\/informes-financieros-municipales\/\",\"name\":\"Informes Financieros Municipales - Municipalidad de Laja\",\"isPartOf\":{\"@id\":\"https:\/\/munilaja.cl\/w\/#website\"},\"datePublished\":\"2018-09-12T01:08:23+00:00\",\"dateModified\":\"2025-05-08T19:44:44+00:00\",\"breadcrumb\":{\"@id\":\"https:\/\/munilaja.cl\/w\/informes-financieros-municipales\/#breadcrumb\"},\"inLanguage\":\"es\",\"potentialAction\":[{\"@type\":\"ReadAction\",\"target\":[\"https:\/\/munilaja.cl\/w\/informes-financieros-municipales\/\"]}]},{\"@type\":\"BreadcrumbList\",\"@id\":\"https:\/\/munilaja.cl\/w\/informes-financieros-municipales\/#breadcrumb\",\"itemListElement\":[{\"@type\":\"ListItem\",\"position\":1,\"name\":\"Portada\",\"item\":\"https:\/\/munilaja.cl\/w\/\"},{\"@type\":\"ListItem\",\"position\":2,\"name\":\"Informes Financieros Municipales\"}]},{\"@type\":\"WebSite\",\"@id\":\"https:\/\/munilaja.cl\/w\/#website\",\"url\":\"https:\/\/munilaja.cl\/w\/\",\"name\":\"Municipalidad de Laja\",\"description\":\"Web Municipal\",\"publisher\":{\"@id\":\"https:\/\/munilaja.cl\/w\/#organization\"},\"potentialAction\":[{\"@type\":\"SearchAction\",\"target\":{\"@type\":\"EntryPoint\",\"urlTemplate\":\"https:\/\/munilaja.cl\/w\/?s={search_term_string}\"},\"query-input\":{\"@type\":\"PropertyValueSpecification\",\"valueRequired\":true,\"valueName\":\"search_term_string\"}}],\"inLanguage\":\"es\"},{\"@type\":\"Organization\",\"@id\":\"https:\/\/munilaja.cl\/w\/#organization\",\"name\":\"Municipalidad de Laja\",\"url\":\"https:\/\/munilaja.cl\/w\/\",\"logo\":{\"@type\":\"ImageObject\",\"inLanguage\":\"es\",\"@id\":\"https:\/\/munilaja.cl\/w\/#\/schema\/logo\/image\/\",\"url\":\"https:\/\/munilaja.cl\/w\/wp-content\/uploads\/2024\/11\/ESCUDO-LAJA-LETRAS-BLANCAS-LOGO-WEB.png\",\"contentUrl\":\"https:\/\/munilaja.cl\/w\/wp-content\/uploads\/2024\/11\/ESCUDO-LAJA-LETRAS-BLANCAS-LOGO-WEB.png\",\"width\":150,\"height\":150,\"caption\":\"Municipalidad de Laja\"},\"image\":{\"@id\":\"https:\/\/munilaja.cl\/w\/#\/schema\/logo\/image\/\"}}]}<\/script>\n<!-- \/ Yoast SEO plugin. -->","yoast_head_json":{"title":"Informes Financieros Municipales - Municipalidad de Laja","robots":{"index":"index","follow":"follow","max-snippet":"max-snippet:-1","max-image-preview":"max-image-preview:large","max-video-preview":"max-video-preview:-1"},"canonical":"https:\/\/munilaja.cl\/w\/informes-financieros-municipales\/","og_locale":"es_ES","og_type":"article","og_title":"Informes Financieros Municipales - Municipalidad de Laja","og_description":"Informes Financieros correspondientes al ejercicio a\u00f1o 2024 Informes Financieros Informes Financieros correspondientes al ejercicio a\u00f1o 2023 Informes Financieros Informes Financieros correspondientes al ejercicio a\u00f1o 2022 Informes Financieros Informes Financieros correspondientes al ejercicio a\u00f1o 2021 Informes Financieros Informes Financieros correspondientes al ejercicio a\u00f1o 2018 Informes Financieros a\u00f1o 2018. Notas Explicativas. Informes Financieros correspondientes al ejercicio a\u00f1o [&hellip;]","og_url":"https:\/\/munilaja.cl\/w\/informes-financieros-municipales\/","og_site_name":"Municipalidad de Laja","article_modified_time":"2025-05-08T19:44:44+00:00","twitter_card":"summary_large_image","twitter_misc":{"Tiempo de lectura":"1 minuto"},"schema":{"@context":"https:\/\/schema.org","@graph":[{"@type":"WebPage","@id":"https:\/\/munilaja.cl\/w\/informes-financieros-municipales\/","url":"https:\/\/munilaja.cl\/w\/informes-financieros-municipales\/","name":"Informes Financieros Municipales - Municipalidad de Laja","isPartOf":{"@id":"https:\/\/munilaja.cl\/w\/#website"},"datePublished":"2018-09-12T01:08:23+00:00","dateModified":"2025-05-08T19:44:44+00:00","breadcrumb":{"@id":"https:\/\/munilaja.cl\/w\/informes-financieros-municipales\/#breadcrumb"},"inLanguage":"es","potentialAction":[{"@type":"ReadAction","target":["https:\/\/munilaja.cl\/w\/informes-financieros-municipales\/"]}]},{"@type":"BreadcrumbList","@id":"https:\/\/munilaja.cl\/w\/informes-financieros-municipales\/#breadcrumb","itemListElement":[{"@type":"ListItem","position":1,"name":"Portada","item":"https:\/\/munilaja.cl\/w\/"},{"@type":"ListItem","position":2,"name":"Informes Financieros Municipales"}]},{"@type":"WebSite","@id":"https:\/\/munilaja.cl\/w\/#website","url":"https:\/\/munilaja.cl\/w\/","name":"Municipalidad de Laja","description":"Web Municipal","publisher":{"@id":"https:\/\/munilaja.cl\/w\/#organization"},"potentialAction":[{"@type":"SearchAction","target":{"@type":"EntryPoint","urlTemplate":"https:\/\/munilaja.cl\/w\/?s={search_term_string}"},"query-input":{"@type":"PropertyValueSpecification","valueRequired":true,"valueName":"search_term_string"}}],"inLanguage":"es"},{"@type":"Organization","@id":"https:\/\/munilaja.cl\/w\/#organization","name":"Municipalidad de Laja","url":"https:\/\/munilaja.cl\/w\/","logo":{"@type":"ImageObject","inLanguage":"es","@id":"https:\/\/munilaja.cl\/w\/#\/schema\/logo\/image\/","url":"https:\/\/munilaja.cl\/w\/wp-content\/uploads\/2024\/11\/ESCUDO-LAJA-LETRAS-BLANCAS-LOGO-WEB.png","contentUrl":"https:\/\/munilaja.cl\/w\/wp-content\/uploads\/2024\/11\/ESCUDO-LAJA-LETRAS-BLANCAS-LOGO-WEB.png","width":150,"height":150,"caption":"Municipalidad de Laja"},"image":{"@id":"https:\/\/munilaja.cl\/w\/#\/schema\/logo\/image\/"}}]}},"_links":{"self":[{"href":"https:\/\/munilaja.cl\/w\/wp-json\/wp\/v2\/pages\/47468"}],"collection":[{"href":"https:\/\/munilaja.cl\/w\/wp-json\/wp\/v2\/pages"}],"about":[{"href":"https:\/\/munilaja.cl\/w\/wp-json\/wp\/v2\/types\/page"}],"author":[{"embeddable":true,"href":"https:\/\/munilaja.cl\/w\/wp-json\/wp\/v2\/users\/11"}],"replies":[{"embeddable":true,"href":"https:\/\/munilaja.cl\/w\/wp-json\/wp\/v2\/comments?post=47468"}],"version-history":[{"count":4,"href":"https:\/\/munilaja.cl\/w\/wp-json\/wp\/v2\/pages\/47468\/revisions"}],"predecessor-version":[{"id":72559,"href":"https:\/\/munilaja.cl\/w\/wp-json\/wp\/v2\/pages\/47468\/revisions\/72559"}],"wp:attachment":[{"href":"https:\/\/munilaja.cl\/w\/wp-json\/wp\/v2\/media?parent=47468"}],"curies":[{"name":"wp","href":"https:\/\/api.w.org\/{rel}","templated":true}]}}