{"id":47,"date":"2013-04-16T02:15:08","date_gmt":"2013-04-16T02:15:08","guid":{"rendered":"http:\/\/munilaja.cl\/w\/?page_id=47"},"modified":"2024-12-10T12:58:39","modified_gmt":"2024-12-10T16:58:39","slug":"secplan","status":"publish","type":"page","link":"https:\/\/munilaja.cl\/w\/secplan\/","title":{"rendered":"SECPLAN"},"content":{"rendered":"<p style=\"text-align: justify;\"><em>La Secretar\u00eda Comunal de Planificaci\u00f3n desempe\u00f1ar\u00e1 funciones de asesor\u00eda del Alcalde y del Concejo, en materias de estudios y evaluaci\u00f3n, propias de las competencias de ambos \u00f3rganos municipales.<\/em><\/p>\n<p style=\"text-align: justify;\"><em>En tal car\u00e1cter, le corresponder\u00e1n las siguientes funciones:<\/em><\/p>\n<ol style=\"text-align: justify;\">\n<li><em>Servir a la secretar\u00eda t\u00e9cnica permanente del Alcalde y del Concejo en la formulaci\u00f3n de la estrategia municipal, como asimismo de las pol\u00edticas, planes, programas y proyectos de desarrollo de la comuna.<\/em><\/li>\n<li><em>Asesorar al Alcalde en la elaboraci\u00f3n de proyectos de plan comunal de desarrollo y de presupuesto municipal.<\/em><\/li>\n<li><em>Evaluar el cumplimiento de los planes, programas, proyectos, inversiones, y el presupuesto municipal, e informar sobre estas materias al Concejo, a lo menos semestralmente.<\/em><\/li>\n<li><em>Efectuar an\u00e1lisis y evaluaciones permanentes de la situaci\u00f3n de desarrollo de la comuna, con \u00e9nfasis en los aspectos sociales y territoriales.<\/em><\/li>\n<li><em>Elaborar las bases generales y espec\u00edficas seg\u00fan corresponda, para los llamados a licitaci\u00f3n, previo informe de la unidad competente, de conformidad con los criterios e instrucciones establecidos en el reglamento municipal respectivo.<\/em><\/li>\n<li><em>Fomentar vinculaciones de car\u00e1cter t\u00e9cnico con los servicios p\u00fablicos y con el sector privado de la comuna.<\/em><\/li>\n<li><em>Recopilar y mantener la informaci\u00f3n comunal y regional atingente a sus funciones.<\/em><\/li>\n<\/ol>\n<p style=\"text-align: justify; padding-left: 30px;\"><strong>Directora de SECPLAN<\/strong><\/p>\n<p style=\"text-align: justify; padding-left: 30px;\"><strong>Gisella Soto Rubilar<\/strong><\/p>\n<p style=\"text-align: justify; padding-left: 30px;\"><strong>Mail: <span style=\"color: #800000;\"><a style=\"color: #800000;\" href=\"mailto:secplan@munilaja.cl\">secplan@munilaja.cl<\/a><\/span><\/strong><\/p>\n<p style=\"text-align: justify; padding-left: 30px;\"><strong>Fono: 43 2524607<\/strong><\/p>\n<p style=\"text-align: justify; padding-left: 30px;\"><strong>\u00a0<\/strong><\/p>\n<p style=\"text-align: justify; padding-left: 30px;\"><strong>Secretaria Secplan<\/strong><\/p>\n<p style=\"text-align: justify; padding-left: 30px;\"><strong>Carolina Proboste C.<\/strong><\/p>\n<p style=\"text-align: justify; padding-left: 30px;\"><strong>Mail: cproboste@munilaja.cl<\/strong><\/p>\n<p style=\"text-align: justify; padding-left: 30px;\"><strong>43 2534635<\/strong><\/p>\n<p style=\"text-align: justify; padding-left: 30px;\"><strong>\u00a0<\/strong><\/p>\n<p style=\"text-align: justify; padding-left: 30px;\"><strong>Balmaceda N\u00ba 292,\u00a02do.\u00a0Piso<\/strong><\/p>\n","protected":false},"excerpt":{"rendered":"<p>La Secretar\u00eda Comunal de Planificaci\u00f3n desempe\u00f1ar\u00e1 funciones de asesor\u00eda del Alcalde y del Concejo, en materias de estudios y evaluaci\u00f3n, propias de las competencias de ambos \u00f3rganos municipales. En tal car\u00e1cter, le corresponder\u00e1n las siguientes funciones: Servir a la secretar\u00eda t\u00e9cnica permanente del Alcalde y del Concejo en la formulaci\u00f3n de la estrategia municipal, como [&hellip;]<\/p>\n","protected":false},"author":11,"featured_media":0,"parent":0,"menu_order":0,"comment_status":"closed","ping_status":"open","template":"","meta":{"zakra_sidebar_layout":"customizer","zakra_remove_content_margin":false,"zakra_sidebar":"customizer","zakra_transparent_header":"customizer","zakra_logo":0,"zakra_main_header_style":"default","zakra_menu_item_color":"","zakra_menu_item_hover_color":"","zakra_menu_item_active_color":"","zakra_menu_active_style":"zakra_menu_active_style","zakra_page_header":true,"footnotes":""},"class_list":["post-47","page","type-page","status-publish","hentry"],"yoast_head":"<!-- This site is optimized with the Yoast SEO plugin v24.0 - https:\/\/yoast.com\/wordpress\/plugins\/seo\/ -->\n<title>SECPLAN - Municipalidad de Laja<\/title>\n<meta name=\"robots\" content=\"index, follow, max-snippet:-1, max-image-preview:large, max-video-preview:-1\" \/>\n<link rel=\"canonical\" href=\"https:\/\/munilaja.cl\/w\/secplan\/\" \/>\n<meta property=\"og:locale\" content=\"es_ES\" \/>\n<meta property=\"og:type\" content=\"article\" \/>\n<meta property=\"og:title\" content=\"SECPLAN - Municipalidad de Laja\" \/>\n<meta property=\"og:description\" content=\"La Secretar\u00eda Comunal de Planificaci\u00f3n desempe\u00f1ar\u00e1 funciones de asesor\u00eda del Alcalde y del Concejo, en materias de estudios y evaluaci\u00f3n, propias de las competencias de ambos \u00f3rganos municipales. En tal car\u00e1cter, le corresponder\u00e1n las siguientes funciones: Servir a la secretar\u00eda t\u00e9cnica permanente del Alcalde y del Concejo en la formulaci\u00f3n de la estrategia municipal, como [&hellip;]\" \/>\n<meta property=\"og:url\" content=\"https:\/\/munilaja.cl\/w\/secplan\/\" \/>\n<meta property=\"og:site_name\" content=\"Municipalidad de Laja\" \/>\n<meta property=\"article:modified_time\" content=\"2024-12-10T16:58:39+00:00\" \/>\n<meta name=\"twitter:card\" content=\"summary_large_image\" \/>\n<meta name=\"twitter:label1\" content=\"Tiempo de lectura\" \/>\n\t<meta name=\"twitter:data1\" content=\"1 minuto\" \/>\n<script type=\"application\/ld+json\" class=\"yoast-schema-graph\">{\"@context\":\"https:\/\/schema.org\",\"@graph\":[{\"@type\":\"WebPage\",\"@id\":\"https:\/\/munilaja.cl\/w\/secplan\/\",\"url\":\"https:\/\/munilaja.cl\/w\/secplan\/\",\"name\":\"SECPLAN - Municipalidad de Laja\",\"isPartOf\":{\"@id\":\"https:\/\/munilaja.cl\/w\/#website\"},\"datePublished\":\"2013-04-16T02:15:08+00:00\",\"dateModified\":\"2024-12-10T16:58:39+00:00\",\"breadcrumb\":{\"@id\":\"https:\/\/munilaja.cl\/w\/secplan\/#breadcrumb\"},\"inLanguage\":\"es\",\"potentialAction\":[{\"@type\":\"ReadAction\",\"target\":[\"https:\/\/munilaja.cl\/w\/secplan\/\"]}]},{\"@type\":\"BreadcrumbList\",\"@id\":\"https:\/\/munilaja.cl\/w\/secplan\/#breadcrumb\",\"itemListElement\":[{\"@type\":\"ListItem\",\"position\":1,\"name\":\"Portada\",\"item\":\"https:\/\/munilaja.cl\/w\/\"},{\"@type\":\"ListItem\",\"position\":2,\"name\":\"SECPLAN\"}]},{\"@type\":\"WebSite\",\"@id\":\"https:\/\/munilaja.cl\/w\/#website\",\"url\":\"https:\/\/munilaja.cl\/w\/\",\"name\":\"Municipalidad de Laja\",\"description\":\"Web Municipal\",\"publisher\":{\"@id\":\"https:\/\/munilaja.cl\/w\/#organization\"},\"potentialAction\":[{\"@type\":\"SearchAction\",\"target\":{\"@type\":\"EntryPoint\",\"urlTemplate\":\"https:\/\/munilaja.cl\/w\/?s={search_term_string}\"},\"query-input\":{\"@type\":\"PropertyValueSpecification\",\"valueRequired\":true,\"valueName\":\"search_term_string\"}}],\"inLanguage\":\"es\"},{\"@type\":\"Organization\",\"@id\":\"https:\/\/munilaja.cl\/w\/#organization\",\"name\":\"Municipalidad de Laja\",\"url\":\"https:\/\/munilaja.cl\/w\/\",\"logo\":{\"@type\":\"ImageObject\",\"inLanguage\":\"es\",\"@id\":\"https:\/\/munilaja.cl\/w\/#\/schema\/logo\/image\/\",\"url\":\"https:\/\/munilaja.cl\/w\/wp-content\/uploads\/2024\/11\/ESCUDO-LAJA-LETRAS-BLANCAS-LOGO-WEB.png\",\"contentUrl\":\"https:\/\/munilaja.cl\/w\/wp-content\/uploads\/2024\/11\/ESCUDO-LAJA-LETRAS-BLANCAS-LOGO-WEB.png\",\"width\":150,\"height\":150,\"caption\":\"Municipalidad de Laja\"},\"image\":{\"@id\":\"https:\/\/munilaja.cl\/w\/#\/schema\/logo\/image\/\"}}]}<\/script>\n<!-- \/ Yoast SEO plugin. -->","yoast_head_json":{"title":"SECPLAN - Municipalidad de Laja","robots":{"index":"index","follow":"follow","max-snippet":"max-snippet:-1","max-image-preview":"max-image-preview:large","max-video-preview":"max-video-preview:-1"},"canonical":"https:\/\/munilaja.cl\/w\/secplan\/","og_locale":"es_ES","og_type":"article","og_title":"SECPLAN - Municipalidad de Laja","og_description":"La Secretar\u00eda Comunal de Planificaci\u00f3n desempe\u00f1ar\u00e1 funciones de asesor\u00eda del Alcalde y del Concejo, en materias de estudios y evaluaci\u00f3n, propias de las competencias de ambos \u00f3rganos municipales. En tal car\u00e1cter, le corresponder\u00e1n las siguientes funciones: Servir a la secretar\u00eda t\u00e9cnica permanente del Alcalde y del Concejo en la formulaci\u00f3n de la estrategia municipal, como [&hellip;]","og_url":"https:\/\/munilaja.cl\/w\/secplan\/","og_site_name":"Municipalidad de Laja","article_modified_time":"2024-12-10T16:58:39+00:00","twitter_card":"summary_large_image","twitter_misc":{"Tiempo de lectura":"1 minuto"},"schema":{"@context":"https:\/\/schema.org","@graph":[{"@type":"WebPage","@id":"https:\/\/munilaja.cl\/w\/secplan\/","url":"https:\/\/munilaja.cl\/w\/secplan\/","name":"SECPLAN - Municipalidad de Laja","isPartOf":{"@id":"https:\/\/munilaja.cl\/w\/#website"},"datePublished":"2013-04-16T02:15:08+00:00","dateModified":"2024-12-10T16:58:39+00:00","breadcrumb":{"@id":"https:\/\/munilaja.cl\/w\/secplan\/#breadcrumb"},"inLanguage":"es","potentialAction":[{"@type":"ReadAction","target":["https:\/\/munilaja.cl\/w\/secplan\/"]}]},{"@type":"BreadcrumbList","@id":"https:\/\/munilaja.cl\/w\/secplan\/#breadcrumb","itemListElement":[{"@type":"ListItem","position":1,"name":"Portada","item":"https:\/\/munilaja.cl\/w\/"},{"@type":"ListItem","position":2,"name":"SECPLAN"}]},{"@type":"WebSite","@id":"https:\/\/munilaja.cl\/w\/#website","url":"https:\/\/munilaja.cl\/w\/","name":"Municipalidad de Laja","description":"Web Municipal","publisher":{"@id":"https:\/\/munilaja.cl\/w\/#organization"},"potentialAction":[{"@type":"SearchAction","target":{"@type":"EntryPoint","urlTemplate":"https:\/\/munilaja.cl\/w\/?s={search_term_string}"},"query-input":{"@type":"PropertyValueSpecification","valueRequired":true,"valueName":"search_term_string"}}],"inLanguage":"es"},{"@type":"Organization","@id":"https:\/\/munilaja.cl\/w\/#organization","name":"Municipalidad de Laja","url":"https:\/\/munilaja.cl\/w\/","logo":{"@type":"ImageObject","inLanguage":"es","@id":"https:\/\/munilaja.cl\/w\/#\/schema\/logo\/image\/","url":"https:\/\/munilaja.cl\/w\/wp-content\/uploads\/2024\/11\/ESCUDO-LAJA-LETRAS-BLANCAS-LOGO-WEB.png","contentUrl":"https:\/\/munilaja.cl\/w\/wp-content\/uploads\/2024\/11\/ESCUDO-LAJA-LETRAS-BLANCAS-LOGO-WEB.png","width":150,"height":150,"caption":"Municipalidad de Laja"},"image":{"@id":"https:\/\/munilaja.cl\/w\/#\/schema\/logo\/image\/"}}]}},"_links":{"self":[{"href":"https:\/\/munilaja.cl\/w\/wp-json\/wp\/v2\/pages\/47"}],"collection":[{"href":"https:\/\/munilaja.cl\/w\/wp-json\/wp\/v2\/pages"}],"about":[{"href":"https:\/\/munilaja.cl\/w\/wp-json\/wp\/v2\/types\/page"}],"author":[{"embeddable":true,"href":"https:\/\/munilaja.cl\/w\/wp-json\/wp\/v2\/users\/11"}],"replies":[{"embeddable":true,"href":"https:\/\/munilaja.cl\/w\/wp-json\/wp\/v2\/comments?post=47"}],"version-history":[{"count":2,"href":"https:\/\/munilaja.cl\/w\/wp-json\/wp\/v2\/pages\/47\/revisions"}],"predecessor-version":[{"id":72191,"href":"https:\/\/munilaja.cl\/w\/wp-json\/wp\/v2\/pages\/47\/revisions\/72191"}],"wp:attachment":[{"href":"https:\/\/munilaja.cl\/w\/wp-json\/wp\/v2\/media?parent=47"}],"curies":[{"name":"wp","href":"https:\/\/api.w.org\/{rel}","templated":true}]}}