{"id":35255,"date":"2017-02-10T14:10:34","date_gmt":"2017-02-10T14:10:34","guid":{"rendered":"http:\/\/munilaja.cl\/w\/?page_id=35255"},"modified":"2021-08-25T22:46:18","modified_gmt":"2021-08-25T22:46:18","slug":"audiencias-alcalde","status":"publish","type":"page","link":"https:\/\/munilaja.cl\/w\/audiencias-alcalde\/","title":{"rendered":"AUDIENCIAS ALCALDE"},"content":{"rendered":"<p style=\"text-align: justify;\">Vecinos de Laja, les informamos que los d\u00edas de audiencias realizadas por nuestro Alcalde, Vladimir Fica Toledo, se llevan a cabo todos los <strong>MARTES <\/strong>desde las <strong>8.30 hrs. <\/strong><\/p>\n<p style=\"text-align: justify;\">Cabe destacar que, la atenci\u00f3n es por orden de llegada, por lo que ese mismo d\u00eda en Secretar\u00eda de Alcald\u00eda se hace entrega de un n\u00famero de atenci\u00f3n.<\/p>\n<p style=\"text-align: justify;\">Adem\u00e1s, cada uno de los Departamentos Municipales est\u00e1n especialmente atentos durante este d\u00eda, con la intenci\u00f3n de contar con la disponibilidad necesaria que permita resolver de la mejor manera las necesidades que se presenten.<\/p>\n<p style=\"text-align: justify;\">Para mayor informaci\u00f3n, no duden acercarse hasta nuestro municipio o contactarse al tel\u00e9fono: 43 2524600.<\/p>\n<p style=\"text-align: justify;\"><strong>AUDIENCIAS A AGRUPACIONES<\/strong><\/p>\n<p style=\"text-align: justify;\">En tanto, para aquellas organizaciones o agrupaciones que necesiten una entrevista con el Alcalde, recordamos que las audiencias se realizan los d\u00edas <strong>MI\u00c9RCOLES desde las 15.30 hrs.<\/strong><\/p>\n","protected":false},"excerpt":{"rendered":"<p>Vecinos de Laja, les informamos que los d\u00edas de audiencias realizadas por nuestro Alcalde, Vladimir Fica Toledo, se llevan a cabo todos los MARTES desde las 8.30 hrs. Cabe destacar que, la atenci\u00f3n es por orden de llegada, por lo que ese mismo d\u00eda en Secretar\u00eda de Alcald\u00eda se hace entrega de un n\u00famero de [&hellip;]<\/p>\n","protected":false},"author":11,"featured_media":0,"parent":0,"menu_order":0,"comment_status":"closed","ping_status":"closed","template":"","meta":{"zakra_sidebar_layout":"customizer","zakra_remove_content_margin":false,"zakra_sidebar":"customizer","zakra_transparent_header":"customizer","zakra_logo":0,"zakra_main_header_style":"default","zakra_menu_item_color":"","zakra_menu_item_hover_color":"","zakra_menu_item_active_color":"","zakra_menu_active_style":"zakra_menu_active_style","zakra_page_header":true,"footnotes":""},"class_list":["post-35255","page","type-page","status-publish","hentry"],"yoast_head":"<!-- This site is optimized with the Yoast SEO plugin v24.0 - https:\/\/yoast.com\/wordpress\/plugins\/seo\/ -->\n<title>AUDIENCIAS ALCALDE - Municipalidad de Laja<\/title>\n<meta name=\"robots\" content=\"index, follow, max-snippet:-1, max-image-preview:large, max-video-preview:-1\" \/>\n<link rel=\"canonical\" href=\"https:\/\/munilaja.cl\/w\/audiencias-alcalde\/\" \/>\n<meta property=\"og:locale\" content=\"es_ES\" \/>\n<meta property=\"og:type\" content=\"article\" \/>\n<meta property=\"og:title\" content=\"AUDIENCIAS ALCALDE - Municipalidad de Laja\" \/>\n<meta property=\"og:description\" content=\"Vecinos de Laja, les informamos que los d\u00edas de audiencias realizadas por nuestro Alcalde, Vladimir Fica Toledo, se llevan a cabo todos los MARTES desde las 8.30 hrs. Cabe destacar que, la atenci\u00f3n es por orden de llegada, por lo que ese mismo d\u00eda en Secretar\u00eda de Alcald\u00eda se hace entrega de un n\u00famero de [&hellip;]\" \/>\n<meta property=\"og:url\" content=\"https:\/\/munilaja.cl\/w\/audiencias-alcalde\/\" \/>\n<meta property=\"og:site_name\" content=\"Municipalidad de Laja\" \/>\n<meta property=\"article:modified_time\" content=\"2021-08-25T22:46:18+00:00\" \/>\n<meta name=\"twitter:card\" content=\"summary_large_image\" \/>\n<meta name=\"twitter:label1\" content=\"Tiempo de lectura\" \/>\n\t<meta name=\"twitter:data1\" content=\"1 minuto\" \/>\n<script type=\"application\/ld+json\" class=\"yoast-schema-graph\">{\"@context\":\"https:\/\/schema.org\",\"@graph\":[{\"@type\":\"WebPage\",\"@id\":\"https:\/\/munilaja.cl\/w\/audiencias-alcalde\/\",\"url\":\"https:\/\/munilaja.cl\/w\/audiencias-alcalde\/\",\"name\":\"AUDIENCIAS ALCALDE - Municipalidad de Laja\",\"isPartOf\":{\"@id\":\"https:\/\/munilaja.cl\/w\/#website\"},\"datePublished\":\"2017-02-10T14:10:34+00:00\",\"dateModified\":\"2021-08-25T22:46:18+00:00\",\"breadcrumb\":{\"@id\":\"https:\/\/munilaja.cl\/w\/audiencias-alcalde\/#breadcrumb\"},\"inLanguage\":\"es\",\"potentialAction\":[{\"@type\":\"ReadAction\",\"target\":[\"https:\/\/munilaja.cl\/w\/audiencias-alcalde\/\"]}]},{\"@type\":\"BreadcrumbList\",\"@id\":\"https:\/\/munilaja.cl\/w\/audiencias-alcalde\/#breadcrumb\",\"itemListElement\":[{\"@type\":\"ListItem\",\"position\":1,\"name\":\"Portada\",\"item\":\"https:\/\/munilaja.cl\/w\/\"},{\"@type\":\"ListItem\",\"position\":2,\"name\":\"AUDIENCIAS ALCALDE\"}]},{\"@type\":\"WebSite\",\"@id\":\"https:\/\/munilaja.cl\/w\/#website\",\"url\":\"https:\/\/munilaja.cl\/w\/\",\"name\":\"Municipalidad de Laja\",\"description\":\"Web Municipal\",\"publisher\":{\"@id\":\"https:\/\/munilaja.cl\/w\/#organization\"},\"potentialAction\":[{\"@type\":\"SearchAction\",\"target\":{\"@type\":\"EntryPoint\",\"urlTemplate\":\"https:\/\/munilaja.cl\/w\/?s={search_term_string}\"},\"query-input\":{\"@type\":\"PropertyValueSpecification\",\"valueRequired\":true,\"valueName\":\"search_term_string\"}}],\"inLanguage\":\"es\"},{\"@type\":\"Organization\",\"@id\":\"https:\/\/munilaja.cl\/w\/#organization\",\"name\":\"Municipalidad de Laja\",\"url\":\"https:\/\/munilaja.cl\/w\/\",\"logo\":{\"@type\":\"ImageObject\",\"inLanguage\":\"es\",\"@id\":\"https:\/\/munilaja.cl\/w\/#\/schema\/logo\/image\/\",\"url\":\"https:\/\/munilaja.cl\/w\/wp-content\/uploads\/2024\/11\/ESCUDO-LAJA-LETRAS-BLANCAS-LOGO-WEB.png\",\"contentUrl\":\"https:\/\/munilaja.cl\/w\/wp-content\/uploads\/2024\/11\/ESCUDO-LAJA-LETRAS-BLANCAS-LOGO-WEB.png\",\"width\":150,\"height\":150,\"caption\":\"Municipalidad de Laja\"},\"image\":{\"@id\":\"https:\/\/munilaja.cl\/w\/#\/schema\/logo\/image\/\"}}]}<\/script>\n<!-- \/ Yoast SEO plugin. -->","yoast_head_json":{"title":"AUDIENCIAS ALCALDE - Municipalidad de Laja","robots":{"index":"index","follow":"follow","max-snippet":"max-snippet:-1","max-image-preview":"max-image-preview:large","max-video-preview":"max-video-preview:-1"},"canonical":"https:\/\/munilaja.cl\/w\/audiencias-alcalde\/","og_locale":"es_ES","og_type":"article","og_title":"AUDIENCIAS ALCALDE - Municipalidad de Laja","og_description":"Vecinos de Laja, les informamos que los d\u00edas de audiencias realizadas por nuestro Alcalde, Vladimir Fica Toledo, se llevan a cabo todos los MARTES desde las 8.30 hrs. Cabe destacar que, la atenci\u00f3n es por orden de llegada, por lo que ese mismo d\u00eda en Secretar\u00eda de Alcald\u00eda se hace entrega de un n\u00famero de [&hellip;]","og_url":"https:\/\/munilaja.cl\/w\/audiencias-alcalde\/","og_site_name":"Municipalidad de Laja","article_modified_time":"2021-08-25T22:46:18+00:00","twitter_card":"summary_large_image","twitter_misc":{"Tiempo de lectura":"1 minuto"},"schema":{"@context":"https:\/\/schema.org","@graph":[{"@type":"WebPage","@id":"https:\/\/munilaja.cl\/w\/audiencias-alcalde\/","url":"https:\/\/munilaja.cl\/w\/audiencias-alcalde\/","name":"AUDIENCIAS ALCALDE - Municipalidad de Laja","isPartOf":{"@id":"https:\/\/munilaja.cl\/w\/#website"},"datePublished":"2017-02-10T14:10:34+00:00","dateModified":"2021-08-25T22:46:18+00:00","breadcrumb":{"@id":"https:\/\/munilaja.cl\/w\/audiencias-alcalde\/#breadcrumb"},"inLanguage":"es","potentialAction":[{"@type":"ReadAction","target":["https:\/\/munilaja.cl\/w\/audiencias-alcalde\/"]}]},{"@type":"BreadcrumbList","@id":"https:\/\/munilaja.cl\/w\/audiencias-alcalde\/#breadcrumb","itemListElement":[{"@type":"ListItem","position":1,"name":"Portada","item":"https:\/\/munilaja.cl\/w\/"},{"@type":"ListItem","position":2,"name":"AUDIENCIAS ALCALDE"}]},{"@type":"WebSite","@id":"https:\/\/munilaja.cl\/w\/#website","url":"https:\/\/munilaja.cl\/w\/","name":"Municipalidad de Laja","description":"Web Municipal","publisher":{"@id":"https:\/\/munilaja.cl\/w\/#organization"},"potentialAction":[{"@type":"SearchAction","target":{"@type":"EntryPoint","urlTemplate":"https:\/\/munilaja.cl\/w\/?s={search_term_string}"},"query-input":{"@type":"PropertyValueSpecification","valueRequired":true,"valueName":"search_term_string"}}],"inLanguage":"es"},{"@type":"Organization","@id":"https:\/\/munilaja.cl\/w\/#organization","name":"Municipalidad de Laja","url":"https:\/\/munilaja.cl\/w\/","logo":{"@type":"ImageObject","inLanguage":"es","@id":"https:\/\/munilaja.cl\/w\/#\/schema\/logo\/image\/","url":"https:\/\/munilaja.cl\/w\/wp-content\/uploads\/2024\/11\/ESCUDO-LAJA-LETRAS-BLANCAS-LOGO-WEB.png","contentUrl":"https:\/\/munilaja.cl\/w\/wp-content\/uploads\/2024\/11\/ESCUDO-LAJA-LETRAS-BLANCAS-LOGO-WEB.png","width":150,"height":150,"caption":"Municipalidad de Laja"},"image":{"@id":"https:\/\/munilaja.cl\/w\/#\/schema\/logo\/image\/"}}]}},"_links":{"self":[{"href":"https:\/\/munilaja.cl\/w\/wp-json\/wp\/v2\/pages\/35255"}],"collection":[{"href":"https:\/\/munilaja.cl\/w\/wp-json\/wp\/v2\/pages"}],"about":[{"href":"https:\/\/munilaja.cl\/w\/wp-json\/wp\/v2\/types\/page"}],"author":[{"embeddable":true,"href":"https:\/\/munilaja.cl\/w\/wp-json\/wp\/v2\/users\/11"}],"replies":[{"embeddable":true,"href":"https:\/\/munilaja.cl\/w\/wp-json\/wp\/v2\/comments?post=35255"}],"version-history":[{"count":1,"href":"https:\/\/munilaja.cl\/w\/wp-json\/wp\/v2\/pages\/35255\/revisions"}],"predecessor-version":[{"id":56174,"href":"https:\/\/munilaja.cl\/w\/wp-json\/wp\/v2\/pages\/35255\/revisions\/56174"}],"wp:attachment":[{"href":"https:\/\/munilaja.cl\/w\/wp-json\/wp\/v2\/media?parent=35255"}],"curies":[{"name":"wp","href":"https:\/\/api.w.org\/{rel}","templated":true}]}}