{"id":34685,"date":"2016-12-30T13:52:53","date_gmt":"2016-12-30T13:52:53","guid":{"rendered":"http:\/\/munilaja.cl\/w\/?page_id=34685"},"modified":"2021-08-25T22:46:19","modified_gmt":"2021-08-25T22:46:19","slug":"beca-de-transporte-2017","status":"publish","type":"page","link":"https:\/\/munilaja.cl\/w\/becas-2017\/beca-de-transporte-2017\/","title":{"rendered":"Beca de Transporte 2017"},"content":{"rendered":"<p><strong>Beca de transporte:\u00a0<\/strong>consiste en el otorgamiento de una cantidad determinada de pasajes en bus ida y vuelta para los trayectos <strong>\u201cLaja &#8211; Los \u00c1ngeles\u201d y \u201cLaja \u2013 Concepci\u00f3n\u201d<\/strong>, los pasajes son nominativos e intransferibles.-<\/p>\n<p><a href=\"https:\/\/munilaja.cl\/w\/wp-content\/uploads\/2016\/12\/Ficha.docx\">DESCARGA FICHA DE POSTULACI\u00d3N<\/a><\/p>\n<p><strong>Requisitos:<\/strong><\/p>\n<ol>\n<li>Haber egresado de la ense\u00f1anza media de un establecimiento educacional dependiente del sistema comunal de educaci\u00f3n de la comuna de Laja.-<\/li>\n<li>Tener residencia en comuna de Laja.-<\/li>\n<li>Tener promedio de notas de ense\u00f1anza media igual o superior a 5.8. Si se trata de un alumno de Educaci\u00f3n Superior, tener un promedio anual anterior igual o superior a 4.5 y haber aprobado a lo menos el 75% de las asignaturas del periodo acad\u00e9mico.-<\/li>\n<li>Estar matriculado en una instituci\u00f3n de educaci\u00f3n superior acreditada por el consejo superior de acreditaci\u00f3n.-<\/li>\n<li>No haber recibido otro beneficio municipal incompatible en el mismo a\u00f1o de postulaci\u00f3n.<\/li>\n<li>Pertenecer seg\u00fan al Registro Social de Hogares al 70%\u00a0 de menores ingresos y mayor vulnerabilidad social<\/li>\n<li>Acreditar situaci\u00f3n socioecon\u00f3mica con informe social emitido por Asistente Social del DIDECO.-<\/li>\n<\/ol>\n<p><strong>Documentos de postulaci\u00f3n:<\/strong><\/p>\n<ol>\n<li>Fotocopia c\u00e9dula de identidad del postulante y su grupo familiar.<\/li>\n<li>Concentraci\u00f3n de Notas Ense\u00f1anza Media, nota m\u00ednima de 5.8.<\/li>\n<li>Certificado de notas educaci\u00f3n superior.<\/li>\n<li>Comprobante de Matr\u00edcula.<\/li>\n<li>Certificado de Alumno Regular\u00a0 Educaci\u00f3n Superior.<\/li>\n<li>Certificado Registro Social de Hogares.<\/li>\n<li>Certificado programa puente o chile solidario si corresponde.<\/li>\n<li>Certificado de alumno regular de otros miembros del grupo familiar que se encuentren estudiando carrera universitaria.<\/li>\n<li>Acreditaci\u00f3n de enfermedades de los integrantes del grupo familiar.<\/li>\n<li>Fotocopia 3 ultimas liquidaciones de sueldo, finiquito, colilla pensiones, colilla pago subsidios familiares, etc. que acrediten los ingresos del grupo familiar.<\/li>\n<li>Acreditaci\u00f3n de todos los gastos mensuales con Boletas<\/li>\n<li>Llenar ficha de postulaci\u00f3n<\/li>\n<\/ol>\n<p>&nbsp;<\/p>\n<p><strong>Fecha de postulaci\u00f3n:<\/strong><\/p>\n<p><strong>\u00a0<\/strong>Desde el 16 de Enero al 17 de Febrero de 2017<\/p>\n<p><strong>Horario<\/strong><\/p>\n<p>Desde 08:30 a 13:30 hrs.<\/p>\n<p><strong>Lugar:<\/strong><\/p>\n<p>Direcci\u00f3n de Desarrollo Comunitario<\/p>\n<p>Municipalidad de Laja<\/p>\n<p>Balmaceda # 292<\/p>\n<p>&nbsp;<\/p>\n","protected":false},"excerpt":{"rendered":"<p>Beca de transporte:\u00a0consiste en el otorgamiento de una cantidad determinada de pasajes en bus ida y vuelta para los trayectos \u201cLaja &#8211; Los \u00c1ngeles\u201d y \u201cLaja \u2013 Concepci\u00f3n\u201d, los pasajes son nominativos e intransferibles.- DESCARGA FICHA DE POSTULACI\u00d3N Requisitos: Haber egresado de la ense\u00f1anza media de un establecimiento educacional dependiente del sistema comunal de educaci\u00f3n [&hellip;]<\/p>\n","protected":false},"author":11,"featured_media":0,"parent":34679,"menu_order":0,"comment_status":"closed","ping_status":"closed","template":"","meta":{"zakra_sidebar_layout":"customizer","zakra_remove_content_margin":false,"zakra_sidebar":"customizer","zakra_transparent_header":"customizer","zakra_logo":0,"zakra_main_header_style":"default","zakra_menu_item_color":"","zakra_menu_item_hover_color":"","zakra_menu_item_active_color":"","zakra_menu_active_style":"zakra_menu_active_style","zakra_page_header":true,"footnotes":""},"class_list":["post-34685","page","type-page","status-publish","hentry"],"yoast_head":"<!-- This site is optimized with the Yoast SEO plugin v24.0 - https:\/\/yoast.com\/wordpress\/plugins\/seo\/ -->\n<title>Beca de Transporte 2017 - Municipalidad de Laja<\/title>\n<meta name=\"robots\" content=\"index, follow, max-snippet:-1, max-image-preview:large, max-video-preview:-1\" \/>\n<link rel=\"canonical\" href=\"https:\/\/munilaja.cl\/w\/becas-2017\/beca-de-transporte-2017\/\" \/>\n<meta property=\"og:locale\" content=\"es_ES\" \/>\n<meta property=\"og:type\" content=\"article\" \/>\n<meta property=\"og:title\" content=\"Beca de Transporte 2017 - Municipalidad de Laja\" \/>\n<meta property=\"og:description\" content=\"Beca de transporte:\u00a0consiste en el otorgamiento de una cantidad determinada de pasajes en bus ida y vuelta para los trayectos \u201cLaja &#8211; Los \u00c1ngeles\u201d y \u201cLaja \u2013 Concepci\u00f3n\u201d, los pasajes son nominativos e intransferibles.- DESCARGA FICHA DE POSTULACI\u00d3N Requisitos: Haber egresado de la ense\u00f1anza media de un establecimiento educacional dependiente del sistema comunal de educaci\u00f3n [&hellip;]\" \/>\n<meta property=\"og:url\" content=\"https:\/\/munilaja.cl\/w\/becas-2017\/beca-de-transporte-2017\/\" \/>\n<meta property=\"og:site_name\" content=\"Municipalidad de Laja\" \/>\n<meta property=\"article:modified_time\" content=\"2021-08-25T22:46:19+00:00\" \/>\n<meta name=\"twitter:card\" content=\"summary_large_image\" \/>\n<meta name=\"twitter:label1\" content=\"Tiempo de lectura\" \/>\n\t<meta name=\"twitter:data1\" content=\"2 minutos\" \/>\n<script type=\"application\/ld+json\" class=\"yoast-schema-graph\">{\"@context\":\"https:\/\/schema.org\",\"@graph\":[{\"@type\":\"WebPage\",\"@id\":\"https:\/\/munilaja.cl\/w\/becas-2017\/beca-de-transporte-2017\/\",\"url\":\"https:\/\/munilaja.cl\/w\/becas-2017\/beca-de-transporte-2017\/\",\"name\":\"Beca de Transporte 2017 - Municipalidad de Laja\",\"isPartOf\":{\"@id\":\"https:\/\/munilaja.cl\/w\/#website\"},\"datePublished\":\"2016-12-30T13:52:53+00:00\",\"dateModified\":\"2021-08-25T22:46:19+00:00\",\"breadcrumb\":{\"@id\":\"https:\/\/munilaja.cl\/w\/becas-2017\/beca-de-transporte-2017\/#breadcrumb\"},\"inLanguage\":\"es\",\"potentialAction\":[{\"@type\":\"ReadAction\",\"target\":[\"https:\/\/munilaja.cl\/w\/becas-2017\/beca-de-transporte-2017\/\"]}]},{\"@type\":\"BreadcrumbList\",\"@id\":\"https:\/\/munilaja.cl\/w\/becas-2017\/beca-de-transporte-2017\/#breadcrumb\",\"itemListElement\":[{\"@type\":\"ListItem\",\"position\":1,\"name\":\"Portada\",\"item\":\"https:\/\/munilaja.cl\/w\/\"},{\"@type\":\"ListItem\",\"position\":2,\"name\":\"Becas 2017\",\"item\":\"https:\/\/munilaja.cl\/w\/becas-2017\/\"},{\"@type\":\"ListItem\",\"position\":3,\"name\":\"Beca de Transporte 2017\"}]},{\"@type\":\"WebSite\",\"@id\":\"https:\/\/munilaja.cl\/w\/#website\",\"url\":\"https:\/\/munilaja.cl\/w\/\",\"name\":\"Municipalidad de Laja\",\"description\":\"Web Municipal\",\"publisher\":{\"@id\":\"https:\/\/munilaja.cl\/w\/#organization\"},\"potentialAction\":[{\"@type\":\"SearchAction\",\"target\":{\"@type\":\"EntryPoint\",\"urlTemplate\":\"https:\/\/munilaja.cl\/w\/?s={search_term_string}\"},\"query-input\":{\"@type\":\"PropertyValueSpecification\",\"valueRequired\":true,\"valueName\":\"search_term_string\"}}],\"inLanguage\":\"es\"},{\"@type\":\"Organization\",\"@id\":\"https:\/\/munilaja.cl\/w\/#organization\",\"name\":\"Municipalidad de Laja\",\"url\":\"https:\/\/munilaja.cl\/w\/\",\"logo\":{\"@type\":\"ImageObject\",\"inLanguage\":\"es\",\"@id\":\"https:\/\/munilaja.cl\/w\/#\/schema\/logo\/image\/\",\"url\":\"https:\/\/munilaja.cl\/w\/wp-content\/uploads\/2024\/11\/ESCUDO-LAJA-LETRAS-BLANCAS-LOGO-WEB.png\",\"contentUrl\":\"https:\/\/munilaja.cl\/w\/wp-content\/uploads\/2024\/11\/ESCUDO-LAJA-LETRAS-BLANCAS-LOGO-WEB.png\",\"width\":150,\"height\":150,\"caption\":\"Municipalidad de Laja\"},\"image\":{\"@id\":\"https:\/\/munilaja.cl\/w\/#\/schema\/logo\/image\/\"}}]}<\/script>\n<!-- \/ Yoast SEO plugin. -->","yoast_head_json":{"title":"Beca de Transporte 2017 - Municipalidad de Laja","robots":{"index":"index","follow":"follow","max-snippet":"max-snippet:-1","max-image-preview":"max-image-preview:large","max-video-preview":"max-video-preview:-1"},"canonical":"https:\/\/munilaja.cl\/w\/becas-2017\/beca-de-transporte-2017\/","og_locale":"es_ES","og_type":"article","og_title":"Beca de Transporte 2017 - Municipalidad de Laja","og_description":"Beca de transporte:\u00a0consiste en el otorgamiento de una cantidad determinada de pasajes en bus ida y vuelta para los trayectos \u201cLaja &#8211; Los \u00c1ngeles\u201d y \u201cLaja \u2013 Concepci\u00f3n\u201d, los pasajes son nominativos e intransferibles.- DESCARGA FICHA DE POSTULACI\u00d3N Requisitos: Haber egresado de la ense\u00f1anza media de un establecimiento educacional dependiente del sistema comunal de educaci\u00f3n [&hellip;]","og_url":"https:\/\/munilaja.cl\/w\/becas-2017\/beca-de-transporte-2017\/","og_site_name":"Municipalidad de Laja","article_modified_time":"2021-08-25T22:46:19+00:00","twitter_card":"summary_large_image","twitter_misc":{"Tiempo de lectura":"2 minutos"},"schema":{"@context":"https:\/\/schema.org","@graph":[{"@type":"WebPage","@id":"https:\/\/munilaja.cl\/w\/becas-2017\/beca-de-transporte-2017\/","url":"https:\/\/munilaja.cl\/w\/becas-2017\/beca-de-transporte-2017\/","name":"Beca de Transporte 2017 - Municipalidad de Laja","isPartOf":{"@id":"https:\/\/munilaja.cl\/w\/#website"},"datePublished":"2016-12-30T13:52:53+00:00","dateModified":"2021-08-25T22:46:19+00:00","breadcrumb":{"@id":"https:\/\/munilaja.cl\/w\/becas-2017\/beca-de-transporte-2017\/#breadcrumb"},"inLanguage":"es","potentialAction":[{"@type":"ReadAction","target":["https:\/\/munilaja.cl\/w\/becas-2017\/beca-de-transporte-2017\/"]}]},{"@type":"BreadcrumbList","@id":"https:\/\/munilaja.cl\/w\/becas-2017\/beca-de-transporte-2017\/#breadcrumb","itemListElement":[{"@type":"ListItem","position":1,"name":"Portada","item":"https:\/\/munilaja.cl\/w\/"},{"@type":"ListItem","position":2,"name":"Becas 2017","item":"https:\/\/munilaja.cl\/w\/becas-2017\/"},{"@type":"ListItem","position":3,"name":"Beca de Transporte 2017"}]},{"@type":"WebSite","@id":"https:\/\/munilaja.cl\/w\/#website","url":"https:\/\/munilaja.cl\/w\/","name":"Municipalidad de Laja","description":"Web Municipal","publisher":{"@id":"https:\/\/munilaja.cl\/w\/#organization"},"potentialAction":[{"@type":"SearchAction","target":{"@type":"EntryPoint","urlTemplate":"https:\/\/munilaja.cl\/w\/?s={search_term_string}"},"query-input":{"@type":"PropertyValueSpecification","valueRequired":true,"valueName":"search_term_string"}}],"inLanguage":"es"},{"@type":"Organization","@id":"https:\/\/munilaja.cl\/w\/#organization","name":"Municipalidad de Laja","url":"https:\/\/munilaja.cl\/w\/","logo":{"@type":"ImageObject","inLanguage":"es","@id":"https:\/\/munilaja.cl\/w\/#\/schema\/logo\/image\/","url":"https:\/\/munilaja.cl\/w\/wp-content\/uploads\/2024\/11\/ESCUDO-LAJA-LETRAS-BLANCAS-LOGO-WEB.png","contentUrl":"https:\/\/munilaja.cl\/w\/wp-content\/uploads\/2024\/11\/ESCUDO-LAJA-LETRAS-BLANCAS-LOGO-WEB.png","width":150,"height":150,"caption":"Municipalidad de Laja"},"image":{"@id":"https:\/\/munilaja.cl\/w\/#\/schema\/logo\/image\/"}}]}},"_links":{"self":[{"href":"https:\/\/munilaja.cl\/w\/wp-json\/wp\/v2\/pages\/34685"}],"collection":[{"href":"https:\/\/munilaja.cl\/w\/wp-json\/wp\/v2\/pages"}],"about":[{"href":"https:\/\/munilaja.cl\/w\/wp-json\/wp\/v2\/types\/page"}],"author":[{"embeddable":true,"href":"https:\/\/munilaja.cl\/w\/wp-json\/wp\/v2\/users\/11"}],"replies":[{"embeddable":true,"href":"https:\/\/munilaja.cl\/w\/wp-json\/wp\/v2\/comments?post=34685"}],"version-history":[{"count":1,"href":"https:\/\/munilaja.cl\/w\/wp-json\/wp\/v2\/pages\/34685\/revisions"}],"predecessor-version":[{"id":56182,"href":"https:\/\/munilaja.cl\/w\/wp-json\/wp\/v2\/pages\/34685\/revisions\/56182"}],"up":[{"embeddable":true,"href":"https:\/\/munilaja.cl\/w\/wp-json\/wp\/v2\/pages\/34679"}],"wp:attachment":[{"href":"https:\/\/munilaja.cl\/w\/wp-json\/wp\/v2\/media?parent=34685"}],"curies":[{"name":"wp","href":"https:\/\/api.w.org\/{rel}","templated":true}]}}