{"id":2709,"date":"2013-07-31T03:29:54","date_gmt":"2013-07-31T03:29:54","guid":{"rendered":"http:\/\/munilaja.cl\/w\/?page_id=2709"},"modified":"2021-08-25T22:48:48","modified_gmt":"2021-08-25T22:48:48","slug":"territorio-biobio-centro","status":"publish","type":"page","link":"https:\/\/munilaja.cl\/w\/secplan\/territorio-biobio-centro\/","title":{"rendered":"Territorio Biob\u00edo Centro"},"content":{"rendered":"<p><b>Informe de actividades y\/o Gestiones AMBBC a\u00f1o 2016<\/b><\/p>\n<ul style=\"list-style-type: circle;\">\n<li><strong>Se financia proyecto Asistencia T\u00e9cnica proyectos de agua TBBC, por un monto de $34.800.000. Financiamiento SUBDERE.<\/strong><\/li>\n<\/ul>\n<p style=\"text-align: left;\">\u00a0 \u00a0 \u00a0 \u00a0 \u00a0 \u00a0Se contratan los profesionales:<\/p>\n<p style=\"text-align: left;\">\u00a0 \u00a0 \u00a0 \u00a0 \u00a0 \u00a0&#8211; Ingeniero Civil: Margarita Villalobos A.<\/p>\n<p style=\"text-align: left;\">\u00a0 \u00a0 \u00a0 \u00a0 \u00a0 \u00a0&#8211; Constructor Civil. Mario Chavarriga S.<\/p>\n<p style=\"text-align: left;\">\u00a0 \u00a0 \u00a0 \u00a0 \u00a0 \u00a0&#8211; Tiempo: 1 a\u00f1o\u00a0 (Julio 2016 a Junio 2017)<\/p>\n<ul style=\"list-style-type: circle;\">\n<li style=\"text-align: left;\"><strong>Se postula y financia proyecto, Dise\u00f1o de la Ruta de Los Fuertes para la promoci\u00f3n y el desarrollo local del TBBC, Por un monto total de $22.000.000\u00a0desarrollado por profesionales de la\u00a0Pontificia Universidad Cat\u00f3lica de Chile.<\/strong><\/li>\n<\/ul>\n<ul style=\"list-style-type: circle;\">\n<li><b>Proyecto anfiteatro Nivequeten Polcura. Comuna de Laja.<\/b><\/li>\n<\/ul>\n<ul style=\"list-style-type: circle;\">\n<li style=\"text-align: left;\"><b>Proyecto <\/b><b>Dise\u00f1o Ingenier\u00eda <\/b><b>Ampliaci\u00f3n <\/b><b>Cesfam<\/b><b>, comuna de Negrete. <\/b><\/li>\n<\/ul>\n<ul style=\"list-style-type: circle;\">\n<li><b>Ejecuci\u00f3n de proyecto Teatro Itinerante territorio BBC<\/b>.<br \/>\n<b>Monto:\u00a0 <\/b>$9.900.000.-<br \/>\n<b>Financiado<\/b>: Gore, FNDR Subvenci\u00f3n de Cultura a\u00f1o 2015,\u00a0 a Municipalidad de Los \u00c1ngeles.<br \/>\n<b>Desarrollo: <\/b>Noviembre \u2013 Diciembre.<\/li>\n<\/ul>\n<ul style=\"list-style-type: circle;\">\n<li><b>Postulaci\u00f3n y aprobaci\u00f3n de <\/b><b>proyecto Teatro Itinerante territorio <\/b><b>BBC a\u00f1o 2016<\/b>.<\/li>\n<li><b>Monto: <\/b>$ 7.950.000.<\/li>\n<li><b>Financiamiento: <\/b>GORE Subvenci\u00f3n FNDR de Cultura, a\u00f1o 2016. Municipalidad de Laja.<\/li>\n<\/ul>\n<ul style=\"list-style-type: circle;\">\n<li><b>Teatro Itinerante territorio BBC a\u00f1o 2016<br \/>\nCertificado Core N\u00b0 5019\/o16 del 18.08.2016<\/b><\/li>\n<\/ul>\n<ul style=\"list-style-type: circle;\">\n<li><b>Financiamiento Construcci\u00f3n Hito al alfarero, comuna de Nacimiento. Fondo FRIL <\/b><\/li>\n<\/ul>\n<ul style=\"list-style-type: circle;\">\n<li><b>Financiamiento y Construcci\u00f3n Acceso sur Oriente a Nacimiento<\/b>.<\/li>\n<\/ul>\n<ul style=\"list-style-type: circle;\">\n<li><b>Financiamiento construcci\u00f3n <\/b><b>sede Agrupaci\u00f3n <\/b><b>Boteros, <\/b><b>\u00a0<\/b><b>Comuna de Negrete. <\/b><b>Fondo FRIL.<\/b><\/li>\n<\/ul>\n<ul style=\"list-style-type: circle;\">\n<li><b>Aprobaci\u00f3n T\u00e9cnica, del proyecto ampliaci\u00f3n APR El Sauce, comuna de Negrete, por la DOH. Beneficia a 82 familias.<\/b><\/li>\n<\/ul>\n<ul style=\"list-style-type: circle;\">\n<li><b>Gestiones con vialidad Regional<\/b><\/li>\n<li>Rutas Laja-Negrete-Nacimiento.<\/li>\n<\/ul>\n<ul style=\"list-style-type: circle;\">\n<li><b>Estudio <\/b><b>P<\/b><b>refactibilidad<\/b><b> puente definitivo Laja Nacimiento<\/b><\/li>\n<\/ul>\n<p>Para mayor detalle de las Gestiones de la Asociaci\u00f3n de Municipalidades de Biobio Centro, los invitamos a revisar\u00a0su presentaci\u00f3n a trav\u00e9s del siguiente link <strong><a title=\"PRESENTACI\u00d3N AMBBC\" href=\"https:\/\/munilaja.cl\/w\/wp-content\/uploads\/2013\/07\/Presentacion-Directorio-ABBC.pptx\">DESCARGAR AQU\u00cd<\/a><\/strong><\/p>\n<p>&nbsp;<\/p>\n","protected":false},"excerpt":{"rendered":"<p>Informe de actividades y\/o Gestiones AMBBC a\u00f1o 2016 Se financia proyecto Asistencia T\u00e9cnica proyectos de agua TBBC, por un monto de $34.800.000. Financiamiento SUBDERE. \u00a0 \u00a0 \u00a0 \u00a0 \u00a0 \u00a0Se contratan los profesionales: \u00a0 \u00a0 \u00a0 \u00a0 \u00a0 \u00a0&#8211; Ingeniero Civil: Margarita Villalobos A. \u00a0 \u00a0 \u00a0 \u00a0 \u00a0 \u00a0&#8211; Constructor Civil. Mario Chavarriga S. [&hellip;]<\/p>\n","protected":false},"author":11,"featured_media":0,"parent":47,"menu_order":0,"comment_status":"closed","ping_status":"open","template":"","meta":{"zakra_sidebar_layout":"customizer","zakra_remove_content_margin":false,"zakra_sidebar":"customizer","zakra_transparent_header":"customizer","zakra_logo":0,"zakra_main_header_style":"default","zakra_menu_item_color":"","zakra_menu_item_hover_color":"","zakra_menu_item_active_color":"","zakra_menu_active_style":"zakra_menu_active_style","zakra_page_header":true,"footnotes":""},"class_list":["post-2709","page","type-page","status-publish","hentry"],"yoast_head":"<!-- This site is optimized with the Yoast SEO plugin v24.0 - https:\/\/yoast.com\/wordpress\/plugins\/seo\/ -->\n<title>Territorio Biob\u00edo Centro - Municipalidad de Laja<\/title>\n<meta name=\"robots\" content=\"index, follow, max-snippet:-1, max-image-preview:large, max-video-preview:-1\" \/>\n<link rel=\"canonical\" href=\"https:\/\/munilaja.cl\/w\/secplan\/territorio-biobio-centro\/\" \/>\n<meta property=\"og:locale\" content=\"es_ES\" \/>\n<meta property=\"og:type\" content=\"article\" \/>\n<meta property=\"og:title\" content=\"Territorio Biob\u00edo Centro - Municipalidad de Laja\" \/>\n<meta property=\"og:description\" content=\"Informe de actividades y\/o Gestiones AMBBC a\u00f1o 2016 Se financia proyecto Asistencia T\u00e9cnica proyectos de agua TBBC, por un monto de $34.800.000. Financiamiento SUBDERE. \u00a0 \u00a0 \u00a0 \u00a0 \u00a0 \u00a0Se contratan los profesionales: \u00a0 \u00a0 \u00a0 \u00a0 \u00a0 \u00a0&#8211; Ingeniero Civil: Margarita Villalobos A. \u00a0 \u00a0 \u00a0 \u00a0 \u00a0 \u00a0&#8211; Constructor Civil. Mario Chavarriga S. [&hellip;]\" \/>\n<meta property=\"og:url\" content=\"https:\/\/munilaja.cl\/w\/secplan\/territorio-biobio-centro\/\" \/>\n<meta property=\"og:site_name\" content=\"Municipalidad de Laja\" \/>\n<meta property=\"article:modified_time\" content=\"2021-08-25T22:48:48+00:00\" \/>\n<meta name=\"twitter:card\" content=\"summary_large_image\" \/>\n<meta name=\"twitter:label1\" content=\"Tiempo de lectura\" \/>\n\t<meta name=\"twitter:data1\" content=\"1 minuto\" \/>\n<script type=\"application\/ld+json\" class=\"yoast-schema-graph\">{\"@context\":\"https:\/\/schema.org\",\"@graph\":[{\"@type\":\"WebPage\",\"@id\":\"https:\/\/munilaja.cl\/w\/secplan\/territorio-biobio-centro\/\",\"url\":\"https:\/\/munilaja.cl\/w\/secplan\/territorio-biobio-centro\/\",\"name\":\"Territorio Biob\u00edo Centro - Municipalidad de Laja\",\"isPartOf\":{\"@id\":\"https:\/\/munilaja.cl\/w\/#website\"},\"datePublished\":\"2013-07-31T03:29:54+00:00\",\"dateModified\":\"2021-08-25T22:48:48+00:00\",\"breadcrumb\":{\"@id\":\"https:\/\/munilaja.cl\/w\/secplan\/territorio-biobio-centro\/#breadcrumb\"},\"inLanguage\":\"es\",\"potentialAction\":[{\"@type\":\"ReadAction\",\"target\":[\"https:\/\/munilaja.cl\/w\/secplan\/territorio-biobio-centro\/\"]}]},{\"@type\":\"BreadcrumbList\",\"@id\":\"https:\/\/munilaja.cl\/w\/secplan\/territorio-biobio-centro\/#breadcrumb\",\"itemListElement\":[{\"@type\":\"ListItem\",\"position\":1,\"name\":\"Portada\",\"item\":\"https:\/\/munilaja.cl\/w\/\"},{\"@type\":\"ListItem\",\"position\":2,\"name\":\"SECPLAN\",\"item\":\"https:\/\/munilaja.cl\/w\/secplan\/\"},{\"@type\":\"ListItem\",\"position\":3,\"name\":\"Territorio Biob\u00edo Centro\"}]},{\"@type\":\"WebSite\",\"@id\":\"https:\/\/munilaja.cl\/w\/#website\",\"url\":\"https:\/\/munilaja.cl\/w\/\",\"name\":\"Municipalidad de Laja\",\"description\":\"Web Municipal\",\"publisher\":{\"@id\":\"https:\/\/munilaja.cl\/w\/#organization\"},\"potentialAction\":[{\"@type\":\"SearchAction\",\"target\":{\"@type\":\"EntryPoint\",\"urlTemplate\":\"https:\/\/munilaja.cl\/w\/?s={search_term_string}\"},\"query-input\":{\"@type\":\"PropertyValueSpecification\",\"valueRequired\":true,\"valueName\":\"search_term_string\"}}],\"inLanguage\":\"es\"},{\"@type\":\"Organization\",\"@id\":\"https:\/\/munilaja.cl\/w\/#organization\",\"name\":\"Municipalidad de Laja\",\"url\":\"https:\/\/munilaja.cl\/w\/\",\"logo\":{\"@type\":\"ImageObject\",\"inLanguage\":\"es\",\"@id\":\"https:\/\/munilaja.cl\/w\/#\/schema\/logo\/image\/\",\"url\":\"https:\/\/munilaja.cl\/w\/wp-content\/uploads\/2024\/11\/ESCUDO-LAJA-LETRAS-BLANCAS-LOGO-WEB.png\",\"contentUrl\":\"https:\/\/munilaja.cl\/w\/wp-content\/uploads\/2024\/11\/ESCUDO-LAJA-LETRAS-BLANCAS-LOGO-WEB.png\",\"width\":150,\"height\":150,\"caption\":\"Municipalidad de Laja\"},\"image\":{\"@id\":\"https:\/\/munilaja.cl\/w\/#\/schema\/logo\/image\/\"}}]}<\/script>\n<!-- \/ Yoast SEO plugin. -->","yoast_head_json":{"title":"Territorio Biob\u00edo Centro - Municipalidad de Laja","robots":{"index":"index","follow":"follow","max-snippet":"max-snippet:-1","max-image-preview":"max-image-preview:large","max-video-preview":"max-video-preview:-1"},"canonical":"https:\/\/munilaja.cl\/w\/secplan\/territorio-biobio-centro\/","og_locale":"es_ES","og_type":"article","og_title":"Territorio Biob\u00edo Centro - Municipalidad de Laja","og_description":"Informe de actividades y\/o Gestiones AMBBC a\u00f1o 2016 Se financia proyecto Asistencia T\u00e9cnica proyectos de agua TBBC, por un monto de $34.800.000. Financiamiento SUBDERE. \u00a0 \u00a0 \u00a0 \u00a0 \u00a0 \u00a0Se contratan los profesionales: \u00a0 \u00a0 \u00a0 \u00a0 \u00a0 \u00a0&#8211; Ingeniero Civil: Margarita Villalobos A. \u00a0 \u00a0 \u00a0 \u00a0 \u00a0 \u00a0&#8211; Constructor Civil. Mario Chavarriga S. [&hellip;]","og_url":"https:\/\/munilaja.cl\/w\/secplan\/territorio-biobio-centro\/","og_site_name":"Municipalidad de Laja","article_modified_time":"2021-08-25T22:48:48+00:00","twitter_card":"summary_large_image","twitter_misc":{"Tiempo de lectura":"1 minuto"},"schema":{"@context":"https:\/\/schema.org","@graph":[{"@type":"WebPage","@id":"https:\/\/munilaja.cl\/w\/secplan\/territorio-biobio-centro\/","url":"https:\/\/munilaja.cl\/w\/secplan\/territorio-biobio-centro\/","name":"Territorio Biob\u00edo Centro - Municipalidad de Laja","isPartOf":{"@id":"https:\/\/munilaja.cl\/w\/#website"},"datePublished":"2013-07-31T03:29:54+00:00","dateModified":"2021-08-25T22:48:48+00:00","breadcrumb":{"@id":"https:\/\/munilaja.cl\/w\/secplan\/territorio-biobio-centro\/#breadcrumb"},"inLanguage":"es","potentialAction":[{"@type":"ReadAction","target":["https:\/\/munilaja.cl\/w\/secplan\/territorio-biobio-centro\/"]}]},{"@type":"BreadcrumbList","@id":"https:\/\/munilaja.cl\/w\/secplan\/territorio-biobio-centro\/#breadcrumb","itemListElement":[{"@type":"ListItem","position":1,"name":"Portada","item":"https:\/\/munilaja.cl\/w\/"},{"@type":"ListItem","position":2,"name":"SECPLAN","item":"https:\/\/munilaja.cl\/w\/secplan\/"},{"@type":"ListItem","position":3,"name":"Territorio Biob\u00edo Centro"}]},{"@type":"WebSite","@id":"https:\/\/munilaja.cl\/w\/#website","url":"https:\/\/munilaja.cl\/w\/","name":"Municipalidad de Laja","description":"Web Municipal","publisher":{"@id":"https:\/\/munilaja.cl\/w\/#organization"},"potentialAction":[{"@type":"SearchAction","target":{"@type":"EntryPoint","urlTemplate":"https:\/\/munilaja.cl\/w\/?s={search_term_string}"},"query-input":{"@type":"PropertyValueSpecification","valueRequired":true,"valueName":"search_term_string"}}],"inLanguage":"es"},{"@type":"Organization","@id":"https:\/\/munilaja.cl\/w\/#organization","name":"Municipalidad de Laja","url":"https:\/\/munilaja.cl\/w\/","logo":{"@type":"ImageObject","inLanguage":"es","@id":"https:\/\/munilaja.cl\/w\/#\/schema\/logo\/image\/","url":"https:\/\/munilaja.cl\/w\/wp-content\/uploads\/2024\/11\/ESCUDO-LAJA-LETRAS-BLANCAS-LOGO-WEB.png","contentUrl":"https:\/\/munilaja.cl\/w\/wp-content\/uploads\/2024\/11\/ESCUDO-LAJA-LETRAS-BLANCAS-LOGO-WEB.png","width":150,"height":150,"caption":"Municipalidad de Laja"},"image":{"@id":"https:\/\/munilaja.cl\/w\/#\/schema\/logo\/image\/"}}]}},"_links":{"self":[{"href":"https:\/\/munilaja.cl\/w\/wp-json\/wp\/v2\/pages\/2709"}],"collection":[{"href":"https:\/\/munilaja.cl\/w\/wp-json\/wp\/v2\/pages"}],"about":[{"href":"https:\/\/munilaja.cl\/w\/wp-json\/wp\/v2\/types\/page"}],"author":[{"embeddable":true,"href":"https:\/\/munilaja.cl\/w\/wp-json\/wp\/v2\/users\/11"}],"replies":[{"embeddable":true,"href":"https:\/\/munilaja.cl\/w\/wp-json\/wp\/v2\/comments?post=2709"}],"version-history":[{"count":1,"href":"https:\/\/munilaja.cl\/w\/wp-json\/wp\/v2\/pages\/2709\/revisions"}],"predecessor-version":[{"id":56248,"href":"https:\/\/munilaja.cl\/w\/wp-json\/wp\/v2\/pages\/2709\/revisions\/56248"}],"up":[{"embeddable":true,"href":"https:\/\/munilaja.cl\/w\/wp-json\/wp\/v2\/pages\/47"}],"wp:attachment":[{"href":"https:\/\/munilaja.cl\/w\/wp-json\/wp\/v2\/media?parent=2709"}],"curies":[{"name":"wp","href":"https:\/\/api.w.org\/{rel}","templated":true}]}}