{"id":17474,"date":"2015-01-15T19:48:04","date_gmt":"2015-01-15T19:48:04","guid":{"rendered":"http:\/\/munilaja.cl\/w\/?page_id=17474"},"modified":"2022-01-20T10:37:37","modified_gmt":"2022-01-20T14:37:37","slug":"becas-municipales","status":"publish","type":"page","link":"https:\/\/munilaja.cl\/w\/becas-municipales\/","title":{"rendered":"BECAS MUNICIPALES"},"content":{"rendered":"\n<p><strong>Postulaciones Becas Municipales 2022<\/strong><\/p>\n\n\n\n<p><strong>Tipos de Becas:<\/strong><\/p>\n\n\n\n<p><strong>Beca Matricula: <\/strong>consiste en un aporte en dinero equivalente a todo o parte del costo de la matricula anual del alumno en la educaci\u00f3n superior, se entrega por una sola vez en el a\u00f1o, debiendo acreditar haberse matriculado en alguna instituci\u00f3n de educaci\u00f3n superior.-<\/p>\n\n\n\n<p><strong>Beca de transporte: <\/strong>consiste en el otorgamiento de una cantidad determinada de pasajes en bus ida y vuelta desde la comuna de Laja a Los \u00c1ngeles, los pasajes son nominativos e intransferibles.-<\/p>\n\n\n\n<p><strong>Requisitos:<\/strong><\/p>\n\n\n\n<ol class=\"wp-block-list\"><li>Haber egresado de la ense\u00f1anza media de un establecimiento educacional dependiente del sistema comunal de educaci\u00f3n de la comuna de Laja.-<\/li><li>Tener residencia en comuna de Laja.-<\/li><li>Tener promedio de notas de ense\u00f1anza media igual o superior a 5.8. Si se trata de un alumno de Educaci\u00f3n Superior, tener un promedio anual anterior igual o superior a 4.5 y haber aprobado a lo menos el 75% de las asignaturas del periodo acad\u00e9mico.-<\/li><li>Estar matriculado en una instituci\u00f3n de Educaci\u00f3n Superior Acreditada.-<\/li><li>No haber recibido otro beneficio municipal incompatible en el mismo a\u00f1o de postulaci\u00f3n.<\/li><li>Pertenecer seg\u00fan al Registro Social de Hogares al 70% de menos ingresos y mayor vulnerabilidad.-<\/li><li>Acreditar situaci\u00f3n socioecon\u00f3mica con informe social acreditado por Asistente Social del DIDECO.-<\/li><\/ol>\n\n\n\n<p><strong>Documentos de postulaci\u00f3n: <\/strong><\/p>\n\n\n\n<ol class=\"wp-block-list\"><li>Fotocopia c\u00e9dula de identidad del postulante y su grupo familiar.<\/li><li>Concentraci\u00f3n de Notas Ense\u00f1anza Media, nota m\u00ednima de 5.8.<\/li><li>Certificado de notas educaci\u00f3n superior<\/li><li>Comprobante de Matr\u00edcula. Para los alumnos que postulen a la beca de matr\u00edcula presentar documento que acredite el pago de esta.<\/li><li>Certificado de Alumno Regular\u00a0 Educaci\u00f3n Superior.<\/li><li>Certificado Registro Social de Hogares.<\/li><li>Certificado Programa Familias, Programa Puente o Chile Solidario si corresponde.<\/li><li>Certificado de alumno regular de otros miembros del grupo familiar que se encuentren estudiando carrera universitaria.<\/li><li>Acreditaci\u00f3n de enfermedades de los integrantes del grupo familiar.<\/li><li>Fotocopia 3 ultimas liquidaciones de sueldo, finiquito, colilla pensiones, colilla pago subsidios familiares, etc. que acrediten los ingresos del grupo familiar.<\/li><li>Acreditaci\u00f3n de todos los gastos mensuales con Boletas.<\/li><li>Llenar ficha de postulaci\u00f3n.<\/li><\/ol>\n\n\n\n<p><strong>Fecha de postulaci\u00f3n:<\/strong><\/p>\n\n\n\n<p><strong>\u00a0<\/strong>Desde el 17 de Enero al 18 de Febrero de 2022<\/p>\n\n\n\n<p><strong>Horario <\/strong><\/p>\n\n\n\n<p>Desde 08:30 a 13:30 hrs<\/p>\n\n\n\n<p><strong>Lugar:<\/strong><\/p>\n\n\n\n<p>Direcci\u00f3n de Desarrollo Comunitario<\/p>\n\n\n\n<p>Municipalidad de Laja<\/p>\n\n\n\n<p>Balmaceda # 292<\/p>\n","protected":false},"excerpt":{"rendered":"<p>Postulaciones Becas Municipales 2022 Tipos de Becas: Beca Matricula: consiste en un aporte en dinero equivalente a todo o parte del costo de la matricula anual del alumno en la educaci\u00f3n superior, se entrega por una sola vez en el a\u00f1o, debiendo acreditar haberse matriculado en alguna instituci\u00f3n de educaci\u00f3n superior.- Beca de transporte: consiste [&hellip;]<\/p>\n","protected":false},"author":11,"featured_media":17475,"parent":0,"menu_order":0,"comment_status":"closed","ping_status":"open","template":"","meta":{"zakra_sidebar_layout":"customizer","zakra_remove_content_margin":false,"zakra_sidebar":"customizer","zakra_transparent_header":"customizer","zakra_logo":0,"zakra_main_header_style":"default","zakra_menu_item_color":"","zakra_menu_item_hover_color":"","zakra_menu_item_active_color":"","zakra_menu_active_style":"zakra_menu_active_style","zakra_page_header":true,"footnotes":""},"class_list":["post-17474","page","type-page","status-publish","has-post-thumbnail","hentry"],"yoast_head":"<!-- This site is optimized with the Yoast SEO plugin v24.0 - https:\/\/yoast.com\/wordpress\/plugins\/seo\/ -->\n<title>BECAS MUNICIPALES - Municipalidad de Laja<\/title>\n<meta name=\"robots\" content=\"index, follow, max-snippet:-1, max-image-preview:large, max-video-preview:-1\" \/>\n<link rel=\"canonical\" href=\"https:\/\/munilaja.cl\/w\/becas-municipales\/\" \/>\n<meta property=\"og:locale\" content=\"es_ES\" \/>\n<meta property=\"og:type\" content=\"article\" \/>\n<meta property=\"og:title\" content=\"BECAS MUNICIPALES - Municipalidad de Laja\" \/>\n<meta property=\"og:description\" content=\"Postulaciones Becas Municipales 2022 Tipos de Becas: Beca Matricula: consiste en un aporte en dinero equivalente a todo o parte del costo de la matricula anual del alumno en la educaci\u00f3n superior, se entrega por una sola vez en el a\u00f1o, debiendo acreditar haberse matriculado en alguna instituci\u00f3n de educaci\u00f3n superior.- Beca de transporte: consiste [&hellip;]\" \/>\n<meta property=\"og:url\" content=\"https:\/\/munilaja.cl\/w\/becas-municipales\/\" \/>\n<meta property=\"og:site_name\" content=\"Municipalidad de Laja\" \/>\n<meta property=\"article:modified_time\" content=\"2022-01-20T14:37:37+00:00\" \/>\n<meta property=\"og:image\" content=\"https:\/\/munilaja.cl\/w\/wp-content\/uploads\/2015\/01\/boton-becas.gif\" \/>\n\t<meta property=\"og:image:width\" content=\"258\" \/>\n\t<meta property=\"og:image:height\" content=\"85\" \/>\n\t<meta property=\"og:image:type\" content=\"image\/gif\" \/>\n<meta name=\"twitter:card\" content=\"summary_large_image\" \/>\n<meta name=\"twitter:label1\" content=\"Tiempo de lectura\" \/>\n\t<meta name=\"twitter:data1\" content=\"2 minutos\" \/>\n<script type=\"application\/ld+json\" class=\"yoast-schema-graph\">{\"@context\":\"https:\/\/schema.org\",\"@graph\":[{\"@type\":\"WebPage\",\"@id\":\"https:\/\/munilaja.cl\/w\/becas-municipales\/\",\"url\":\"https:\/\/munilaja.cl\/w\/becas-municipales\/\",\"name\":\"BECAS MUNICIPALES - Municipalidad de Laja\",\"isPartOf\":{\"@id\":\"https:\/\/munilaja.cl\/w\/#website\"},\"primaryImageOfPage\":{\"@id\":\"https:\/\/munilaja.cl\/w\/becas-municipales\/#primaryimage\"},\"image\":{\"@id\":\"https:\/\/munilaja.cl\/w\/becas-municipales\/#primaryimage\"},\"thumbnailUrl\":\"https:\/\/munilaja.cl\/w\/wp-content\/uploads\/2015\/01\/boton-becas.gif\",\"datePublished\":\"2015-01-15T19:48:04+00:00\",\"dateModified\":\"2022-01-20T14:37:37+00:00\",\"breadcrumb\":{\"@id\":\"https:\/\/munilaja.cl\/w\/becas-municipales\/#breadcrumb\"},\"inLanguage\":\"es\",\"potentialAction\":[{\"@type\":\"ReadAction\",\"target\":[\"https:\/\/munilaja.cl\/w\/becas-municipales\/\"]}]},{\"@type\":\"ImageObject\",\"inLanguage\":\"es\",\"@id\":\"https:\/\/munilaja.cl\/w\/becas-municipales\/#primaryimage\",\"url\":\"https:\/\/munilaja.cl\/w\/wp-content\/uploads\/2015\/01\/boton-becas.gif\",\"contentUrl\":\"https:\/\/munilaja.cl\/w\/wp-content\/uploads\/2015\/01\/boton-becas.gif\",\"width\":258,\"height\":85},{\"@type\":\"BreadcrumbList\",\"@id\":\"https:\/\/munilaja.cl\/w\/becas-municipales\/#breadcrumb\",\"itemListElement\":[{\"@type\":\"ListItem\",\"position\":1,\"name\":\"Portada\",\"item\":\"https:\/\/munilaja.cl\/w\/\"},{\"@type\":\"ListItem\",\"position\":2,\"name\":\"BECAS MUNICIPALES\"}]},{\"@type\":\"WebSite\",\"@id\":\"https:\/\/munilaja.cl\/w\/#website\",\"url\":\"https:\/\/munilaja.cl\/w\/\",\"name\":\"Municipalidad de Laja\",\"description\":\"Web Municipal\",\"publisher\":{\"@id\":\"https:\/\/munilaja.cl\/w\/#organization\"},\"potentialAction\":[{\"@type\":\"SearchAction\",\"target\":{\"@type\":\"EntryPoint\",\"urlTemplate\":\"https:\/\/munilaja.cl\/w\/?s={search_term_string}\"},\"query-input\":{\"@type\":\"PropertyValueSpecification\",\"valueRequired\":true,\"valueName\":\"search_term_string\"}}],\"inLanguage\":\"es\"},{\"@type\":\"Organization\",\"@id\":\"https:\/\/munilaja.cl\/w\/#organization\",\"name\":\"Municipalidad de Laja\",\"url\":\"https:\/\/munilaja.cl\/w\/\",\"logo\":{\"@type\":\"ImageObject\",\"inLanguage\":\"es\",\"@id\":\"https:\/\/munilaja.cl\/w\/#\/schema\/logo\/image\/\",\"url\":\"https:\/\/munilaja.cl\/w\/wp-content\/uploads\/2024\/11\/ESCUDO-LAJA-LETRAS-BLANCAS-LOGO-WEB.png\",\"contentUrl\":\"https:\/\/munilaja.cl\/w\/wp-content\/uploads\/2024\/11\/ESCUDO-LAJA-LETRAS-BLANCAS-LOGO-WEB.png\",\"width\":150,\"height\":150,\"caption\":\"Municipalidad de Laja\"},\"image\":{\"@id\":\"https:\/\/munilaja.cl\/w\/#\/schema\/logo\/image\/\"}}]}<\/script>\n<!-- \/ Yoast SEO plugin. -->","yoast_head_json":{"title":"BECAS MUNICIPALES - Municipalidad de Laja","robots":{"index":"index","follow":"follow","max-snippet":"max-snippet:-1","max-image-preview":"max-image-preview:large","max-video-preview":"max-video-preview:-1"},"canonical":"https:\/\/munilaja.cl\/w\/becas-municipales\/","og_locale":"es_ES","og_type":"article","og_title":"BECAS MUNICIPALES - Municipalidad de Laja","og_description":"Postulaciones Becas Municipales 2022 Tipos de Becas: Beca Matricula: consiste en un aporte en dinero equivalente a todo o parte del costo de la matricula anual del alumno en la educaci\u00f3n superior, se entrega por una sola vez en el a\u00f1o, debiendo acreditar haberse matriculado en alguna instituci\u00f3n de educaci\u00f3n superior.- Beca de transporte: consiste [&hellip;]","og_url":"https:\/\/munilaja.cl\/w\/becas-municipales\/","og_site_name":"Municipalidad de Laja","article_modified_time":"2022-01-20T14:37:37+00:00","og_image":[{"width":258,"height":85,"url":"https:\/\/munilaja.cl\/w\/wp-content\/uploads\/2015\/01\/boton-becas.gif","type":"image\/gif"}],"twitter_card":"summary_large_image","twitter_misc":{"Tiempo de lectura":"2 minutos"},"schema":{"@context":"https:\/\/schema.org","@graph":[{"@type":"WebPage","@id":"https:\/\/munilaja.cl\/w\/becas-municipales\/","url":"https:\/\/munilaja.cl\/w\/becas-municipales\/","name":"BECAS MUNICIPALES - Municipalidad de Laja","isPartOf":{"@id":"https:\/\/munilaja.cl\/w\/#website"},"primaryImageOfPage":{"@id":"https:\/\/munilaja.cl\/w\/becas-municipales\/#primaryimage"},"image":{"@id":"https:\/\/munilaja.cl\/w\/becas-municipales\/#primaryimage"},"thumbnailUrl":"https:\/\/munilaja.cl\/w\/wp-content\/uploads\/2015\/01\/boton-becas.gif","datePublished":"2015-01-15T19:48:04+00:00","dateModified":"2022-01-20T14:37:37+00:00","breadcrumb":{"@id":"https:\/\/munilaja.cl\/w\/becas-municipales\/#breadcrumb"},"inLanguage":"es","potentialAction":[{"@type":"ReadAction","target":["https:\/\/munilaja.cl\/w\/becas-municipales\/"]}]},{"@type":"ImageObject","inLanguage":"es","@id":"https:\/\/munilaja.cl\/w\/becas-municipales\/#primaryimage","url":"https:\/\/munilaja.cl\/w\/wp-content\/uploads\/2015\/01\/boton-becas.gif","contentUrl":"https:\/\/munilaja.cl\/w\/wp-content\/uploads\/2015\/01\/boton-becas.gif","width":258,"height":85},{"@type":"BreadcrumbList","@id":"https:\/\/munilaja.cl\/w\/becas-municipales\/#breadcrumb","itemListElement":[{"@type":"ListItem","position":1,"name":"Portada","item":"https:\/\/munilaja.cl\/w\/"},{"@type":"ListItem","position":2,"name":"BECAS MUNICIPALES"}]},{"@type":"WebSite","@id":"https:\/\/munilaja.cl\/w\/#website","url":"https:\/\/munilaja.cl\/w\/","name":"Municipalidad de Laja","description":"Web Municipal","publisher":{"@id":"https:\/\/munilaja.cl\/w\/#organization"},"potentialAction":[{"@type":"SearchAction","target":{"@type":"EntryPoint","urlTemplate":"https:\/\/munilaja.cl\/w\/?s={search_term_string}"},"query-input":{"@type":"PropertyValueSpecification","valueRequired":true,"valueName":"search_term_string"}}],"inLanguage":"es"},{"@type":"Organization","@id":"https:\/\/munilaja.cl\/w\/#organization","name":"Municipalidad de Laja","url":"https:\/\/munilaja.cl\/w\/","logo":{"@type":"ImageObject","inLanguage":"es","@id":"https:\/\/munilaja.cl\/w\/#\/schema\/logo\/image\/","url":"https:\/\/munilaja.cl\/w\/wp-content\/uploads\/2024\/11\/ESCUDO-LAJA-LETRAS-BLANCAS-LOGO-WEB.png","contentUrl":"https:\/\/munilaja.cl\/w\/wp-content\/uploads\/2024\/11\/ESCUDO-LAJA-LETRAS-BLANCAS-LOGO-WEB.png","width":150,"height":150,"caption":"Municipalidad de Laja"},"image":{"@id":"https:\/\/munilaja.cl\/w\/#\/schema\/logo\/image\/"}}]}},"_links":{"self":[{"href":"https:\/\/munilaja.cl\/w\/wp-json\/wp\/v2\/pages\/17474"}],"collection":[{"href":"https:\/\/munilaja.cl\/w\/wp-json\/wp\/v2\/pages"}],"about":[{"href":"https:\/\/munilaja.cl\/w\/wp-json\/wp\/v2\/types\/page"}],"author":[{"embeddable":true,"href":"https:\/\/munilaja.cl\/w\/wp-json\/wp\/v2\/users\/11"}],"replies":[{"embeddable":true,"href":"https:\/\/munilaja.cl\/w\/wp-json\/wp\/v2\/comments?post=17474"}],"version-history":[{"count":2,"href":"https:\/\/munilaja.cl\/w\/wp-json\/wp\/v2\/pages\/17474\/revisions"}],"predecessor-version":[{"id":57974,"href":"https:\/\/munilaja.cl\/w\/wp-json\/wp\/v2\/pages\/17474\/revisions\/57974"}],"wp:featuredmedia":[{"embeddable":true,"href":"https:\/\/munilaja.cl\/w\/wp-json\/wp\/v2\/media\/17475"}],"wp:attachment":[{"href":"https:\/\/munilaja.cl\/w\/wp-json\/wp\/v2\/media?parent=17474"}],"curies":[{"name":"wp","href":"https:\/\/api.w.org\/{rel}","templated":true}]}}