{"id":17,"date":"2013-04-14T18:33:36","date_gmt":"2013-04-14T18:33:36","guid":{"rendered":"http:\/\/munilaja.cl\/w\/?page_id=17"},"modified":"2021-08-25T22:47:45","modified_gmt":"2021-08-25T22:47:45","slug":"fomento","status":"publish","type":"page","link":"https:\/\/munilaja.cl\/w\/fomento\/","title":{"rendered":"Fomento"},"content":{"rendered":"<p style=\"text-align: justify;\"><em>El prop\u00f3sito de esta planificaci\u00f3n es entregar l\u00edneas estrat\u00e9gicas y acciones a ejecutar, para el desarrollo econ\u00f3mico de la comuna de Laja, bajo una Visi\u00f3n que atienda las diferentes realidades productivas, que se han forjado a trav\u00e9s del tiempo, tanto en base a esfuerzos organizados del municipio y privados, as\u00ed como nuevas oportunidades generadas por el entorno econ\u00f3mico y la proyecci\u00f3n de nuestra comuna. Para este efecto la Oficina de Fomento Productivo, debe comprometer su esfuerzo a brindar las herramientas necesarias, tanto a empresarios como emprendedores en la b\u00fasqueda de recursos que consoliden sus apuestas de negocios, as\u00ed como orientar estas inversiones en base a las estrategias de desarrollo planteadas por parte de las instituciones p\u00fablicas a nivel comunal, regional y nacional.<\/em><\/p>\n<p style=\"text-align: justify;\"><em>\u00a0<\/em><\/p>\n<p style=\"text-align: justify;\"><em>Hasta hace un par de a\u00f1os este era el gran derrotero de los fomentos productivos, pero esta idea ha ido cambiando, puntualmente por la mayor injerencia y participaci\u00f3n que han tenido en proyectos y programas de car\u00e1cter macros. Esta es nuestra apuesta consolidar un crecimiento y desarrollo que marque a la comuna en base a iniciativas transversales de \u00edndole econ\u00f3mico.<\/em><\/p>\n<p style=\"text-align: justify;\"><strong><em>Diagnostico<\/em><\/strong><\/p>\n<p style=\"text-align: justify;\"><em>Laja en su g\u00e9nesis fue una comuna con tendencia agr\u00edcola en base a un <\/em><em>sub-clima mediterr\u00e1neo y suelos que entregaban las condiciones b\u00e1sicas para el cultivo de vi\u00f1as, melones y sandias, que por a\u00f1os sustento la econom\u00eda local. En 1954 este eje productivo sufri\u00f3 un vuelco radical con la construcci\u00f3n de la empresa CMPC, que g\u00e9nero un marcado crecimiento econ\u00f3mico y demogr\u00e1fico, siendo por a\u00f1os un pilar fundamental en la econom\u00eda local, lo que llevo a nuestra comuna a ser un icono industrial a nivel nacional.<\/em><\/p>\n<p style=\"text-align: justify;\"><em>\u00a0<\/em><\/p>\n<p style=\"text-align: justify;\"><em>Este liderazgo ha ido declinando con los a\u00f1os, en base a la aparici\u00f3n de nuevas plantas a nivel regional, pero no sin dejar un legado que ha beneficiado a peque\u00f1os y medianos empresarios, as\u00ed como trabajadores, los cuales cuentan con un alto reconocimiento a nivel nacional por su alta expertis, en la prestaci\u00f3n de servicios a grandes empresas, esto se ve reflejado en la alta cantidad de trabajadores ubicados en diferentes puntos del pa\u00eds (faeneros).<\/em><\/p>\n<p style=\"text-align: justify;\"><em>Este salto econ\u00f3mico, trajo consigo perdida de terrenos altamente productivos, utilizados en la forestaci\u00f3n de Pino y Eucaliptus, para la producci\u00f3n de celulosa y papel. Adem\u00e1s de generar da\u00f1os colaterales tanto en el medio ambiente, como en el recurso h\u00eddrico, problema que actualmente aqueja a gran parte de los sectores rurales, por la disposici\u00f3n de grandes forestales que han incidido en la disminuci\u00f3n del caudal de napas subterr\u00e1neas. No podemos atribuir toda la responsabilidad solo a este factor, puesto que debemos sumar un cambio clim\u00e1tico acelerado, que ha provocado una disminuci\u00f3n de las precipitaciones, hecho que ha empobrecido aun m\u00e1s la calidad de nuestros suelos.<\/em><\/p>\n<p style=\"text-align: justify;\"><em>Otro punto primordial de nuestro desarrollo debe <\/em><em> tener como objetivo central potenciar las fuentes de riqueza del territorio a partir de los recursos que dispone, esto con el prop\u00f3sito de mejorar la calidad de vida de sus habitantes urbanos y rurales, de esta manera, a trav\u00e9s del desarrollo de la actividad tur\u00edstica, se pretende generar mayor bienestar a la comunidad. <\/em><\/p>\n<p style=\"text-align: justify;\"><em>Las perspectivas del desarrollo tur\u00edstico de la comuna de Laja se encuentran dadas por la creaci\u00f3n de productos tur\u00edsticos, que permitan conquistar nuevos mercados, basados en la riqueza natural dada por los r\u00edos que la rodean y las lagunas inmersas en su geograf\u00eda. Entre los que destacan la laguna La Se\u00f1oraza, Laguna El Pillo, Laguna Valdebenito, Laguna Coyanco y otras. Adem\u00e1s de contar con otros cursos fluviales como R\u00edo B\u00edo B\u00edo, R\u00edo Huaqui y R\u00edo Laja. Este \u00faltimo ha sido el que m\u00e1s intervenci\u00f3n ha tenido, tanto por inversiones p\u00fablicas como de los propietarios donde destacan distintos Campings, los cuales cuentan con todos los permisos necesarios para su funcionamiento, adem\u00e1s de generar iniciativas de car\u00e1cter innovador, entregando valor agregado a sus servicios. Un complemento importante a este eje han sido los adelantos en infraestructura realizados en los \u00faltimos a\u00f1os en que los destacan la Casa de Botes de Laguna Se\u00f1oraza, Finalizaci\u00f3n de la segunda etapa Ruta Q-90 y Construcci\u00f3n de Puente Carretero que conecta a Laja y San Rosendo.<\/em><\/p>\n<p style=\"text-align: justify;\"><em>A nivel de comercio, este <\/em><em>se concentra principalmente en la avenida Balmaceda entre las calles San Mart\u00edn y Alessandri. Esta actividad se caracteriza por poseer una oferta amplia y variada de bienes y servicios, comparado con comunas como San Rosendo y Yumbel. Sin embargo, dada la cercan\u00eda con Los \u00c1ngeles; la poblaci\u00f3n percibe en el comercio poca variedad y precios altos, por lo que manifiestan su preferencia por el comercio de la capital provincial, especialmente en electrodom\u00e9sticos, muebles para el hogar y vestuario, lo expuesto anteriormente se ha visto acentuado con la construcci\u00f3n de la ruta Q-34. A esto debemos agregar la falta de alianzas estrat\u00e9gicas generadas internamente, marcado por un individualismo comercial por parte de los empresarios, con una nula representatividad de estos, tanto a organismos p\u00fablicos como a grandes empresas.<\/em><\/p>\n<p style=\"text-align: justify;\"><em>\u00a0<\/em><\/p>\n<p style=\"text-align: justify;\"><em>\u00a0<\/em><\/p>\n<p style=\"text-align: justify;\"><strong><em>Misi\u00f3n<\/em><\/strong><\/p>\n<p style=\"text-align: justify;\"><em>Brindar las herramientas necesarias, para el desarrollo econ\u00f3mico de emprendedores y empresarios de la comuna de Laja.<\/em><\/p>\n<p style=\"text-align: justify;\"><em>\u00a0<\/em><\/p>\n<p style=\"text-align: justify;\"><strong><em>Visi\u00f3n<\/em><\/strong><\/p>\n<p style=\"text-align: justify;\"><em>Ser un referente reconocido a nivel regional, en la generaci\u00f3n de proyectos, programas y actividades, que apoyen la consolidaci\u00f3n de una plataforma econ\u00f3mica a la comuna de Laja.<\/em><\/p>\n<p><em>\u00a0<\/em><\/p>\n<p><strong><em>\u00a0<\/em><\/strong><\/p>\n<p><strong><em>Encargado de Fomento Productivo<\/em><\/strong><\/p>\n<p><strong><em>Sebasti\u00e1n Karl Carnot<\/em><\/strong><\/p>\n<p><strong><em>Casa de la Cultura<\/em><\/strong><\/p>\n<p><strong><em>Mail: fomento<\/em><em><a href=\"mailto:jsaez@munilaja.cl\">@munilaja.cl<\/a><\/em><\/strong><\/p>\n<p><strong><em>Fono\u00a0+56 9 39220382<\/em><\/strong><\/p>\n<p><strong><em>\u00a0<\/em><\/strong><\/p>\n","protected":false},"excerpt":{"rendered":"<p>El prop\u00f3sito de esta planificaci\u00f3n es entregar l\u00edneas estrat\u00e9gicas y acciones a ejecutar, para el desarrollo econ\u00f3mico de la comuna de Laja, bajo una Visi\u00f3n que atienda las diferentes realidades productivas, que se han forjado a trav\u00e9s del tiempo, tanto en base a esfuerzos organizados del municipio y privados, as\u00ed como nuevas oportunidades generadas por [&hellip;]<\/p>\n","protected":false},"author":11,"featured_media":0,"parent":0,"menu_order":0,"comment_status":"closed","ping_status":"open","template":"","meta":{"zakra_sidebar_layout":"customizer","zakra_remove_content_margin":false,"zakra_sidebar":"customizer","zakra_transparent_header":"customizer","zakra_logo":0,"zakra_main_header_style":"default","zakra_menu_item_color":"","zakra_menu_item_hover_color":"","zakra_menu_item_active_color":"","zakra_menu_active_style":"zakra_menu_active_style","zakra_page_header":true,"footnotes":""},"class_list":["post-17","page","type-page","status-publish","hentry"],"yoast_head":"<!-- This site is optimized with the Yoast SEO plugin v24.0 - https:\/\/yoast.com\/wordpress\/plugins\/seo\/ -->\n<title>Fomento - Municipalidad de Laja<\/title>\n<meta name=\"robots\" content=\"index, follow, max-snippet:-1, max-image-preview:large, max-video-preview:-1\" \/>\n<link rel=\"canonical\" href=\"https:\/\/munilaja.cl\/w\/fomento\/\" \/>\n<meta property=\"og:locale\" content=\"es_ES\" \/>\n<meta property=\"og:type\" content=\"article\" \/>\n<meta property=\"og:title\" content=\"Fomento - Municipalidad de Laja\" \/>\n<meta property=\"og:description\" content=\"El prop\u00f3sito de esta planificaci\u00f3n es entregar l\u00edneas estrat\u00e9gicas y acciones a ejecutar, para el desarrollo econ\u00f3mico de la comuna de Laja, bajo una Visi\u00f3n que atienda las diferentes realidades productivas, que se han forjado a trav\u00e9s del tiempo, tanto en base a esfuerzos organizados del municipio y privados, as\u00ed como nuevas oportunidades generadas por [&hellip;]\" \/>\n<meta property=\"og:url\" content=\"https:\/\/munilaja.cl\/w\/fomento\/\" \/>\n<meta property=\"og:site_name\" content=\"Municipalidad de Laja\" \/>\n<meta property=\"article:modified_time\" content=\"2021-08-25T22:47:45+00:00\" \/>\n<meta name=\"twitter:card\" content=\"summary_large_image\" \/>\n<meta name=\"twitter:label1\" content=\"Tiempo de lectura\" \/>\n\t<meta name=\"twitter:data1\" content=\"5 minutos\" \/>\n<script type=\"application\/ld+json\" class=\"yoast-schema-graph\">{\"@context\":\"https:\/\/schema.org\",\"@graph\":[{\"@type\":\"WebPage\",\"@id\":\"https:\/\/munilaja.cl\/w\/fomento\/\",\"url\":\"https:\/\/munilaja.cl\/w\/fomento\/\",\"name\":\"Fomento - Municipalidad de Laja\",\"isPartOf\":{\"@id\":\"https:\/\/munilaja.cl\/w\/#website\"},\"datePublished\":\"2013-04-14T18:33:36+00:00\",\"dateModified\":\"2021-08-25T22:47:45+00:00\",\"breadcrumb\":{\"@id\":\"https:\/\/munilaja.cl\/w\/fomento\/#breadcrumb\"},\"inLanguage\":\"es\",\"potentialAction\":[{\"@type\":\"ReadAction\",\"target\":[\"https:\/\/munilaja.cl\/w\/fomento\/\"]}]},{\"@type\":\"BreadcrumbList\",\"@id\":\"https:\/\/munilaja.cl\/w\/fomento\/#breadcrumb\",\"itemListElement\":[{\"@type\":\"ListItem\",\"position\":1,\"name\":\"Portada\",\"item\":\"https:\/\/munilaja.cl\/w\/\"},{\"@type\":\"ListItem\",\"position\":2,\"name\":\"Fomento\"}]},{\"@type\":\"WebSite\",\"@id\":\"https:\/\/munilaja.cl\/w\/#website\",\"url\":\"https:\/\/munilaja.cl\/w\/\",\"name\":\"Municipalidad de Laja\",\"description\":\"Web Municipal\",\"publisher\":{\"@id\":\"https:\/\/munilaja.cl\/w\/#organization\"},\"potentialAction\":[{\"@type\":\"SearchAction\",\"target\":{\"@type\":\"EntryPoint\",\"urlTemplate\":\"https:\/\/munilaja.cl\/w\/?s={search_term_string}\"},\"query-input\":{\"@type\":\"PropertyValueSpecification\",\"valueRequired\":true,\"valueName\":\"search_term_string\"}}],\"inLanguage\":\"es\"},{\"@type\":\"Organization\",\"@id\":\"https:\/\/munilaja.cl\/w\/#organization\",\"name\":\"Municipalidad de Laja\",\"url\":\"https:\/\/munilaja.cl\/w\/\",\"logo\":{\"@type\":\"ImageObject\",\"inLanguage\":\"es\",\"@id\":\"https:\/\/munilaja.cl\/w\/#\/schema\/logo\/image\/\",\"url\":\"https:\/\/munilaja.cl\/w\/wp-content\/uploads\/2024\/11\/ESCUDO-LAJA-LETRAS-BLANCAS-LOGO-WEB.png\",\"contentUrl\":\"https:\/\/munilaja.cl\/w\/wp-content\/uploads\/2024\/11\/ESCUDO-LAJA-LETRAS-BLANCAS-LOGO-WEB.png\",\"width\":150,\"height\":150,\"caption\":\"Municipalidad de Laja\"},\"image\":{\"@id\":\"https:\/\/munilaja.cl\/w\/#\/schema\/logo\/image\/\"}}]}<\/script>\n<!-- \/ Yoast SEO plugin. -->","yoast_head_json":{"title":"Fomento - Municipalidad de Laja","robots":{"index":"index","follow":"follow","max-snippet":"max-snippet:-1","max-image-preview":"max-image-preview:large","max-video-preview":"max-video-preview:-1"},"canonical":"https:\/\/munilaja.cl\/w\/fomento\/","og_locale":"es_ES","og_type":"article","og_title":"Fomento - Municipalidad de Laja","og_description":"El prop\u00f3sito de esta planificaci\u00f3n es entregar l\u00edneas estrat\u00e9gicas y acciones a ejecutar, para el desarrollo econ\u00f3mico de la comuna de Laja, bajo una Visi\u00f3n que atienda las diferentes realidades productivas, que se han forjado a trav\u00e9s del tiempo, tanto en base a esfuerzos organizados del municipio y privados, as\u00ed como nuevas oportunidades generadas por [&hellip;]","og_url":"https:\/\/munilaja.cl\/w\/fomento\/","og_site_name":"Municipalidad de Laja","article_modified_time":"2021-08-25T22:47:45+00:00","twitter_card":"summary_large_image","twitter_misc":{"Tiempo de lectura":"5 minutos"},"schema":{"@context":"https:\/\/schema.org","@graph":[{"@type":"WebPage","@id":"https:\/\/munilaja.cl\/w\/fomento\/","url":"https:\/\/munilaja.cl\/w\/fomento\/","name":"Fomento - Municipalidad de Laja","isPartOf":{"@id":"https:\/\/munilaja.cl\/w\/#website"},"datePublished":"2013-04-14T18:33:36+00:00","dateModified":"2021-08-25T22:47:45+00:00","breadcrumb":{"@id":"https:\/\/munilaja.cl\/w\/fomento\/#breadcrumb"},"inLanguage":"es","potentialAction":[{"@type":"ReadAction","target":["https:\/\/munilaja.cl\/w\/fomento\/"]}]},{"@type":"BreadcrumbList","@id":"https:\/\/munilaja.cl\/w\/fomento\/#breadcrumb","itemListElement":[{"@type":"ListItem","position":1,"name":"Portada","item":"https:\/\/munilaja.cl\/w\/"},{"@type":"ListItem","position":2,"name":"Fomento"}]},{"@type":"WebSite","@id":"https:\/\/munilaja.cl\/w\/#website","url":"https:\/\/munilaja.cl\/w\/","name":"Municipalidad de Laja","description":"Web Municipal","publisher":{"@id":"https:\/\/munilaja.cl\/w\/#organization"},"potentialAction":[{"@type":"SearchAction","target":{"@type":"EntryPoint","urlTemplate":"https:\/\/munilaja.cl\/w\/?s={search_term_string}"},"query-input":{"@type":"PropertyValueSpecification","valueRequired":true,"valueName":"search_term_string"}}],"inLanguage":"es"},{"@type":"Organization","@id":"https:\/\/munilaja.cl\/w\/#organization","name":"Municipalidad de Laja","url":"https:\/\/munilaja.cl\/w\/","logo":{"@type":"ImageObject","inLanguage":"es","@id":"https:\/\/munilaja.cl\/w\/#\/schema\/logo\/image\/","url":"https:\/\/munilaja.cl\/w\/wp-content\/uploads\/2024\/11\/ESCUDO-LAJA-LETRAS-BLANCAS-LOGO-WEB.png","contentUrl":"https:\/\/munilaja.cl\/w\/wp-content\/uploads\/2024\/11\/ESCUDO-LAJA-LETRAS-BLANCAS-LOGO-WEB.png","width":150,"height":150,"caption":"Municipalidad de Laja"},"image":{"@id":"https:\/\/munilaja.cl\/w\/#\/schema\/logo\/image\/"}}]}},"_links":{"self":[{"href":"https:\/\/munilaja.cl\/w\/wp-json\/wp\/v2\/pages\/17"}],"collection":[{"href":"https:\/\/munilaja.cl\/w\/wp-json\/wp\/v2\/pages"}],"about":[{"href":"https:\/\/munilaja.cl\/w\/wp-json\/wp\/v2\/types\/page"}],"author":[{"embeddable":true,"href":"https:\/\/munilaja.cl\/w\/wp-json\/wp\/v2\/users\/11"}],"replies":[{"embeddable":true,"href":"https:\/\/munilaja.cl\/w\/wp-json\/wp\/v2\/comments?post=17"}],"version-history":[{"count":1,"href":"https:\/\/munilaja.cl\/w\/wp-json\/wp\/v2\/pages\/17\/revisions"}],"predecessor-version":[{"id":56207,"href":"https:\/\/munilaja.cl\/w\/wp-json\/wp\/v2\/pages\/17\/revisions\/56207"}],"wp:attachment":[{"href":"https:\/\/munilaja.cl\/w\/wp-json\/wp\/v2\/media?parent=17"}],"curies":[{"name":"wp","href":"https:\/\/api.w.org\/{rel}","templated":true}]}}