{"id":162,"date":"2013-04-22T01:33:40","date_gmt":"2013-04-22T01:33:40","guid":{"rendered":"http:\/\/munilaja.cl\/w\/?page_id=162"},"modified":"2021-08-25T22:48:29","modified_gmt":"2021-08-25T22:48:29","slug":"omil","status":"publish","type":"page","link":"https:\/\/munilaja.cl\/w\/omil\/","title":{"rendered":"OMIL"},"content":{"rendered":"<p><span style=\"color: #800000;\"><strong>OFICINA MUNICIPAL DE INTERMEDIACION LABORAL OMIL<\/strong><\/span><\/p>\n<p style=\"padding-left: 30px;\"><span style=\"color: #800000;\"><strong>\u00bfQU\u00c9 ES LA OMIL?<\/strong><\/span><\/p>\n<p style=\"padding-left: 30px;\"><em>Las Oficinas Municipales de Intermediaci\u00f3n Laboral (OMIL), son las encargadas de entregar informaci\u00f3n a las personas respecto de las opciones o posibilidades laborales de su comuna.<\/em><\/p>\n<p style=\"padding-left: 30px;\"><em>Ellas\u00a0forman parte de la Red P\u00fablica de Empleo, y dentro de sus funciones principales est\u00e1n las de apoyar a quienes\u00a0buscan trabajo, acerc\u00e1ndolos a las ofertas de empleo.<\/em><\/p>\n<p style=\"padding-left: 30px;\"><em>Adem\u00e1s de esto; facilitan su acceso a cursos de capacitaci\u00f3n gratuitos y a realizar su proceso de certificaci\u00f3n para obtener los beneficios del Fondo de Cesant\u00eda Solidario.<\/em><\/p>\n<p style=\"padding-left: 30px;\"><span style=\"color: #800000;\"><strong>\u00bf QUE ES LA B.N.E ?<\/strong><\/span><\/p>\n<p style=\"padding-left: 30px;\"><em>La Bolsa Nacional de Empleo, es la red laboral m\u00e1s grande y gratuita a nivel nacional, ya que estar\u00e1 operada por 312 oficinas Municipales de Intermediaci\u00f3n Laboral, m\u00e1s las ofertas laborales que se generen de Trabajando.com, m\u00e1s las ofertas de empresas a nivel nacional. Todo lo anterior ampliar\u00e1 notablemente las opciones de colocaciones de puestos de trabajo.<\/em><\/p>\n<p style=\"padding-left: 30px;\"><span style=\"color: #800000;\"><strong>\u00bfQUI\u00c9NES PUEDEN INSCRIBIRSE?<\/strong><\/span><\/p>\n<p style=\"padding-left: 30px;\"><strong><em>\u00a0<\/em><\/strong><em>*\u00a0Personas que buscan trabajo por primera vez; cesantes con \u00f3 sin oficios, T\u00e9cnicos, y\/o Profesionales.<\/em><\/p>\n<p style=\"padding-left: 30px;\"><em>\u00a0*\u00a0Trabajadores que desean cambiar de actividad ocupacional.<\/em><\/p>\n<p style=\"padding-left: 30px;\"><em>\u00a0*\u00a0Personas interesadas en optar a cursos de capacitaci\u00f3n.<\/em><\/p>\n<p style=\"padding-left: 30px;\"><em>\u00a0*\u00a0Personas que deben certificarse para el cobro del seguro de cesant\u00eda solidario.<\/em><\/p>\n<p style=\"padding-left: 30px;\"><span style=\"color: #800000;\"><strong>SERVICIOS OMIL:<\/strong><\/span><\/p>\n<p style=\"padding-left: 30px;\"><strong><em>\u00a0*<\/em><\/strong><em>\u00a0Informa sobre disponibilidad de puestos de trabajo.<\/em><\/p>\n<p style=\"padding-left: 30px;\"><em>\u00a0*\u00a0Contacta a quienes buscan empleo, con las empresas que necesitan personal.<\/em><\/p>\n<p style=\"padding-left: 30px;\"><em>\u00a0*\u00a0Informa sobre diversos programas Sence, orientados a cesantes, trabajadores y empleadores.<\/em><\/p>\n<p style=\"padding-left: 30px;\"><em>\u00a0*\u00a0Inscribe e informa sobre cursos de capacitaci\u00f3n disponibles.<\/em><\/p>\n<p style=\"padding-left: 30px;\"><em>\u00a0*\u00a0Registra y certifica el otorgamiento del seguro y subsidio de cesant\u00eda.<\/em><\/p>\n<p style=\"padding-left: 30px;\"><span style=\"color: #800000;\">\u00a0<strong>REQUISITOS DE INSCRIPCION OMIL<\/strong><\/span><\/p>\n<h4 style=\"padding-left: 30px;\"><strong><em>* Asistir a la oficina OMIL, ubicada en el 1<sup>er<\/sup> piso de la Ilustre Municipalidad de Laja, portando los siguientes documentos:<\/em><\/strong><\/h4>\n<h4 style=\"padding-left: 30px;\"><strong><em>\u00a0*\u00a0C\u00e9dula de Identidad.<\/em><\/strong><\/h4>\n<h4 style=\"padding-left: 30px;\"><strong><em>\u00a0*\u00a0Acreditar domicilio con estado de cuenta comercial, \u00f3 Certificado de Residencia de la Junta de Vecinos.<\/em><\/strong><\/h4>\n<h4 style=\"padding-left: 30px;\"><strong><em>*\u00a0Presentar \u00faltimo finiquito, \u00f3 carta de despido, \u00f3 Certificado de \u00faltimas 6 cotizaciones de A.F.P.<\/em><\/strong><\/h4>\n<h4 style=\"padding-left: 30px;\"><strong><em>*\u00a0Curriculum Vitae.<\/em><\/strong><\/h4>\n<h4><strong>\u00a0<\/strong><\/h4>\n<h4><\/h4>\n<h4><span style=\"color: #800000;\"><em>Encargado OMIL<\/em><\/span><\/h4>\n<h4><em>Sebasti\u00e1n Karl Carnot<\/em><\/h4>\n<h4><em>Mail: <a href=\"mailto:omil@munilaja.cl\">omil@munilaja.cl<\/a><\/em><\/h4>\n<h4><em>Fono:\u00a0+56 9 39220382 ,\u00a0Casa de la Cultura.<\/em><\/h4>\n","protected":false},"excerpt":{"rendered":"<p>OFICINA MUNICIPAL DE INTERMEDIACION LABORAL OMIL \u00bfQU\u00c9 ES LA OMIL? Las Oficinas Municipales de Intermediaci\u00f3n Laboral (OMIL), son las encargadas de entregar informaci\u00f3n a las personas respecto de las opciones o posibilidades laborales de su comuna. Ellas\u00a0forman parte de la Red P\u00fablica de Empleo, y dentro de sus funciones principales est\u00e1n las de apoyar a [&hellip;]<\/p>\n","protected":false},"author":11,"featured_media":0,"parent":0,"menu_order":0,"comment_status":"closed","ping_status":"open","template":"","meta":{"zakra_sidebar_layout":"customizer","zakra_remove_content_margin":false,"zakra_sidebar":"customizer","zakra_transparent_header":"customizer","zakra_logo":0,"zakra_main_header_style":"default","zakra_menu_item_color":"","zakra_menu_item_hover_color":"","zakra_menu_item_active_color":"","zakra_menu_active_style":"zakra_menu_active_style","zakra_page_header":true,"footnotes":""},"class_list":["post-162","page","type-page","status-publish","hentry"],"yoast_head":"<!-- This site is optimized with the Yoast SEO plugin v24.0 - https:\/\/yoast.com\/wordpress\/plugins\/seo\/ -->\n<title>OMIL - Municipalidad de Laja<\/title>\n<meta name=\"robots\" content=\"index, follow, max-snippet:-1, max-image-preview:large, max-video-preview:-1\" \/>\n<link rel=\"canonical\" href=\"https:\/\/munilaja.cl\/w\/omil\/\" \/>\n<meta property=\"og:locale\" content=\"es_ES\" \/>\n<meta property=\"og:type\" content=\"article\" \/>\n<meta property=\"og:title\" content=\"OMIL - Municipalidad de Laja\" \/>\n<meta property=\"og:description\" content=\"OFICINA MUNICIPAL DE INTERMEDIACION LABORAL OMIL \u00bfQU\u00c9 ES LA OMIL? Las Oficinas Municipales de Intermediaci\u00f3n Laboral (OMIL), son las encargadas de entregar informaci\u00f3n a las personas respecto de las opciones o posibilidades laborales de su comuna. Ellas\u00a0forman parte de la Red P\u00fablica de Empleo, y dentro de sus funciones principales est\u00e1n las de apoyar a [&hellip;]\" \/>\n<meta property=\"og:url\" content=\"https:\/\/munilaja.cl\/w\/omil\/\" \/>\n<meta property=\"og:site_name\" content=\"Municipalidad de Laja\" \/>\n<meta property=\"article:modified_time\" content=\"2021-08-25T22:48:29+00:00\" \/>\n<meta name=\"twitter:card\" content=\"summary_large_image\" \/>\n<meta name=\"twitter:label1\" content=\"Tiempo de lectura\" \/>\n\t<meta name=\"twitter:data1\" content=\"2 minutos\" \/>\n<script type=\"application\/ld+json\" class=\"yoast-schema-graph\">{\"@context\":\"https:\/\/schema.org\",\"@graph\":[{\"@type\":\"WebPage\",\"@id\":\"https:\/\/munilaja.cl\/w\/omil\/\",\"url\":\"https:\/\/munilaja.cl\/w\/omil\/\",\"name\":\"OMIL - Municipalidad de Laja\",\"isPartOf\":{\"@id\":\"https:\/\/munilaja.cl\/w\/#website\"},\"datePublished\":\"2013-04-22T01:33:40+00:00\",\"dateModified\":\"2021-08-25T22:48:29+00:00\",\"breadcrumb\":{\"@id\":\"https:\/\/munilaja.cl\/w\/omil\/#breadcrumb\"},\"inLanguage\":\"es\",\"potentialAction\":[{\"@type\":\"ReadAction\",\"target\":[\"https:\/\/munilaja.cl\/w\/omil\/\"]}]},{\"@type\":\"BreadcrumbList\",\"@id\":\"https:\/\/munilaja.cl\/w\/omil\/#breadcrumb\",\"itemListElement\":[{\"@type\":\"ListItem\",\"position\":1,\"name\":\"Portada\",\"item\":\"https:\/\/munilaja.cl\/w\/\"},{\"@type\":\"ListItem\",\"position\":2,\"name\":\"OMIL\"}]},{\"@type\":\"WebSite\",\"@id\":\"https:\/\/munilaja.cl\/w\/#website\",\"url\":\"https:\/\/munilaja.cl\/w\/\",\"name\":\"Municipalidad de Laja\",\"description\":\"Web Municipal\",\"publisher\":{\"@id\":\"https:\/\/munilaja.cl\/w\/#organization\"},\"potentialAction\":[{\"@type\":\"SearchAction\",\"target\":{\"@type\":\"EntryPoint\",\"urlTemplate\":\"https:\/\/munilaja.cl\/w\/?s={search_term_string}\"},\"query-input\":{\"@type\":\"PropertyValueSpecification\",\"valueRequired\":true,\"valueName\":\"search_term_string\"}}],\"inLanguage\":\"es\"},{\"@type\":\"Organization\",\"@id\":\"https:\/\/munilaja.cl\/w\/#organization\",\"name\":\"Municipalidad de Laja\",\"url\":\"https:\/\/munilaja.cl\/w\/\",\"logo\":{\"@type\":\"ImageObject\",\"inLanguage\":\"es\",\"@id\":\"https:\/\/munilaja.cl\/w\/#\/schema\/logo\/image\/\",\"url\":\"https:\/\/munilaja.cl\/w\/wp-content\/uploads\/2024\/11\/ESCUDO-LAJA-LETRAS-BLANCAS-LOGO-WEB.png\",\"contentUrl\":\"https:\/\/munilaja.cl\/w\/wp-content\/uploads\/2024\/11\/ESCUDO-LAJA-LETRAS-BLANCAS-LOGO-WEB.png\",\"width\":150,\"height\":150,\"caption\":\"Municipalidad de Laja\"},\"image\":{\"@id\":\"https:\/\/munilaja.cl\/w\/#\/schema\/logo\/image\/\"}}]}<\/script>\n<!-- \/ Yoast SEO plugin. -->","yoast_head_json":{"title":"OMIL - Municipalidad de Laja","robots":{"index":"index","follow":"follow","max-snippet":"max-snippet:-1","max-image-preview":"max-image-preview:large","max-video-preview":"max-video-preview:-1"},"canonical":"https:\/\/munilaja.cl\/w\/omil\/","og_locale":"es_ES","og_type":"article","og_title":"OMIL - Municipalidad de Laja","og_description":"OFICINA MUNICIPAL DE INTERMEDIACION LABORAL OMIL \u00bfQU\u00c9 ES LA OMIL? Las Oficinas Municipales de Intermediaci\u00f3n Laboral (OMIL), son las encargadas de entregar informaci\u00f3n a las personas respecto de las opciones o posibilidades laborales de su comuna. Ellas\u00a0forman parte de la Red P\u00fablica de Empleo, y dentro de sus funciones principales est\u00e1n las de apoyar a [&hellip;]","og_url":"https:\/\/munilaja.cl\/w\/omil\/","og_site_name":"Municipalidad de Laja","article_modified_time":"2021-08-25T22:48:29+00:00","twitter_card":"summary_large_image","twitter_misc":{"Tiempo de lectura":"2 minutos"},"schema":{"@context":"https:\/\/schema.org","@graph":[{"@type":"WebPage","@id":"https:\/\/munilaja.cl\/w\/omil\/","url":"https:\/\/munilaja.cl\/w\/omil\/","name":"OMIL - Municipalidad de Laja","isPartOf":{"@id":"https:\/\/munilaja.cl\/w\/#website"},"datePublished":"2013-04-22T01:33:40+00:00","dateModified":"2021-08-25T22:48:29+00:00","breadcrumb":{"@id":"https:\/\/munilaja.cl\/w\/omil\/#breadcrumb"},"inLanguage":"es","potentialAction":[{"@type":"ReadAction","target":["https:\/\/munilaja.cl\/w\/omil\/"]}]},{"@type":"BreadcrumbList","@id":"https:\/\/munilaja.cl\/w\/omil\/#breadcrumb","itemListElement":[{"@type":"ListItem","position":1,"name":"Portada","item":"https:\/\/munilaja.cl\/w\/"},{"@type":"ListItem","position":2,"name":"OMIL"}]},{"@type":"WebSite","@id":"https:\/\/munilaja.cl\/w\/#website","url":"https:\/\/munilaja.cl\/w\/","name":"Municipalidad de Laja","description":"Web Municipal","publisher":{"@id":"https:\/\/munilaja.cl\/w\/#organization"},"potentialAction":[{"@type":"SearchAction","target":{"@type":"EntryPoint","urlTemplate":"https:\/\/munilaja.cl\/w\/?s={search_term_string}"},"query-input":{"@type":"PropertyValueSpecification","valueRequired":true,"valueName":"search_term_string"}}],"inLanguage":"es"},{"@type":"Organization","@id":"https:\/\/munilaja.cl\/w\/#organization","name":"Municipalidad de Laja","url":"https:\/\/munilaja.cl\/w\/","logo":{"@type":"ImageObject","inLanguage":"es","@id":"https:\/\/munilaja.cl\/w\/#\/schema\/logo\/image\/","url":"https:\/\/munilaja.cl\/w\/wp-content\/uploads\/2024\/11\/ESCUDO-LAJA-LETRAS-BLANCAS-LOGO-WEB.png","contentUrl":"https:\/\/munilaja.cl\/w\/wp-content\/uploads\/2024\/11\/ESCUDO-LAJA-LETRAS-BLANCAS-LOGO-WEB.png","width":150,"height":150,"caption":"Municipalidad de Laja"},"image":{"@id":"https:\/\/munilaja.cl\/w\/#\/schema\/logo\/image\/"}}]}},"_links":{"self":[{"href":"https:\/\/munilaja.cl\/w\/wp-json\/wp\/v2\/pages\/162"}],"collection":[{"href":"https:\/\/munilaja.cl\/w\/wp-json\/wp\/v2\/pages"}],"about":[{"href":"https:\/\/munilaja.cl\/w\/wp-json\/wp\/v2\/types\/page"}],"author":[{"embeddable":true,"href":"https:\/\/munilaja.cl\/w\/wp-json\/wp\/v2\/users\/11"}],"replies":[{"embeddable":true,"href":"https:\/\/munilaja.cl\/w\/wp-json\/wp\/v2\/comments?post=162"}],"version-history":[{"count":1,"href":"https:\/\/munilaja.cl\/w\/wp-json\/wp\/v2\/pages\/162\/revisions"}],"predecessor-version":[{"id":56236,"href":"https:\/\/munilaja.cl\/w\/wp-json\/wp\/v2\/pages\/162\/revisions\/56236"}],"wp:attachment":[{"href":"https:\/\/munilaja.cl\/w\/wp-json\/wp\/v2\/media?parent=162"}],"curies":[{"name":"wp","href":"https:\/\/api.w.org\/{rel}","templated":true}]}}