{"id":14,"date":"2013-04-14T18:33:01","date_gmt":"2013-04-14T18:33:01","guid":{"rendered":"http:\/\/munilaja.cl\/w\/?page_id=14"},"modified":"2023-03-20T16:01:15","modified_gmt":"2023-03-20T20:01:15","slug":"unidad-de-transito","status":"publish","type":"page","link":"https:\/\/munilaja.cl\/w\/unidad-de-transito\/","title":{"rendered":"Unidad de Tr\u00e1nsito"},"content":{"rendered":"<h2 style=\"text-align: justify;\">Unidad de Tr\u00e1nsito<\/h2>\n<div>\n<p style=\"text-align: justify;\">La Unidad de Tr\u00e1nsito y Transporte P\u00fablico cumple las siguientes funciones:<\/p>\n<div style=\"text-align: justify;\"><\/div>\n<p style=\"text-align: justify;\">&#8211; Otorgar y renovar licencias de conducir veh\u00edculos y permisos de circulaci\u00f3n.<br \/>\n&#8211; Determinar el sentido de circulaci\u00f3n de veh\u00edculos, en coordinaci\u00f3n con los organismos de la Administraci\u00f3n del Estado competentes.<br \/>\n&#8211; Se\u00f1alizar adecuadamente las v\u00edas p\u00fablicas.<br \/>\n&#8211; Aplicar las normas generales sobre tr\u00e1nsito y transporte p\u00fablico en la comuna.<br \/>\n&#8211; Fiscalizar el cumplimiento de las disposiciones legales en materia de tr\u00e1nsito y transporte p\u00fablico en la comuna.<br \/>\n&#8211; Estudiar y proponer medidas de regularizaci\u00f3n y mejoramiento de los sistemas de tr\u00e1nsito en la Comuna.<br \/>\n&#8211; Planificar y controlar programas de mantenci\u00f3n de dispositivos de se\u00f1alizaci\u00f3n de tr\u00e1nsito.<br \/>\n&#8211; Estudiar e informar cuando corresponda los estacionamientos, terminales y otros que puedan afectar la circulaci\u00f3n vehicular o peatonal.<br \/>\n&#8211; Colaborar con la Secretar\u00eda Comunal de Planificaci\u00f3n en la elaboraci\u00f3n de bases y especificaciones para contratar servicios de mantenci\u00f3n de se\u00f1alizaci\u00f3n de tr\u00e1nsito y controlar su cumplimiento.<br \/>\n&#8211; Coordinar la ejecuci\u00f3n de proyectos viales con el Departamento de Obras y\/o Pavimentaci\u00f3n e instituciones externas.<br \/>\n&#8211; Otras funciones que la Ley se\u00f1ale o que la autoridad superior le asigne, las que ejecutar\u00e1 a trav\u00e9s de la unidad que corresponda, de conformidad a la legislaci\u00f3n vigente.<\/p>\n<p style=\"text-align: justify;\">Las secciones dependientes de esta Unidad, tienen las siguientes atribuciones:<\/p>\n<p style=\"text-align: justify;\"><strong>Licencia de conducir<\/strong><\/p>\n<p style=\"text-align: justify;\">&#8211; Otorgar, renovar, restringir o denegar licencias para conducir veh\u00edculos de acuerdo a la normativa vigente.<br \/>\n&#8211; Solicitar certificado de antecedentes al Registro Nacional de Conductores.<br \/>\n&#8211; Efectuar los ex\u00e1menes correspondientes para otorgar las licencias de conducir o para otros fines, a trav\u00e9s de su Gabinete Psicot\u00e9cnico.<br \/>\n&#8211; Mantener un registro de las licencias de conducir otorgadas y denegadas.<br \/>\n&#8211; Informar al Registro Nacional de Conductores las licencias otorgadas o denegadas y los controles efectuados a los conductores.<br \/>\n&#8211; Efectuar el giro de los derechos municipales relativos a los permisos y servicios que otorga.<\/p>\n<p style=\"text-align: justify;\"><strong>Permisos de circulaci\u00f3n<\/strong><\/p>\n<p style=\"text-align: justify;\">&#8211; Otorgar y renovar los permisos de circulaci\u00f3n de acuerdo a la normativa vigente.<br \/>\n&#8211; Mantener un Registro Comunal de Permisos de Circulaci\u00f3n otorgados.<br \/>\n&#8211; Solicitar, aprobar o rechazar los traslados de Registro Comunal de Permisos de Circulaci\u00f3n.<br \/>\n&#8211; Emitir el giro del impuesto por permiso de circulaci\u00f3n de los veh\u00edculos registrados.<\/p>\n<p style=\"text-align: justify;\"><strong><br \/>\nCONTACTO DIRECTOR<\/strong><\/p>\n<p style=\"text-align: justify;\">Jorge Gonz\u00e1lez Bustamante<\/p>\n<p style=\"text-align: justify;\">Mail: <a href=\"mailto:jorge.gonzalez@munilaja.cl\">jorge.gonzalez@munilaja.cl<\/a><\/p>\n<p style=\"text-align: justify;\">\n<strong>SECRETARIA TR\u00c1NSITO:<\/strong><\/p>\n<p style=\"text-align: justify;\">Jessica Escobar Poblete<br \/>\nMail: <a href=\"mailto:jescobar@munilaja.cl\">jescobar@munilaja.cl<\/a><br \/>\nTel\u00e9fono: 43 2 524667<\/p>\n<p>Direcci\u00f3n: Balmaceda 292, 1\u00ba piso.<\/p>\n<\/div>\n","protected":false},"excerpt":{"rendered":"<p>Unidad de Tr\u00e1nsito La Unidad de Tr\u00e1nsito y Transporte P\u00fablico cumple las siguientes funciones: &#8211; Otorgar y renovar licencias de conducir veh\u00edculos y permisos de circulaci\u00f3n. &#8211; Determinar el sentido de circulaci\u00f3n de veh\u00edculos, en coordinaci\u00f3n con los organismos de la Administraci\u00f3n del Estado competentes. &#8211; Se\u00f1alizar adecuadamente las v\u00edas p\u00fablicas. &#8211; Aplicar las normas [&hellip;]<\/p>\n","protected":false},"author":11,"featured_media":0,"parent":0,"menu_order":0,"comment_status":"closed","ping_status":"open","template":"","meta":{"zakra_sidebar_layout":"customizer","zakra_remove_content_margin":false,"zakra_sidebar":"customizer","zakra_transparent_header":"customizer","zakra_logo":0,"zakra_main_header_style":"default","zakra_menu_item_color":"","zakra_menu_item_hover_color":"","zakra_menu_item_active_color":"","zakra_menu_active_style":"zakra_menu_active_style","zakra_page_header":true,"footnotes":""},"class_list":["post-14","page","type-page","status-publish","hentry"],"yoast_head":"<!-- This site is optimized with the Yoast SEO plugin v24.0 - https:\/\/yoast.com\/wordpress\/plugins\/seo\/ -->\n<title>Unidad de Tr\u00e1nsito - Municipalidad de Laja<\/title>\n<meta name=\"robots\" content=\"index, follow, max-snippet:-1, max-image-preview:large, max-video-preview:-1\" \/>\n<link rel=\"canonical\" href=\"https:\/\/munilaja.cl\/w\/unidad-de-transito\/\" \/>\n<meta property=\"og:locale\" content=\"es_ES\" \/>\n<meta property=\"og:type\" content=\"article\" \/>\n<meta property=\"og:title\" content=\"Unidad de Tr\u00e1nsito - Municipalidad de Laja\" \/>\n<meta property=\"og:description\" content=\"Unidad de Tr\u00e1nsito La Unidad de Tr\u00e1nsito y Transporte P\u00fablico cumple las siguientes funciones: &#8211; Otorgar y renovar licencias de conducir veh\u00edculos y permisos de circulaci\u00f3n. &#8211; Determinar el sentido de circulaci\u00f3n de veh\u00edculos, en coordinaci\u00f3n con los organismos de la Administraci\u00f3n del Estado competentes. &#8211; Se\u00f1alizar adecuadamente las v\u00edas p\u00fablicas. &#8211; Aplicar las normas [&hellip;]\" \/>\n<meta property=\"og:url\" content=\"https:\/\/munilaja.cl\/w\/unidad-de-transito\/\" \/>\n<meta property=\"og:site_name\" content=\"Municipalidad de Laja\" \/>\n<meta property=\"article:modified_time\" content=\"2023-03-20T20:01:15+00:00\" \/>\n<meta name=\"twitter:card\" content=\"summary_large_image\" \/>\n<meta name=\"twitter:label1\" content=\"Tiempo de lectura\" \/>\n\t<meta name=\"twitter:data1\" content=\"2 minutos\" \/>\n<script type=\"application\/ld+json\" class=\"yoast-schema-graph\">{\"@context\":\"https:\/\/schema.org\",\"@graph\":[{\"@type\":\"WebPage\",\"@id\":\"https:\/\/munilaja.cl\/w\/unidad-de-transito\/\",\"url\":\"https:\/\/munilaja.cl\/w\/unidad-de-transito\/\",\"name\":\"Unidad de Tr\u00e1nsito - Municipalidad de Laja\",\"isPartOf\":{\"@id\":\"https:\/\/munilaja.cl\/w\/#website\"},\"datePublished\":\"2013-04-14T18:33:01+00:00\",\"dateModified\":\"2023-03-20T20:01:15+00:00\",\"breadcrumb\":{\"@id\":\"https:\/\/munilaja.cl\/w\/unidad-de-transito\/#breadcrumb\"},\"inLanguage\":\"es\",\"potentialAction\":[{\"@type\":\"ReadAction\",\"target\":[\"https:\/\/munilaja.cl\/w\/unidad-de-transito\/\"]}]},{\"@type\":\"BreadcrumbList\",\"@id\":\"https:\/\/munilaja.cl\/w\/unidad-de-transito\/#breadcrumb\",\"itemListElement\":[{\"@type\":\"ListItem\",\"position\":1,\"name\":\"Portada\",\"item\":\"https:\/\/munilaja.cl\/w\/\"},{\"@type\":\"ListItem\",\"position\":2,\"name\":\"Unidad de Tr\u00e1nsito\"}]},{\"@type\":\"WebSite\",\"@id\":\"https:\/\/munilaja.cl\/w\/#website\",\"url\":\"https:\/\/munilaja.cl\/w\/\",\"name\":\"Municipalidad de Laja\",\"description\":\"Web Municipal\",\"publisher\":{\"@id\":\"https:\/\/munilaja.cl\/w\/#organization\"},\"potentialAction\":[{\"@type\":\"SearchAction\",\"target\":{\"@type\":\"EntryPoint\",\"urlTemplate\":\"https:\/\/munilaja.cl\/w\/?s={search_term_string}\"},\"query-input\":{\"@type\":\"PropertyValueSpecification\",\"valueRequired\":true,\"valueName\":\"search_term_string\"}}],\"inLanguage\":\"es\"},{\"@type\":\"Organization\",\"@id\":\"https:\/\/munilaja.cl\/w\/#organization\",\"name\":\"Municipalidad de Laja\",\"url\":\"https:\/\/munilaja.cl\/w\/\",\"logo\":{\"@type\":\"ImageObject\",\"inLanguage\":\"es\",\"@id\":\"https:\/\/munilaja.cl\/w\/#\/schema\/logo\/image\/\",\"url\":\"https:\/\/munilaja.cl\/w\/wp-content\/uploads\/2024\/11\/ESCUDO-LAJA-LETRAS-BLANCAS-LOGO-WEB.png\",\"contentUrl\":\"https:\/\/munilaja.cl\/w\/wp-content\/uploads\/2024\/11\/ESCUDO-LAJA-LETRAS-BLANCAS-LOGO-WEB.png\",\"width\":150,\"height\":150,\"caption\":\"Municipalidad de Laja\"},\"image\":{\"@id\":\"https:\/\/munilaja.cl\/w\/#\/schema\/logo\/image\/\"}}]}<\/script>\n<!-- \/ Yoast SEO plugin. -->","yoast_head_json":{"title":"Unidad de Tr\u00e1nsito - Municipalidad de Laja","robots":{"index":"index","follow":"follow","max-snippet":"max-snippet:-1","max-image-preview":"max-image-preview:large","max-video-preview":"max-video-preview:-1"},"canonical":"https:\/\/munilaja.cl\/w\/unidad-de-transito\/","og_locale":"es_ES","og_type":"article","og_title":"Unidad de Tr\u00e1nsito - Municipalidad de Laja","og_description":"Unidad de Tr\u00e1nsito La Unidad de Tr\u00e1nsito y Transporte P\u00fablico cumple las siguientes funciones: &#8211; Otorgar y renovar licencias de conducir veh\u00edculos y permisos de circulaci\u00f3n. &#8211; Determinar el sentido de circulaci\u00f3n de veh\u00edculos, en coordinaci\u00f3n con los organismos de la Administraci\u00f3n del Estado competentes. &#8211; Se\u00f1alizar adecuadamente las v\u00edas p\u00fablicas. &#8211; Aplicar las normas [&hellip;]","og_url":"https:\/\/munilaja.cl\/w\/unidad-de-transito\/","og_site_name":"Municipalidad de Laja","article_modified_time":"2023-03-20T20:01:15+00:00","twitter_card":"summary_large_image","twitter_misc":{"Tiempo de lectura":"2 minutos"},"schema":{"@context":"https:\/\/schema.org","@graph":[{"@type":"WebPage","@id":"https:\/\/munilaja.cl\/w\/unidad-de-transito\/","url":"https:\/\/munilaja.cl\/w\/unidad-de-transito\/","name":"Unidad de Tr\u00e1nsito - Municipalidad de Laja","isPartOf":{"@id":"https:\/\/munilaja.cl\/w\/#website"},"datePublished":"2013-04-14T18:33:01+00:00","dateModified":"2023-03-20T20:01:15+00:00","breadcrumb":{"@id":"https:\/\/munilaja.cl\/w\/unidad-de-transito\/#breadcrumb"},"inLanguage":"es","potentialAction":[{"@type":"ReadAction","target":["https:\/\/munilaja.cl\/w\/unidad-de-transito\/"]}]},{"@type":"BreadcrumbList","@id":"https:\/\/munilaja.cl\/w\/unidad-de-transito\/#breadcrumb","itemListElement":[{"@type":"ListItem","position":1,"name":"Portada","item":"https:\/\/munilaja.cl\/w\/"},{"@type":"ListItem","position":2,"name":"Unidad de Tr\u00e1nsito"}]},{"@type":"WebSite","@id":"https:\/\/munilaja.cl\/w\/#website","url":"https:\/\/munilaja.cl\/w\/","name":"Municipalidad de Laja","description":"Web Municipal","publisher":{"@id":"https:\/\/munilaja.cl\/w\/#organization"},"potentialAction":[{"@type":"SearchAction","target":{"@type":"EntryPoint","urlTemplate":"https:\/\/munilaja.cl\/w\/?s={search_term_string}"},"query-input":{"@type":"PropertyValueSpecification","valueRequired":true,"valueName":"search_term_string"}}],"inLanguage":"es"},{"@type":"Organization","@id":"https:\/\/munilaja.cl\/w\/#organization","name":"Municipalidad de Laja","url":"https:\/\/munilaja.cl\/w\/","logo":{"@type":"ImageObject","inLanguage":"es","@id":"https:\/\/munilaja.cl\/w\/#\/schema\/logo\/image\/","url":"https:\/\/munilaja.cl\/w\/wp-content\/uploads\/2024\/11\/ESCUDO-LAJA-LETRAS-BLANCAS-LOGO-WEB.png","contentUrl":"https:\/\/munilaja.cl\/w\/wp-content\/uploads\/2024\/11\/ESCUDO-LAJA-LETRAS-BLANCAS-LOGO-WEB.png","width":150,"height":150,"caption":"Municipalidad de Laja"},"image":{"@id":"https:\/\/munilaja.cl\/w\/#\/schema\/logo\/image\/"}}]}},"_links":{"self":[{"href":"https:\/\/munilaja.cl\/w\/wp-json\/wp\/v2\/pages\/14"}],"collection":[{"href":"https:\/\/munilaja.cl\/w\/wp-json\/wp\/v2\/pages"}],"about":[{"href":"https:\/\/munilaja.cl\/w\/wp-json\/wp\/v2\/types\/page"}],"author":[{"embeddable":true,"href":"https:\/\/munilaja.cl\/w\/wp-json\/wp\/v2\/users\/11"}],"replies":[{"embeddable":true,"href":"https:\/\/munilaja.cl\/w\/wp-json\/wp\/v2\/comments?post=14"}],"version-history":[{"count":6,"href":"https:\/\/munilaja.cl\/w\/wp-json\/wp\/v2\/pages\/14\/revisions"}],"predecessor-version":[{"id":64609,"href":"https:\/\/munilaja.cl\/w\/wp-json\/wp\/v2\/pages\/14\/revisions\/64609"}],"wp:attachment":[{"href":"https:\/\/munilaja.cl\/w\/wp-json\/wp\/v2\/media?parent=14"}],"curies":[{"name":"wp","href":"https:\/\/api.w.org\/{rel}","templated":true}]}}