{"id":13837,"date":"2014-09-10T16:51:45","date_gmt":"2014-09-10T16:51:45","guid":{"rendered":"http:\/\/munilaja.cl\/w\/?page_id=13837"},"modified":"2023-04-05T16:50:29","modified_gmt":"2023-04-05T20:50:29","slug":"organizaciones-comunitarias","status":"publish","type":"page","link":"https:\/\/munilaja.cl\/w\/dideco\/organizaciones-comunitarias\/","title":{"rendered":"ORGANIZACIONES COMUNITARIAS"},"content":{"rendered":"<h3 style=\"text-align: justify;\"><span style=\"color: #800000;\"><strong>Oficina Organizaciones Comunitarias<\/strong><\/span><\/h3>\n<p style=\"text-align: justify;\"><span style=\"color: #800000;\"><strong>FUNCIONES<\/strong><\/span><\/p>\n<p style=\"text-align: justify;\">La Oficina de Organizaciones Comunitarias tiene entre sus principales funciones ser el primer canal de comunicaci\u00f3n entre la Municipalidad y las Organizaciones, adem\u00e1s de coordinar y colaborar en el accionar de los organismos comunitarios en la ejecuci\u00f3n de programas de desarrollo comunal, en la mantenci\u00f3n actualizada de un registro comunal y otorgar asesorar\u00eda y capacitaci\u00f3n permanente a las diferentes organizaciones comunitarias en toda materia que permita facilitar su funcionamiento. En nuestra comuna la oficina de Organizaciones Comunitarias centra su quehacer en las siguientes funciones:<\/p>\n<ol>\n<li style=\"text-align: justify;\"><em><strong>a)<\/strong> Asesorar a las organizaciones de la comunidad en todas aquellas materias que permitan facilitar su constituci\u00f3n y funcionamiento y la plena aplicaci\u00f3n de la Ley sobre Juntas de Vecinos y dem\u00e1s organizaciones comunitarias.<\/em><\/li>\n<li style=\"text-align: justify;\"><em><strong>b)<\/strong> Detectar las organizaciones comunitarias informales existentes en la comuna incentivando su legalizaci\u00f3n e incorporaci\u00f3n a los programas desarrollados por el Departamento de Desarrollo Comunitario.<\/em><\/li>\n<li style=\"text-align: justify;\"><em><strong>c)<\/strong> Asesorar y derivar a las organizaciones sociales a la oficina de Proyectos Sociales en los procesos de postulaci\u00f3n a los distintos fondos concursables existentes, de modo de potenciar su gesti\u00f3n social.<\/em><\/li>\n<li style=\"text-align: justify;\"><em><strong>d<\/strong>) Facilitar espacios f\u00edsicos para la realizaci\u00f3n de reuniones y actividades de organizaciones sociales y comunitarias de la comuna.<\/em><\/li>\n<li style=\"text-align: justify;\"><em><strong>e)<\/strong> Promover la formaci\u00f3n, funcionamiento y coordinaci\u00f3n de organizaciones territoriales y funcionales, prest\u00e1ndoles asesor\u00eda t\u00e9cnica y capacitaci\u00f3n permanente.<\/em><\/li>\n<li style=\"text-align: justify;\"><em><strong>i)<\/strong> Ejecutar programas de capacitaci\u00f3n para dirigentes comunitarios respecto de materias que digan relaci\u00f3n con las pol\u00edticas sociales del Gobierno y del Municipio, la formulaci\u00f3n de proyectos sociales para acceder a los distintos fondos concursables y el ejercicio del liderazgo.<\/em><\/li>\n<li style=\"text-align: justify;\"><em><strong>l)<\/strong> Dise\u00f1ar un catastro de las sedes sociales existentes en la comuna y mantenerlo actualizado y colaborar a su uso \u00f3ptimo.<\/em><\/li>\n<li style=\"text-align: justify;\"><em><strong>m)<\/strong> Cumplir otras tareas que la respectiva Direcci\u00f3n le encomiende, de acuerdo a la naturaleza de sus funciones. <\/em>\n<p><\/p>\n<\/li>\n<\/ol>\n<p><strong><em>Encargada Oficina Organizaciones Comunitarias:<\/em><\/strong><\/p>\n<p><strong>Jenny Lara Jara &#8211; <\/strong><strong>Asistente Social<\/strong><br><strong>Mail: <a href=\"mailto:jlara@munilaja.cl\">jlara@munilaja.cl<\/a><br><\/strong><strong>Fono: 43 2 524631<br><\/strong><strong>Balmaceda N\u00b0 272<br><\/strong><\/p>\n<p><\/p>\n\n\n<p><strong><mark style=\"background-color:rgba(0, 0, 0, 0)\" class=\"has-inline-color has-vivid-red-color\">VIDEOS PARA M\u00c1S INFORMACIONES Y DETALLES SOBRE LAS ORGANIZACIONES COMUNITARIAS:<br><\/mark><\/strong><\/p>\n\n\n\n<figure class=\"wp-block-embed is-type-video is-provider-youtube wp-block-embed-youtube wp-embed-aspect-16-9 wp-has-aspect-ratio\"><div class=\"wp-block-embed__wrapper\">\n<div class=\"zak-oembed-container\"><iframe title=\"Preparaci\u00f3n Elecciones - MuniLaja\" width=\"812\" height=\"457\" src=\"https:\/\/www.youtube.com\/embed\/mcKrPprnRCs?feature=oembed\" frameborder=\"0\" allow=\"accelerometer; autoplay; clipboard-write; encrypted-media; gyroscope; picture-in-picture; web-share\" referrerpolicy=\"strict-origin-when-cross-origin\" allowfullscreen><\/iframe><\/div>\n<\/div><\/figure>\n\n\n\n<figure class=\"wp-block-embed is-type-video is-provider-youtube wp-block-embed-youtube wp-embed-aspect-16-9 wp-has-aspect-ratio\"><div class=\"wp-block-embed__wrapper\">\n<div class=\"zak-oembed-container\"><iframe title=\"La Elecci\u00f3n - MuniLaja\" width=\"812\" height=\"457\" src=\"https:\/\/www.youtube.com\/embed\/vPIFIQJhc2Y?feature=oembed\" frameborder=\"0\" allow=\"accelerometer; autoplay; clipboard-write; encrypted-media; gyroscope; picture-in-picture; web-share\" referrerpolicy=\"strict-origin-when-cross-origin\" allowfullscreen><\/iframe><\/div>\n<\/div><\/figure>\n\n\n\n<figure class=\"wp-block-embed is-type-video is-provider-youtube wp-block-embed-youtube wp-embed-aspect-16-9 wp-has-aspect-ratio\"><div class=\"wp-block-embed__wrapper\">\n<div class=\"zak-oembed-container\"><iframe title=\"Comisi\u00f3n Electoral - MuniLaja.\" width=\"812\" height=\"457\" src=\"https:\/\/www.youtube.com\/embed\/EfGdU4p3lOs?feature=oembed\" frameborder=\"0\" allow=\"accelerometer; autoplay; clipboard-write; encrypted-media; gyroscope; picture-in-picture; web-share\" referrerpolicy=\"strict-origin-when-cross-origin\" allowfullscreen><\/iframe><\/div>\n<\/div><\/figure>\n","protected":false},"excerpt":{"rendered":"<p>Oficina Organizaciones Comunitarias FUNCIONES La Oficina de Organizaciones Comunitarias tiene entre sus principales funciones ser el primer canal de comunicaci\u00f3n entre la Municipalidad y las Organizaciones, adem\u00e1s de coordinar y colaborar en el accionar de los organismos comunitarios en la ejecuci\u00f3n de programas de desarrollo comunal, en la mantenci\u00f3n actualizada de un registro comunal y [&hellip;]<\/p>\n","protected":false},"author":11,"featured_media":0,"parent":11,"menu_order":0,"comment_status":"closed","ping_status":"open","template":"","meta":{"zakra_sidebar_layout":"customizer","zakra_remove_content_margin":false,"zakra_sidebar":"customizer","zakra_transparent_header":"customizer","zakra_logo":0,"zakra_main_header_style":"default","zakra_menu_item_color":"","zakra_menu_item_hover_color":"","zakra_menu_item_active_color":"","zakra_menu_active_style":"zakra_menu_active_style","zakra_page_header":true,"footnotes":""},"class_list":["post-13837","page","type-page","status-publish","hentry"],"yoast_head":"<!-- This site is optimized with the Yoast SEO plugin v24.0 - https:\/\/yoast.com\/wordpress\/plugins\/seo\/ -->\n<title>ORGANIZACIONES COMUNITARIAS - Municipalidad de Laja<\/title>\n<meta name=\"robots\" content=\"index, follow, max-snippet:-1, max-image-preview:large, max-video-preview:-1\" \/>\n<link rel=\"canonical\" href=\"https:\/\/munilaja.cl\/w\/dideco\/organizaciones-comunitarias\/\" \/>\n<meta property=\"og:locale\" content=\"es_ES\" \/>\n<meta property=\"og:type\" content=\"article\" \/>\n<meta property=\"og:title\" content=\"ORGANIZACIONES COMUNITARIAS - Municipalidad de Laja\" \/>\n<meta property=\"og:description\" content=\"Oficina Organizaciones Comunitarias FUNCIONES La Oficina de Organizaciones Comunitarias tiene entre sus principales funciones ser el primer canal de comunicaci\u00f3n entre la Municipalidad y las Organizaciones, adem\u00e1s de coordinar y colaborar en el accionar de los organismos comunitarios en la ejecuci\u00f3n de programas de desarrollo comunal, en la mantenci\u00f3n actualizada de un registro comunal y [&hellip;]\" \/>\n<meta property=\"og:url\" content=\"https:\/\/munilaja.cl\/w\/dideco\/organizaciones-comunitarias\/\" \/>\n<meta property=\"og:site_name\" content=\"Municipalidad de Laja\" \/>\n<meta property=\"article:modified_time\" content=\"2023-04-05T20:50:29+00:00\" \/>\n<meta name=\"twitter:card\" content=\"summary_large_image\" \/>\n<meta name=\"twitter:label1\" content=\"Tiempo de lectura\" \/>\n\t<meta name=\"twitter:data1\" content=\"2 minutos\" \/>\n<script type=\"application\/ld+json\" class=\"yoast-schema-graph\">{\"@context\":\"https:\/\/schema.org\",\"@graph\":[{\"@type\":\"WebPage\",\"@id\":\"https:\/\/munilaja.cl\/w\/dideco\/organizaciones-comunitarias\/\",\"url\":\"https:\/\/munilaja.cl\/w\/dideco\/organizaciones-comunitarias\/\",\"name\":\"ORGANIZACIONES COMUNITARIAS - Municipalidad de Laja\",\"isPartOf\":{\"@id\":\"https:\/\/munilaja.cl\/w\/#website\"},\"datePublished\":\"2014-09-10T16:51:45+00:00\",\"dateModified\":\"2023-04-05T20:50:29+00:00\",\"breadcrumb\":{\"@id\":\"https:\/\/munilaja.cl\/w\/dideco\/organizaciones-comunitarias\/#breadcrumb\"},\"inLanguage\":\"es\",\"potentialAction\":[{\"@type\":\"ReadAction\",\"target\":[\"https:\/\/munilaja.cl\/w\/dideco\/organizaciones-comunitarias\/\"]}]},{\"@type\":\"BreadcrumbList\",\"@id\":\"https:\/\/munilaja.cl\/w\/dideco\/organizaciones-comunitarias\/#breadcrumb\",\"itemListElement\":[{\"@type\":\"ListItem\",\"position\":1,\"name\":\"Portada\",\"item\":\"https:\/\/munilaja.cl\/w\/\"},{\"@type\":\"ListItem\",\"position\":2,\"name\":\"DIDECO\",\"item\":\"https:\/\/munilaja.cl\/w\/dideco\/\"},{\"@type\":\"ListItem\",\"position\":3,\"name\":\"ORGANIZACIONES COMUNITARIAS\"}]},{\"@type\":\"WebSite\",\"@id\":\"https:\/\/munilaja.cl\/w\/#website\",\"url\":\"https:\/\/munilaja.cl\/w\/\",\"name\":\"Municipalidad de Laja\",\"description\":\"Web Municipal\",\"publisher\":{\"@id\":\"https:\/\/munilaja.cl\/w\/#organization\"},\"potentialAction\":[{\"@type\":\"SearchAction\",\"target\":{\"@type\":\"EntryPoint\",\"urlTemplate\":\"https:\/\/munilaja.cl\/w\/?s={search_term_string}\"},\"query-input\":{\"@type\":\"PropertyValueSpecification\",\"valueRequired\":true,\"valueName\":\"search_term_string\"}}],\"inLanguage\":\"es\"},{\"@type\":\"Organization\",\"@id\":\"https:\/\/munilaja.cl\/w\/#organization\",\"name\":\"Municipalidad de Laja\",\"url\":\"https:\/\/munilaja.cl\/w\/\",\"logo\":{\"@type\":\"ImageObject\",\"inLanguage\":\"es\",\"@id\":\"https:\/\/munilaja.cl\/w\/#\/schema\/logo\/image\/\",\"url\":\"https:\/\/munilaja.cl\/w\/wp-content\/uploads\/2024\/11\/ESCUDO-LAJA-LETRAS-BLANCAS-LOGO-WEB.png\",\"contentUrl\":\"https:\/\/munilaja.cl\/w\/wp-content\/uploads\/2024\/11\/ESCUDO-LAJA-LETRAS-BLANCAS-LOGO-WEB.png\",\"width\":150,\"height\":150,\"caption\":\"Municipalidad de Laja\"},\"image\":{\"@id\":\"https:\/\/munilaja.cl\/w\/#\/schema\/logo\/image\/\"}}]}<\/script>\n<!-- \/ Yoast SEO plugin. -->","yoast_head_json":{"title":"ORGANIZACIONES COMUNITARIAS - Municipalidad de Laja","robots":{"index":"index","follow":"follow","max-snippet":"max-snippet:-1","max-image-preview":"max-image-preview:large","max-video-preview":"max-video-preview:-1"},"canonical":"https:\/\/munilaja.cl\/w\/dideco\/organizaciones-comunitarias\/","og_locale":"es_ES","og_type":"article","og_title":"ORGANIZACIONES COMUNITARIAS - Municipalidad de Laja","og_description":"Oficina Organizaciones Comunitarias FUNCIONES La Oficina de Organizaciones Comunitarias tiene entre sus principales funciones ser el primer canal de comunicaci\u00f3n entre la Municipalidad y las Organizaciones, adem\u00e1s de coordinar y colaborar en el accionar de los organismos comunitarios en la ejecuci\u00f3n de programas de desarrollo comunal, en la mantenci\u00f3n actualizada de un registro comunal y [&hellip;]","og_url":"https:\/\/munilaja.cl\/w\/dideco\/organizaciones-comunitarias\/","og_site_name":"Municipalidad de Laja","article_modified_time":"2023-04-05T20:50:29+00:00","twitter_card":"summary_large_image","twitter_misc":{"Tiempo de lectura":"2 minutos"},"schema":{"@context":"https:\/\/schema.org","@graph":[{"@type":"WebPage","@id":"https:\/\/munilaja.cl\/w\/dideco\/organizaciones-comunitarias\/","url":"https:\/\/munilaja.cl\/w\/dideco\/organizaciones-comunitarias\/","name":"ORGANIZACIONES COMUNITARIAS - Municipalidad de Laja","isPartOf":{"@id":"https:\/\/munilaja.cl\/w\/#website"},"datePublished":"2014-09-10T16:51:45+00:00","dateModified":"2023-04-05T20:50:29+00:00","breadcrumb":{"@id":"https:\/\/munilaja.cl\/w\/dideco\/organizaciones-comunitarias\/#breadcrumb"},"inLanguage":"es","potentialAction":[{"@type":"ReadAction","target":["https:\/\/munilaja.cl\/w\/dideco\/organizaciones-comunitarias\/"]}]},{"@type":"BreadcrumbList","@id":"https:\/\/munilaja.cl\/w\/dideco\/organizaciones-comunitarias\/#breadcrumb","itemListElement":[{"@type":"ListItem","position":1,"name":"Portada","item":"https:\/\/munilaja.cl\/w\/"},{"@type":"ListItem","position":2,"name":"DIDECO","item":"https:\/\/munilaja.cl\/w\/dideco\/"},{"@type":"ListItem","position":3,"name":"ORGANIZACIONES COMUNITARIAS"}]},{"@type":"WebSite","@id":"https:\/\/munilaja.cl\/w\/#website","url":"https:\/\/munilaja.cl\/w\/","name":"Municipalidad de Laja","description":"Web Municipal","publisher":{"@id":"https:\/\/munilaja.cl\/w\/#organization"},"potentialAction":[{"@type":"SearchAction","target":{"@type":"EntryPoint","urlTemplate":"https:\/\/munilaja.cl\/w\/?s={search_term_string}"},"query-input":{"@type":"PropertyValueSpecification","valueRequired":true,"valueName":"search_term_string"}}],"inLanguage":"es"},{"@type":"Organization","@id":"https:\/\/munilaja.cl\/w\/#organization","name":"Municipalidad de Laja","url":"https:\/\/munilaja.cl\/w\/","logo":{"@type":"ImageObject","inLanguage":"es","@id":"https:\/\/munilaja.cl\/w\/#\/schema\/logo\/image\/","url":"https:\/\/munilaja.cl\/w\/wp-content\/uploads\/2024\/11\/ESCUDO-LAJA-LETRAS-BLANCAS-LOGO-WEB.png","contentUrl":"https:\/\/munilaja.cl\/w\/wp-content\/uploads\/2024\/11\/ESCUDO-LAJA-LETRAS-BLANCAS-LOGO-WEB.png","width":150,"height":150,"caption":"Municipalidad de Laja"},"image":{"@id":"https:\/\/munilaja.cl\/w\/#\/schema\/logo\/image\/"}}]}},"_links":{"self":[{"href":"https:\/\/munilaja.cl\/w\/wp-json\/wp\/v2\/pages\/13837"}],"collection":[{"href":"https:\/\/munilaja.cl\/w\/wp-json\/wp\/v2\/pages"}],"about":[{"href":"https:\/\/munilaja.cl\/w\/wp-json\/wp\/v2\/types\/page"}],"author":[{"embeddable":true,"href":"https:\/\/munilaja.cl\/w\/wp-json\/wp\/v2\/users\/11"}],"replies":[{"embeddable":true,"href":"https:\/\/munilaja.cl\/w\/wp-json\/wp\/v2\/comments?post=13837"}],"version-history":[{"count":11,"href":"https:\/\/munilaja.cl\/w\/wp-json\/wp\/v2\/pages\/13837\/revisions"}],"predecessor-version":[{"id":64705,"href":"https:\/\/munilaja.cl\/w\/wp-json\/wp\/v2\/pages\/13837\/revisions\/64705"}],"up":[{"embeddable":true,"href":"https:\/\/munilaja.cl\/w\/wp-json\/wp\/v2\/pages\/11"}],"wp:attachment":[{"href":"https:\/\/munilaja.cl\/w\/wp-json\/wp\/v2\/media?parent=13837"}],"curies":[{"name":"wp","href":"https:\/\/api.w.org\/{rel}","templated":true}]}}