{"id":13,"date":"2013-04-14T18:32:26","date_gmt":"2013-04-14T18:32:26","guid":{"rendered":"http:\/\/munilaja.cl\/w\/?page_id=13"},"modified":"2022-08-03T16:35:47","modified_gmt":"2022-08-03T20:35:47","slug":"juzgado-de-policia-local","status":"publish","type":"page","link":"https:\/\/munilaja.cl\/w\/juzgado-de-policia-local\/","title":{"rendered":"Juzgado de Polic\u00eda Local"},"content":{"rendered":"<p style=\"text-align: justify;\"><em>Los Juzgados de Polic\u00eda Local son Tribunales especiales que dependen administrativamente de la Municipalidad respectiva. Los Jueces de Polic\u00eda Local son independientes de toda autoridad Municipal en el desempe\u00f1o de sus funciones, ya que est\u00e1n sujetos a la supervigilancia directiva, correccional y econ\u00f3mica de la Corte de Apelaciones; duran por consiguiente indefinidamente en sus cargos y no podr\u00e1n ser removidos ni separados por la Municipalidad, seg\u00fan lo dispone el art\u00edculo 8 de la Ley 15.231, sobre Procedimiento ante los Juzgados de Polic\u00eda Local.<\/em><\/p>\n<p style=\"text-align: justify;\"><em>El Secretario del Tribunal es nombrado por el Alcalde en conformidad a las disposiciones del DFL N\u00ba338, tiene el car\u00e1cter de Ministro de fe y est\u00e1 sujetos en el ejercicio de sus funciones a la autoridad disciplinaria inmediata del Juez, no obstante determinarse su responsabilidad administrativa por el Estatuto Administrativo, conforme lo dispone el art\u00edculo 47 de la Ley 15.231, sobre Procedimiento ante los Juzgados de Polic\u00eda Local.<\/em><\/p>\n<p style=\"text-align: justify;\"><em>Los deberes y atribuciones del Secretario del Tribunal y dem\u00e1s personal subalterno se determinan en el Reglamento para la ejecuci\u00f3n de la Ley 15.231.<\/em><\/p>\n<p><a href=\"https:\/\/munilaja.cl\/w\/wp-content\/uploads\/2022\/08\/Triptico-JPL-2022.pdf\">TRIPTICO INFORMATIVO JUZGADO DE POLICIA LOCAL<\/a><\/p>\n<p style=\"padding-left: 30px;\"><strong>Juez de Polic\u00eda Local<\/strong><\/p>\n<p style=\"padding-left: 30px;\"><strong>Joel Gallardo Lagos \u00a0&#8211; \u00a0<\/strong><strong>Abogado<\/strong><\/p>\n<p style=\"padding-left: 30px;\"><strong>Mail: <span style=\"color: #800000;\"><a style=\"color: #800000;\" href=\"mailto:jgallardo@munilaja.cl\">jgallardo@munilaja.cl<\/a><\/span><\/strong><\/p>\n<p style=\"padding-left: 30px;\"><strong>Fono: 043 &#8211; 2524602<\/strong><\/p>\n<p style=\"padding-left: 30px;\">\n<p style=\"padding-left: 30px;\"><strong>Secretaria JPL<\/strong><\/p>\n<p style=\"padding-left: 30px;\"><strong>Marcia Latorre Cerda<\/strong><\/p>\n<p style=\"padding-left: 30px;\"><strong>Mail: <span style=\"color: #800000;\"><a style=\"color: #800000;\" href=\"mailto:mlatorre@munilaja.cl\">mlatorre@munilaja.cl<\/a><\/span><\/strong><\/p>\n<p style=\"padding-left: 30px;\"><strong>Fono: 043 2524616<\/strong><\/p>\n<p style=\"padding-left: 30px;\">\n<p style=\"padding-left: 30px;\">\u00a0y 2524616;<\/p>\n","protected":false},"excerpt":{"rendered":"<p>Los Juzgados de Polic\u00eda Local son Tribunales especiales que dependen administrativamente de la Municipalidad respectiva. Los Jueces de Polic\u00eda Local son independientes de toda autoridad Municipal en el desempe\u00f1o de sus funciones, ya que est\u00e1n sujetos a la supervigilancia directiva, correccional y econ\u00f3mica de la Corte de Apelaciones; duran por consiguiente indefinidamente en sus cargos [&hellip;]<\/p>\n","protected":false},"author":11,"featured_media":0,"parent":0,"menu_order":0,"comment_status":"closed","ping_status":"open","template":"","meta":{"zakra_sidebar_layout":"customizer","zakra_remove_content_margin":false,"zakra_sidebar":"customizer","zakra_transparent_header":"customizer","zakra_logo":0,"zakra_main_header_style":"default","zakra_menu_item_color":"","zakra_menu_item_hover_color":"","zakra_menu_item_active_color":"","zakra_menu_active_style":"zakra_menu_active_style","zakra_page_header":true,"footnotes":""},"class_list":["post-13","page","type-page","status-publish","hentry"],"yoast_head":"<!-- This site is optimized with the Yoast SEO plugin v24.0 - https:\/\/yoast.com\/wordpress\/plugins\/seo\/ -->\n<title>Juzgado de Polic\u00eda Local - Municipalidad de Laja<\/title>\n<meta name=\"robots\" content=\"index, follow, max-snippet:-1, max-image-preview:large, max-video-preview:-1\" \/>\n<link rel=\"canonical\" href=\"https:\/\/munilaja.cl\/w\/juzgado-de-policia-local\/\" \/>\n<meta property=\"og:locale\" content=\"es_ES\" \/>\n<meta property=\"og:type\" content=\"article\" \/>\n<meta property=\"og:title\" content=\"Juzgado de Polic\u00eda Local - Municipalidad de Laja\" \/>\n<meta property=\"og:description\" content=\"Los Juzgados de Polic\u00eda Local son Tribunales especiales que dependen administrativamente de la Municipalidad respectiva. Los Jueces de Polic\u00eda Local son independientes de toda autoridad Municipal en el desempe\u00f1o de sus funciones, ya que est\u00e1n sujetos a la supervigilancia directiva, correccional y econ\u00f3mica de la Corte de Apelaciones; duran por consiguiente indefinidamente en sus cargos [&hellip;]\" \/>\n<meta property=\"og:url\" content=\"https:\/\/munilaja.cl\/w\/juzgado-de-policia-local\/\" \/>\n<meta property=\"og:site_name\" content=\"Municipalidad de Laja\" \/>\n<meta property=\"article:modified_time\" content=\"2022-08-03T20:35:47+00:00\" \/>\n<meta name=\"twitter:card\" content=\"summary_large_image\" \/>\n<meta name=\"twitter:label1\" content=\"Tiempo de lectura\" \/>\n\t<meta name=\"twitter:data1\" content=\"1 minuto\" \/>\n<script type=\"application\/ld+json\" class=\"yoast-schema-graph\">{\"@context\":\"https:\/\/schema.org\",\"@graph\":[{\"@type\":\"WebPage\",\"@id\":\"https:\/\/munilaja.cl\/w\/juzgado-de-policia-local\/\",\"url\":\"https:\/\/munilaja.cl\/w\/juzgado-de-policia-local\/\",\"name\":\"Juzgado de Polic\u00eda Local - Municipalidad de Laja\",\"isPartOf\":{\"@id\":\"https:\/\/munilaja.cl\/w\/#website\"},\"datePublished\":\"2013-04-14T18:32:26+00:00\",\"dateModified\":\"2022-08-03T20:35:47+00:00\",\"breadcrumb\":{\"@id\":\"https:\/\/munilaja.cl\/w\/juzgado-de-policia-local\/#breadcrumb\"},\"inLanguage\":\"es\",\"potentialAction\":[{\"@type\":\"ReadAction\",\"target\":[\"https:\/\/munilaja.cl\/w\/juzgado-de-policia-local\/\"]}]},{\"@type\":\"BreadcrumbList\",\"@id\":\"https:\/\/munilaja.cl\/w\/juzgado-de-policia-local\/#breadcrumb\",\"itemListElement\":[{\"@type\":\"ListItem\",\"position\":1,\"name\":\"Portada\",\"item\":\"https:\/\/munilaja.cl\/w\/\"},{\"@type\":\"ListItem\",\"position\":2,\"name\":\"Juzgado de Polic\u00eda Local\"}]},{\"@type\":\"WebSite\",\"@id\":\"https:\/\/munilaja.cl\/w\/#website\",\"url\":\"https:\/\/munilaja.cl\/w\/\",\"name\":\"Municipalidad de Laja\",\"description\":\"Web Municipal\",\"publisher\":{\"@id\":\"https:\/\/munilaja.cl\/w\/#organization\"},\"potentialAction\":[{\"@type\":\"SearchAction\",\"target\":{\"@type\":\"EntryPoint\",\"urlTemplate\":\"https:\/\/munilaja.cl\/w\/?s={search_term_string}\"},\"query-input\":{\"@type\":\"PropertyValueSpecification\",\"valueRequired\":true,\"valueName\":\"search_term_string\"}}],\"inLanguage\":\"es\"},{\"@type\":\"Organization\",\"@id\":\"https:\/\/munilaja.cl\/w\/#organization\",\"name\":\"Municipalidad de Laja\",\"url\":\"https:\/\/munilaja.cl\/w\/\",\"logo\":{\"@type\":\"ImageObject\",\"inLanguage\":\"es\",\"@id\":\"https:\/\/munilaja.cl\/w\/#\/schema\/logo\/image\/\",\"url\":\"https:\/\/munilaja.cl\/w\/wp-content\/uploads\/2024\/11\/ESCUDO-LAJA-LETRAS-BLANCAS-LOGO-WEB.png\",\"contentUrl\":\"https:\/\/munilaja.cl\/w\/wp-content\/uploads\/2024\/11\/ESCUDO-LAJA-LETRAS-BLANCAS-LOGO-WEB.png\",\"width\":150,\"height\":150,\"caption\":\"Municipalidad de Laja\"},\"image\":{\"@id\":\"https:\/\/munilaja.cl\/w\/#\/schema\/logo\/image\/\"}}]}<\/script>\n<!-- \/ Yoast SEO plugin. -->","yoast_head_json":{"title":"Juzgado de Polic\u00eda Local - Municipalidad de Laja","robots":{"index":"index","follow":"follow","max-snippet":"max-snippet:-1","max-image-preview":"max-image-preview:large","max-video-preview":"max-video-preview:-1"},"canonical":"https:\/\/munilaja.cl\/w\/juzgado-de-policia-local\/","og_locale":"es_ES","og_type":"article","og_title":"Juzgado de Polic\u00eda Local - Municipalidad de Laja","og_description":"Los Juzgados de Polic\u00eda Local son Tribunales especiales que dependen administrativamente de la Municipalidad respectiva. Los Jueces de Polic\u00eda Local son independientes de toda autoridad Municipal en el desempe\u00f1o de sus funciones, ya que est\u00e1n sujetos a la supervigilancia directiva, correccional y econ\u00f3mica de la Corte de Apelaciones; duran por consiguiente indefinidamente en sus cargos [&hellip;]","og_url":"https:\/\/munilaja.cl\/w\/juzgado-de-policia-local\/","og_site_name":"Municipalidad de Laja","article_modified_time":"2022-08-03T20:35:47+00:00","twitter_card":"summary_large_image","twitter_misc":{"Tiempo de lectura":"1 minuto"},"schema":{"@context":"https:\/\/schema.org","@graph":[{"@type":"WebPage","@id":"https:\/\/munilaja.cl\/w\/juzgado-de-policia-local\/","url":"https:\/\/munilaja.cl\/w\/juzgado-de-policia-local\/","name":"Juzgado de Polic\u00eda Local - Municipalidad de Laja","isPartOf":{"@id":"https:\/\/munilaja.cl\/w\/#website"},"datePublished":"2013-04-14T18:32:26+00:00","dateModified":"2022-08-03T20:35:47+00:00","breadcrumb":{"@id":"https:\/\/munilaja.cl\/w\/juzgado-de-policia-local\/#breadcrumb"},"inLanguage":"es","potentialAction":[{"@type":"ReadAction","target":["https:\/\/munilaja.cl\/w\/juzgado-de-policia-local\/"]}]},{"@type":"BreadcrumbList","@id":"https:\/\/munilaja.cl\/w\/juzgado-de-policia-local\/#breadcrumb","itemListElement":[{"@type":"ListItem","position":1,"name":"Portada","item":"https:\/\/munilaja.cl\/w\/"},{"@type":"ListItem","position":2,"name":"Juzgado de Polic\u00eda Local"}]},{"@type":"WebSite","@id":"https:\/\/munilaja.cl\/w\/#website","url":"https:\/\/munilaja.cl\/w\/","name":"Municipalidad de Laja","description":"Web Municipal","publisher":{"@id":"https:\/\/munilaja.cl\/w\/#organization"},"potentialAction":[{"@type":"SearchAction","target":{"@type":"EntryPoint","urlTemplate":"https:\/\/munilaja.cl\/w\/?s={search_term_string}"},"query-input":{"@type":"PropertyValueSpecification","valueRequired":true,"valueName":"search_term_string"}}],"inLanguage":"es"},{"@type":"Organization","@id":"https:\/\/munilaja.cl\/w\/#organization","name":"Municipalidad de Laja","url":"https:\/\/munilaja.cl\/w\/","logo":{"@type":"ImageObject","inLanguage":"es","@id":"https:\/\/munilaja.cl\/w\/#\/schema\/logo\/image\/","url":"https:\/\/munilaja.cl\/w\/wp-content\/uploads\/2024\/11\/ESCUDO-LAJA-LETRAS-BLANCAS-LOGO-WEB.png","contentUrl":"https:\/\/munilaja.cl\/w\/wp-content\/uploads\/2024\/11\/ESCUDO-LAJA-LETRAS-BLANCAS-LOGO-WEB.png","width":150,"height":150,"caption":"Municipalidad de Laja"},"image":{"@id":"https:\/\/munilaja.cl\/w\/#\/schema\/logo\/image\/"}}]}},"_links":{"self":[{"href":"https:\/\/munilaja.cl\/w\/wp-json\/wp\/v2\/pages\/13"}],"collection":[{"href":"https:\/\/munilaja.cl\/w\/wp-json\/wp\/v2\/pages"}],"about":[{"href":"https:\/\/munilaja.cl\/w\/wp-json\/wp\/v2\/types\/page"}],"author":[{"embeddable":true,"href":"https:\/\/munilaja.cl\/w\/wp-json\/wp\/v2\/users\/11"}],"replies":[{"embeddable":true,"href":"https:\/\/munilaja.cl\/w\/wp-json\/wp\/v2\/comments?post=13"}],"version-history":[{"count":2,"href":"https:\/\/munilaja.cl\/w\/wp-json\/wp\/v2\/pages\/13\/revisions"}],"predecessor-version":[{"id":60210,"href":"https:\/\/munilaja.cl\/w\/wp-json\/wp\/v2\/pages\/13\/revisions\/60210"}],"wp:attachment":[{"href":"https:\/\/munilaja.cl\/w\/wp-json\/wp\/v2\/media?parent=13"}],"curies":[{"name":"wp","href":"https:\/\/api.w.org\/{rel}","templated":true}]}}