{"id":1259,"date":"2013-06-05T13:17:37","date_gmt":"2013-06-05T13:17:37","guid":{"rendered":"http:\/\/munilaja.cl\/w\/?page_id=1259"},"modified":"2021-08-25T22:47:45","modified_gmt":"2021-08-25T22:47:45","slug":"proyectos-asociativos-para-la-microempresa-de-corfo","status":"publish","type":"page","link":"https:\/\/munilaja.cl\/w\/fomento\/proyectos-asociativos-para-la-microempresa-de-corfo\/","title":{"rendered":"PROYECTOS ASOCIATIVOS PARA LA MICROEMPRESA DE CORFO"},"content":{"rendered":"<p style=\"text-align: justify;\">La I. Municipalidad de Laja, informa que se encuentran abiertas las postulaciones a \u201c<b>Los Proyectos Asociativos para la Microempresa\u201d, <\/b>que \u00a0tienen como objetivo apoyar la <b>preparaci\u00f3n y el desarrollo de un nuevo negocio asociativo<\/b> para un grupo de seis o m\u00e1s empresas, cuyas estrategias de negocio en com\u00fan permitan instalar y fortalecer las capacidades t\u00e9cnicas, productivas, financieras, asociativas y de gesti\u00f3n del nuevo negocio, haci\u00e9ndolo m\u00e1s rentable, competitivo y sostenible en el tiempo.<\/p>\n<p style=\"text-align: justify;\"><b>\u00bfA qui\u00e9nes est\u00e1 dirigido?<\/b><\/p>\n<p style=\"text-align: justify;\">Empresas, entendidas como personas naturales o jur\u00eddicas que sean contribuyentes del impuesto de Primera Categor\u00eda de la Ley de Impuesto a la Renta o del Impuesto al Valor Agregado, que demuestren rentas l\u00edquidas imponibles o ventas netas entre UF 600 y UF 2.400.<b><\/b><\/p>\n<p style=\"text-align: justify;\">Se podr\u00e1n incorporar empresas con mayor nivel de ventas a los se\u00f1alados, las que en conjunto no deber\u00e1n exceder el 30% del n\u00famero total de empresas participantes.<\/p>\n<p style=\"text-align: justify;\"><b>\u00bfCu\u00e1l es el apoyo que entrega?<\/b><\/p>\n<p style=\"text-align: justify;\">Este programa entrega apoyo en dos etapas. Cofinancia hasta un 70% del costo total con un tope de $8.000.000 (ocho millones de pesos) para la Etapa de Diagn\u00f3stico, y un 70% con tope de $40.000.000 (cuarenta millones) para la Etapa de Desarrollo (por concepto de asesor\u00eda).<\/p>\n<p>En la Etapa de Desarrollo se podr\u00e1 cofinanciar hasta el 50% del costo de un <b>Proyecto de Inversi\u00f3n<\/b>, con un tope de $3.000.000 (tres millones) por beneficiario y de hasta $25.000.000 (veinticinco millones de pesos) por proyecto.<\/p>\n<p>Se consideran proyectos de inversi\u00f3n las adquisiciones de activos que contribuyen al crecimiento o expansi\u00f3n de las empresas, con una vida \u00fatil mayor a un a\u00f1o.<\/p>\n<p style=\"text-align: justify;\" align=\"center\"><b>Para mayor informaci\u00f3n dirigirse a Oficina de Fomento Productivo o llamar al 043-2524656<\/b><b><\/b><\/p>\n<p style=\"text-align: justify;\" align=\"center\"><b>Bases proyectos asociativos para la microempresa\u00a0<a href=\"https:\/\/munilaja.cl\/w\/wp-content\/uploads\/2013\/06\/bases_proyectos_asociativos_para_la_microempresa.pdf\"><img decoding=\"async\" class=\"alignnone size-full wp-image-788\" alt=\"pdf_download\" src=\"https:\/\/munilaja.cl\/w\/wp-content\/uploads\/2013\/05\/pdf_download.png\" width=\"50\" height=\"44\" \/><\/a><\/b><\/p>\n<p style=\"text-align: justify;\" align=\"center\"><strong>Formulario de postulaci\u00f3n etapa de diag\u00f3stico\u00a0<a href=\"https:\/\/munilaja.cl\/w\/wp-content\/uploads\/2013\/06\/formulario_de_postulacion_etapa_diagnostico.doc\"><img decoding=\"async\" class=\"alignnone size-full wp-image-1263\" alt=\"word_download\" src=\"https:\/\/munilaja.cl\/w\/wp-content\/uploads\/2013\/06\/word_download.png\" width=\"50\" height=\"44\" \/><\/a><\/strong><\/p>\n<p style=\"text-align: justify;\" align=\"center\"><strong>Formulario de postulaci\u00f3n etapa de desarrollo\u00a0<a href=\"https:\/\/munilaja.cl\/w\/wp-content\/uploads\/2013\/06\/formulario_de_postulacion_etapa_desarrollo.doc\"><img decoding=\"async\" class=\"alignnone size-full wp-image-1263\" alt=\"word_download\" src=\"https:\/\/munilaja.cl\/w\/wp-content\/uploads\/2013\/06\/word_download.png\" width=\"50\" height=\"44\" \/><\/a><\/strong><\/p>\n<p style=\"text-align: justify;\" align=\"center\"><strong>Datos empresas beneficiarias\u00a0<a href=\"https:\/\/munilaja.cl\/w\/wp-content\/uploads\/2013\/06\/datos_empresas_beneficiarias.xls\"><img decoding=\"async\" class=\"alignnone size-full wp-image-1266\" alt=\"excel_download\" src=\"https:\/\/munilaja.cl\/w\/wp-content\/uploads\/2013\/06\/excel_download.png\" width=\"50\" height=\"44\" \/><\/a><\/strong><\/p>\n","protected":false},"excerpt":{"rendered":"<p>La I. Municipalidad de Laja, informa que se encuentran abiertas las postulaciones a \u201cLos Proyectos Asociativos para la Microempresa\u201d, que \u00a0tienen como objetivo apoyar la preparaci\u00f3n y el desarrollo de un nuevo negocio asociativo para un grupo de seis o m\u00e1s empresas, cuyas estrategias de negocio en com\u00fan permitan instalar y fortalecer las capacidades t\u00e9cnicas, [&hellip;]<\/p>\n","protected":false},"author":11,"featured_media":0,"parent":17,"menu_order":0,"comment_status":"closed","ping_status":"open","template":"","meta":{"zakra_sidebar_layout":"customizer","zakra_remove_content_margin":false,"zakra_sidebar":"customizer","zakra_transparent_header":"customizer","zakra_logo":0,"zakra_main_header_style":"default","zakra_menu_item_color":"","zakra_menu_item_hover_color":"","zakra_menu_item_active_color":"","zakra_menu_active_style":"zakra_menu_active_style","zakra_page_header":true,"footnotes":""},"class_list":["post-1259","page","type-page","status-publish","hentry"],"yoast_head":"<!-- This site is optimized with the Yoast SEO plugin v24.0 - https:\/\/yoast.com\/wordpress\/plugins\/seo\/ -->\n<title>PROYECTOS ASOCIATIVOS PARA LA MICROEMPRESA DE CORFO - Municipalidad de Laja<\/title>\n<meta name=\"robots\" content=\"index, follow, max-snippet:-1, max-image-preview:large, max-video-preview:-1\" \/>\n<link rel=\"canonical\" href=\"https:\/\/munilaja.cl\/w\/fomento\/proyectos-asociativos-para-la-microempresa-de-corfo\/\" \/>\n<meta property=\"og:locale\" content=\"es_ES\" \/>\n<meta property=\"og:type\" content=\"article\" \/>\n<meta property=\"og:title\" content=\"PROYECTOS ASOCIATIVOS PARA LA MICROEMPRESA DE CORFO - Municipalidad de Laja\" \/>\n<meta property=\"og:description\" content=\"La I. Municipalidad de Laja, informa que se encuentran abiertas las postulaciones a \u201cLos Proyectos Asociativos para la Microempresa\u201d, que \u00a0tienen como objetivo apoyar la preparaci\u00f3n y el desarrollo de un nuevo negocio asociativo para un grupo de seis o m\u00e1s empresas, cuyas estrategias de negocio en com\u00fan permitan instalar y fortalecer las capacidades t\u00e9cnicas, [&hellip;]\" \/>\n<meta property=\"og:url\" content=\"https:\/\/munilaja.cl\/w\/fomento\/proyectos-asociativos-para-la-microempresa-de-corfo\/\" \/>\n<meta property=\"og:site_name\" content=\"Municipalidad de Laja\" \/>\n<meta property=\"article:modified_time\" content=\"2021-08-25T22:47:45+00:00\" \/>\n<meta property=\"og:image\" content=\"https:\/\/munilaja.cl\/w\/wp-content\/uploads\/2013\/05\/pdf_download.png\" \/>\n\t<meta property=\"og:image:width\" content=\"50\" \/>\n\t<meta property=\"og:image:height\" content=\"44\" \/>\n\t<meta property=\"og:image:type\" content=\"image\/png\" \/>\n<meta name=\"twitter:card\" content=\"summary_large_image\" \/>\n<meta name=\"twitter:label1\" content=\"Tiempo de lectura\" \/>\n\t<meta name=\"twitter:data1\" content=\"2 minutos\" \/>\n<script type=\"application\/ld+json\" class=\"yoast-schema-graph\">{\"@context\":\"https:\/\/schema.org\",\"@graph\":[{\"@type\":\"WebPage\",\"@id\":\"https:\/\/munilaja.cl\/w\/fomento\/proyectos-asociativos-para-la-microempresa-de-corfo\/\",\"url\":\"https:\/\/munilaja.cl\/w\/fomento\/proyectos-asociativos-para-la-microempresa-de-corfo\/\",\"name\":\"PROYECTOS ASOCIATIVOS PARA LA MICROEMPRESA DE CORFO - Municipalidad de Laja\",\"isPartOf\":{\"@id\":\"https:\/\/munilaja.cl\/w\/#website\"},\"primaryImageOfPage\":{\"@id\":\"https:\/\/munilaja.cl\/w\/fomento\/proyectos-asociativos-para-la-microempresa-de-corfo\/#primaryimage\"},\"image\":{\"@id\":\"https:\/\/munilaja.cl\/w\/fomento\/proyectos-asociativos-para-la-microempresa-de-corfo\/#primaryimage\"},\"thumbnailUrl\":\"https:\/\/munilaja.cl\/w\/wp-content\/uploads\/2013\/05\/pdf_download.png\",\"datePublished\":\"2013-06-05T13:17:37+00:00\",\"dateModified\":\"2021-08-25T22:47:45+00:00\",\"breadcrumb\":{\"@id\":\"https:\/\/munilaja.cl\/w\/fomento\/proyectos-asociativos-para-la-microempresa-de-corfo\/#breadcrumb\"},\"inLanguage\":\"es\",\"potentialAction\":[{\"@type\":\"ReadAction\",\"target\":[\"https:\/\/munilaja.cl\/w\/fomento\/proyectos-asociativos-para-la-microempresa-de-corfo\/\"]}]},{\"@type\":\"ImageObject\",\"inLanguage\":\"es\",\"@id\":\"https:\/\/munilaja.cl\/w\/fomento\/proyectos-asociativos-para-la-microempresa-de-corfo\/#primaryimage\",\"url\":\"https:\/\/munilaja.cl\/w\/wp-content\/uploads\/2013\/05\/pdf_download.png\",\"contentUrl\":\"https:\/\/munilaja.cl\/w\/wp-content\/uploads\/2013\/05\/pdf_download.png\",\"width\":50,\"height\":44},{\"@type\":\"BreadcrumbList\",\"@id\":\"https:\/\/munilaja.cl\/w\/fomento\/proyectos-asociativos-para-la-microempresa-de-corfo\/#breadcrumb\",\"itemListElement\":[{\"@type\":\"ListItem\",\"position\":1,\"name\":\"Portada\",\"item\":\"https:\/\/munilaja.cl\/w\/\"},{\"@type\":\"ListItem\",\"position\":2,\"name\":\"Fomento\",\"item\":\"https:\/\/munilaja.cl\/w\/fomento\/\"},{\"@type\":\"ListItem\",\"position\":3,\"name\":\"PROYECTOS ASOCIATIVOS PARA LA MICROEMPRESA DE CORFO\"}]},{\"@type\":\"WebSite\",\"@id\":\"https:\/\/munilaja.cl\/w\/#website\",\"url\":\"https:\/\/munilaja.cl\/w\/\",\"name\":\"Municipalidad de Laja\",\"description\":\"Web Municipal\",\"publisher\":{\"@id\":\"https:\/\/munilaja.cl\/w\/#organization\"},\"potentialAction\":[{\"@type\":\"SearchAction\",\"target\":{\"@type\":\"EntryPoint\",\"urlTemplate\":\"https:\/\/munilaja.cl\/w\/?s={search_term_string}\"},\"query-input\":{\"@type\":\"PropertyValueSpecification\",\"valueRequired\":true,\"valueName\":\"search_term_string\"}}],\"inLanguage\":\"es\"},{\"@type\":\"Organization\",\"@id\":\"https:\/\/munilaja.cl\/w\/#organization\",\"name\":\"Municipalidad de Laja\",\"url\":\"https:\/\/munilaja.cl\/w\/\",\"logo\":{\"@type\":\"ImageObject\",\"inLanguage\":\"es\",\"@id\":\"https:\/\/munilaja.cl\/w\/#\/schema\/logo\/image\/\",\"url\":\"https:\/\/munilaja.cl\/w\/wp-content\/uploads\/2024\/11\/ESCUDO-LAJA-LETRAS-BLANCAS-LOGO-WEB.png\",\"contentUrl\":\"https:\/\/munilaja.cl\/w\/wp-content\/uploads\/2024\/11\/ESCUDO-LAJA-LETRAS-BLANCAS-LOGO-WEB.png\",\"width\":150,\"height\":150,\"caption\":\"Municipalidad de Laja\"},\"image\":{\"@id\":\"https:\/\/munilaja.cl\/w\/#\/schema\/logo\/image\/\"}}]}<\/script>\n<!-- \/ Yoast SEO plugin. -->","yoast_head_json":{"title":"PROYECTOS ASOCIATIVOS PARA LA MICROEMPRESA DE CORFO - Municipalidad de Laja","robots":{"index":"index","follow":"follow","max-snippet":"max-snippet:-1","max-image-preview":"max-image-preview:large","max-video-preview":"max-video-preview:-1"},"canonical":"https:\/\/munilaja.cl\/w\/fomento\/proyectos-asociativos-para-la-microempresa-de-corfo\/","og_locale":"es_ES","og_type":"article","og_title":"PROYECTOS ASOCIATIVOS PARA LA MICROEMPRESA DE CORFO - Municipalidad de Laja","og_description":"La I. Municipalidad de Laja, informa que se encuentran abiertas las postulaciones a \u201cLos Proyectos Asociativos para la Microempresa\u201d, que \u00a0tienen como objetivo apoyar la preparaci\u00f3n y el desarrollo de un nuevo negocio asociativo para un grupo de seis o m\u00e1s empresas, cuyas estrategias de negocio en com\u00fan permitan instalar y fortalecer las capacidades t\u00e9cnicas, [&hellip;]","og_url":"https:\/\/munilaja.cl\/w\/fomento\/proyectos-asociativos-para-la-microempresa-de-corfo\/","og_site_name":"Municipalidad de Laja","article_modified_time":"2021-08-25T22:47:45+00:00","og_image":[{"width":50,"height":44,"url":"https:\/\/munilaja.cl\/w\/wp-content\/uploads\/2013\/05\/pdf_download.png","type":"image\/png"}],"twitter_card":"summary_large_image","twitter_misc":{"Tiempo de lectura":"2 minutos"},"schema":{"@context":"https:\/\/schema.org","@graph":[{"@type":"WebPage","@id":"https:\/\/munilaja.cl\/w\/fomento\/proyectos-asociativos-para-la-microempresa-de-corfo\/","url":"https:\/\/munilaja.cl\/w\/fomento\/proyectos-asociativos-para-la-microempresa-de-corfo\/","name":"PROYECTOS ASOCIATIVOS PARA LA MICROEMPRESA DE CORFO - Municipalidad de Laja","isPartOf":{"@id":"https:\/\/munilaja.cl\/w\/#website"},"primaryImageOfPage":{"@id":"https:\/\/munilaja.cl\/w\/fomento\/proyectos-asociativos-para-la-microempresa-de-corfo\/#primaryimage"},"image":{"@id":"https:\/\/munilaja.cl\/w\/fomento\/proyectos-asociativos-para-la-microempresa-de-corfo\/#primaryimage"},"thumbnailUrl":"https:\/\/munilaja.cl\/w\/wp-content\/uploads\/2013\/05\/pdf_download.png","datePublished":"2013-06-05T13:17:37+00:00","dateModified":"2021-08-25T22:47:45+00:00","breadcrumb":{"@id":"https:\/\/munilaja.cl\/w\/fomento\/proyectos-asociativos-para-la-microempresa-de-corfo\/#breadcrumb"},"inLanguage":"es","potentialAction":[{"@type":"ReadAction","target":["https:\/\/munilaja.cl\/w\/fomento\/proyectos-asociativos-para-la-microempresa-de-corfo\/"]}]},{"@type":"ImageObject","inLanguage":"es","@id":"https:\/\/munilaja.cl\/w\/fomento\/proyectos-asociativos-para-la-microempresa-de-corfo\/#primaryimage","url":"https:\/\/munilaja.cl\/w\/wp-content\/uploads\/2013\/05\/pdf_download.png","contentUrl":"https:\/\/munilaja.cl\/w\/wp-content\/uploads\/2013\/05\/pdf_download.png","width":50,"height":44},{"@type":"BreadcrumbList","@id":"https:\/\/munilaja.cl\/w\/fomento\/proyectos-asociativos-para-la-microempresa-de-corfo\/#breadcrumb","itemListElement":[{"@type":"ListItem","position":1,"name":"Portada","item":"https:\/\/munilaja.cl\/w\/"},{"@type":"ListItem","position":2,"name":"Fomento","item":"https:\/\/munilaja.cl\/w\/fomento\/"},{"@type":"ListItem","position":3,"name":"PROYECTOS ASOCIATIVOS PARA LA MICROEMPRESA DE CORFO"}]},{"@type":"WebSite","@id":"https:\/\/munilaja.cl\/w\/#website","url":"https:\/\/munilaja.cl\/w\/","name":"Municipalidad de Laja","description":"Web Municipal","publisher":{"@id":"https:\/\/munilaja.cl\/w\/#organization"},"potentialAction":[{"@type":"SearchAction","target":{"@type":"EntryPoint","urlTemplate":"https:\/\/munilaja.cl\/w\/?s={search_term_string}"},"query-input":{"@type":"PropertyValueSpecification","valueRequired":true,"valueName":"search_term_string"}}],"inLanguage":"es"},{"@type":"Organization","@id":"https:\/\/munilaja.cl\/w\/#organization","name":"Municipalidad de Laja","url":"https:\/\/munilaja.cl\/w\/","logo":{"@type":"ImageObject","inLanguage":"es","@id":"https:\/\/munilaja.cl\/w\/#\/schema\/logo\/image\/","url":"https:\/\/munilaja.cl\/w\/wp-content\/uploads\/2024\/11\/ESCUDO-LAJA-LETRAS-BLANCAS-LOGO-WEB.png","contentUrl":"https:\/\/munilaja.cl\/w\/wp-content\/uploads\/2024\/11\/ESCUDO-LAJA-LETRAS-BLANCAS-LOGO-WEB.png","width":150,"height":150,"caption":"Municipalidad de Laja"},"image":{"@id":"https:\/\/munilaja.cl\/w\/#\/schema\/logo\/image\/"}}]}},"_links":{"self":[{"href":"https:\/\/munilaja.cl\/w\/wp-json\/wp\/v2\/pages\/1259"}],"collection":[{"href":"https:\/\/munilaja.cl\/w\/wp-json\/wp\/v2\/pages"}],"about":[{"href":"https:\/\/munilaja.cl\/w\/wp-json\/wp\/v2\/types\/page"}],"author":[{"embeddable":true,"href":"https:\/\/munilaja.cl\/w\/wp-json\/wp\/v2\/users\/11"}],"replies":[{"embeddable":true,"href":"https:\/\/munilaja.cl\/w\/wp-json\/wp\/v2\/comments?post=1259"}],"version-history":[{"count":1,"href":"https:\/\/munilaja.cl\/w\/wp-json\/wp\/v2\/pages\/1259\/revisions"}],"predecessor-version":[{"id":56211,"href":"https:\/\/munilaja.cl\/w\/wp-json\/wp\/v2\/pages\/1259\/revisions\/56211"}],"up":[{"embeddable":true,"href":"https:\/\/munilaja.cl\/w\/wp-json\/wp\/v2\/pages\/17"}],"wp:attachment":[{"href":"https:\/\/munilaja.cl\/w\/wp-json\/wp\/v2\/media?parent=1259"}],"curies":[{"name":"wp","href":"https:\/\/api.w.org\/{rel}","templated":true}]}}