{"id":12,"date":"2013-04-14T18:32:01","date_gmt":"2013-04-14T18:32:01","guid":{"rendered":"http:\/\/munilaja.cl\/w\/?page_id=12"},"modified":"2024-12-16T11:30:53","modified_gmt":"2024-12-16T15:30:53","slug":"dom","status":"publish","type":"page","link":"https:\/\/munilaja.cl\/w\/dom\/","title":{"rendered":"DOM"},"content":{"rendered":"<h3><span style=\"color: #800000;\">Departamento de Obras Municipales<\/span><\/h3>\n<p><strong><em>\u00a0<\/em><\/strong><em>La Direcci\u00f3n de Obras Municipales es la unidad que tiene a su cargo las siguientes funciones:<\/em><\/p>\n<p>.Velar por el cumplimiento de las disposiciones de la Ley General de Urbanismo y Construcciones, del Plan Regulador y de las ordenanzas correspondientes, para cuyo efecto gozar\u00e1 de las siguientes atribuciones espec\u00edficas:<\/p>\n<p style=\"padding-left: 30px;\"><strong>. Dar aprobaci\u00f3n a las subdivisiones de predios urbanos y urbano-rurales.<\/strong><\/p>\n<p style=\"padding-left: 30px;\"><strong>. Dar aprobaci\u00f3n a los proyectos de obras de urbanizaci\u00f3n y construcci\u00f3n.<\/strong><\/p>\n<p style=\"padding-left: 30px;\"><strong>. Otorgar los permisos de edificaci\u00f3n de las obras se\u00f1aladas en el n\u00famero anterior.<\/strong><\/p>\n<p style=\"padding-left: 30px;\"><strong>. Fiscalizar la ejecuci\u00f3n de dichas obras hasta el momento de su recepci\u00f3n y<\/strong><\/p>\n<p style=\"padding-left: 30px;\"><strong>. Recibirse de las obras ya citadas y autorizar su uso.<\/strong><\/p>\n<p style=\"padding-left: 30px;\"><strong>. Fiscalizar las obras en uso a fin de verificar el cumplimiento de las disposiciones legales y t\u00e9cnicas que las rijan.<\/strong><\/p>\n<p style=\"padding-left: 30px;\"><strong>. Fiscalizar las obras en uso a fin de verificar el cumplimiento de las disposiciones legales y t\u00e9cnicas que las rijan.<\/strong><\/p>\n<p style=\"padding-left: 30px;\"><strong>. Confeccionar y mantener actualizado el catastro de las obras de urbanizaci\u00f3n y edificaci\u00f3n realizadas en la comuna;<\/strong><\/p>\n<p style=\"padding-left: 30px;\"><strong>. Ejecutar las medidas relacionadas con la vialidad urbana y rural;<\/strong><\/p>\n<p style=\"padding-left: 30px;\"><strong>. Dirigir las construcciones que sean de responsabilidad municipal, sean ejecutadas directamente o a trav\u00e9s de terceros;<\/strong><\/p>\n<p style=\"padding-left: 30px;\"><strong>. En general, aplicar las normas legales sobre construcciones y urbanizaci\u00f3n en la comuna.<\/strong><\/p>\n<p style=\"padding-left: 30px;\"><strong>. Otras funciones que la Ley se\u00f1ale o que el alcalde le asigne.<\/strong><\/p>\n<p><span style=\"color: #333333;\"><em>Quien ejerza la jefatura de esta direcci\u00f3n deber\u00e1 poseer indistintamente el t\u00edtulo de arquitecto, de ingeniero civil, de ingeniero constructor civil o de constructor civil.<\/em><\/span><\/p>\n<p><strong>Director:<\/strong><\/p>\n<p>Claudio Araneda P\u00e9rez,<br \/>\nArquitecto.<\/p>\n<p>Contacto: 43 2 524643<\/p>\n<p><strong>Secretaria:<\/strong><\/p>\n<p>Marcela Labr\u00edn<\/p>\n<p>Fono 43 2 524620<\/p>\n<p>Balmaceda N\u00b0 292, 1 piso<\/p>\n<p>Horario de Atenci\u00f3n 08:30 a 13:40 hrs.<\/p>\n","protected":false},"excerpt":{"rendered":"<p>Departamento de Obras Municipales \u00a0La Direcci\u00f3n de Obras Municipales es la unidad que tiene a su cargo las siguientes funciones: .Velar por el cumplimiento de las disposiciones de la Ley General de Urbanismo y Construcciones, del Plan Regulador y de las ordenanzas correspondientes, para cuyo efecto gozar\u00e1 de las siguientes atribuciones espec\u00edficas: . Dar aprobaci\u00f3n [&hellip;]<\/p>\n","protected":false},"author":11,"featured_media":0,"parent":0,"menu_order":0,"comment_status":"closed","ping_status":"open","template":"","meta":{"zakra_sidebar_layout":"customizer","zakra_remove_content_margin":false,"zakra_sidebar":"customizer","zakra_transparent_header":"customizer","zakra_logo":0,"zakra_main_header_style":"default","zakra_menu_item_color":"","zakra_menu_item_hover_color":"","zakra_menu_item_active_color":"","zakra_menu_active_style":"zakra_menu_active_style","zakra_page_header":true,"footnotes":""},"class_list":["post-12","page","type-page","status-publish","hentry"],"yoast_head":"<!-- This site is optimized with the Yoast SEO plugin v24.0 - https:\/\/yoast.com\/wordpress\/plugins\/seo\/ -->\n<title>DOM - Municipalidad de Laja<\/title>\n<meta name=\"robots\" content=\"index, follow, max-snippet:-1, max-image-preview:large, max-video-preview:-1\" \/>\n<link rel=\"canonical\" href=\"https:\/\/munilaja.cl\/w\/dom\/\" \/>\n<meta property=\"og:locale\" content=\"es_ES\" \/>\n<meta property=\"og:type\" content=\"article\" \/>\n<meta property=\"og:title\" content=\"DOM - Municipalidad de Laja\" \/>\n<meta property=\"og:description\" content=\"Departamento de Obras Municipales \u00a0La Direcci\u00f3n de Obras Municipales es la unidad que tiene a su cargo las siguientes funciones: .Velar por el cumplimiento de las disposiciones de la Ley General de Urbanismo y Construcciones, del Plan Regulador y de las ordenanzas correspondientes, para cuyo efecto gozar\u00e1 de las siguientes atribuciones espec\u00edficas: . Dar aprobaci\u00f3n [&hellip;]\" \/>\n<meta property=\"og:url\" content=\"https:\/\/munilaja.cl\/w\/dom\/\" \/>\n<meta property=\"og:site_name\" content=\"Municipalidad de Laja\" \/>\n<meta property=\"article:modified_time\" content=\"2024-12-16T15:30:53+00:00\" \/>\n<meta name=\"twitter:card\" content=\"summary_large_image\" \/>\n<meta name=\"twitter:label1\" content=\"Tiempo de lectura\" \/>\n\t<meta name=\"twitter:data1\" content=\"2 minutos\" \/>\n<script type=\"application\/ld+json\" class=\"yoast-schema-graph\">{\"@context\":\"https:\/\/schema.org\",\"@graph\":[{\"@type\":\"WebPage\",\"@id\":\"https:\/\/munilaja.cl\/w\/dom\/\",\"url\":\"https:\/\/munilaja.cl\/w\/dom\/\",\"name\":\"DOM - Municipalidad de Laja\",\"isPartOf\":{\"@id\":\"https:\/\/munilaja.cl\/w\/#website\"},\"datePublished\":\"2013-04-14T18:32:01+00:00\",\"dateModified\":\"2024-12-16T15:30:53+00:00\",\"breadcrumb\":{\"@id\":\"https:\/\/munilaja.cl\/w\/dom\/#breadcrumb\"},\"inLanguage\":\"es\",\"potentialAction\":[{\"@type\":\"ReadAction\",\"target\":[\"https:\/\/munilaja.cl\/w\/dom\/\"]}]},{\"@type\":\"BreadcrumbList\",\"@id\":\"https:\/\/munilaja.cl\/w\/dom\/#breadcrumb\",\"itemListElement\":[{\"@type\":\"ListItem\",\"position\":1,\"name\":\"Portada\",\"item\":\"https:\/\/munilaja.cl\/w\/\"},{\"@type\":\"ListItem\",\"position\":2,\"name\":\"DOM\"}]},{\"@type\":\"WebSite\",\"@id\":\"https:\/\/munilaja.cl\/w\/#website\",\"url\":\"https:\/\/munilaja.cl\/w\/\",\"name\":\"Municipalidad de Laja\",\"description\":\"Web Municipal\",\"publisher\":{\"@id\":\"https:\/\/munilaja.cl\/w\/#organization\"},\"potentialAction\":[{\"@type\":\"SearchAction\",\"target\":{\"@type\":\"EntryPoint\",\"urlTemplate\":\"https:\/\/munilaja.cl\/w\/?s={search_term_string}\"},\"query-input\":{\"@type\":\"PropertyValueSpecification\",\"valueRequired\":true,\"valueName\":\"search_term_string\"}}],\"inLanguage\":\"es\"},{\"@type\":\"Organization\",\"@id\":\"https:\/\/munilaja.cl\/w\/#organization\",\"name\":\"Municipalidad de Laja\",\"url\":\"https:\/\/munilaja.cl\/w\/\",\"logo\":{\"@type\":\"ImageObject\",\"inLanguage\":\"es\",\"@id\":\"https:\/\/munilaja.cl\/w\/#\/schema\/logo\/image\/\",\"url\":\"https:\/\/munilaja.cl\/w\/wp-content\/uploads\/2024\/11\/ESCUDO-LAJA-LETRAS-BLANCAS-LOGO-WEB.png\",\"contentUrl\":\"https:\/\/munilaja.cl\/w\/wp-content\/uploads\/2024\/11\/ESCUDO-LAJA-LETRAS-BLANCAS-LOGO-WEB.png\",\"width\":150,\"height\":150,\"caption\":\"Municipalidad de Laja\"},\"image\":{\"@id\":\"https:\/\/munilaja.cl\/w\/#\/schema\/logo\/image\/\"}}]}<\/script>\n<!-- \/ Yoast SEO plugin. -->","yoast_head_json":{"title":"DOM - Municipalidad de Laja","robots":{"index":"index","follow":"follow","max-snippet":"max-snippet:-1","max-image-preview":"max-image-preview:large","max-video-preview":"max-video-preview:-1"},"canonical":"https:\/\/munilaja.cl\/w\/dom\/","og_locale":"es_ES","og_type":"article","og_title":"DOM - Municipalidad de Laja","og_description":"Departamento de Obras Municipales \u00a0La Direcci\u00f3n de Obras Municipales es la unidad que tiene a su cargo las siguientes funciones: .Velar por el cumplimiento de las disposiciones de la Ley General de Urbanismo y Construcciones, del Plan Regulador y de las ordenanzas correspondientes, para cuyo efecto gozar\u00e1 de las siguientes atribuciones espec\u00edficas: . Dar aprobaci\u00f3n [&hellip;]","og_url":"https:\/\/munilaja.cl\/w\/dom\/","og_site_name":"Municipalidad de Laja","article_modified_time":"2024-12-16T15:30:53+00:00","twitter_card":"summary_large_image","twitter_misc":{"Tiempo de lectura":"2 minutos"},"schema":{"@context":"https:\/\/schema.org","@graph":[{"@type":"WebPage","@id":"https:\/\/munilaja.cl\/w\/dom\/","url":"https:\/\/munilaja.cl\/w\/dom\/","name":"DOM - Municipalidad de Laja","isPartOf":{"@id":"https:\/\/munilaja.cl\/w\/#website"},"datePublished":"2013-04-14T18:32:01+00:00","dateModified":"2024-12-16T15:30:53+00:00","breadcrumb":{"@id":"https:\/\/munilaja.cl\/w\/dom\/#breadcrumb"},"inLanguage":"es","potentialAction":[{"@type":"ReadAction","target":["https:\/\/munilaja.cl\/w\/dom\/"]}]},{"@type":"BreadcrumbList","@id":"https:\/\/munilaja.cl\/w\/dom\/#breadcrumb","itemListElement":[{"@type":"ListItem","position":1,"name":"Portada","item":"https:\/\/munilaja.cl\/w\/"},{"@type":"ListItem","position":2,"name":"DOM"}]},{"@type":"WebSite","@id":"https:\/\/munilaja.cl\/w\/#website","url":"https:\/\/munilaja.cl\/w\/","name":"Municipalidad de Laja","description":"Web Municipal","publisher":{"@id":"https:\/\/munilaja.cl\/w\/#organization"},"potentialAction":[{"@type":"SearchAction","target":{"@type":"EntryPoint","urlTemplate":"https:\/\/munilaja.cl\/w\/?s={search_term_string}"},"query-input":{"@type":"PropertyValueSpecification","valueRequired":true,"valueName":"search_term_string"}}],"inLanguage":"es"},{"@type":"Organization","@id":"https:\/\/munilaja.cl\/w\/#organization","name":"Municipalidad de Laja","url":"https:\/\/munilaja.cl\/w\/","logo":{"@type":"ImageObject","inLanguage":"es","@id":"https:\/\/munilaja.cl\/w\/#\/schema\/logo\/image\/","url":"https:\/\/munilaja.cl\/w\/wp-content\/uploads\/2024\/11\/ESCUDO-LAJA-LETRAS-BLANCAS-LOGO-WEB.png","contentUrl":"https:\/\/munilaja.cl\/w\/wp-content\/uploads\/2024\/11\/ESCUDO-LAJA-LETRAS-BLANCAS-LOGO-WEB.png","width":150,"height":150,"caption":"Municipalidad de Laja"},"image":{"@id":"https:\/\/munilaja.cl\/w\/#\/schema\/logo\/image\/"}}]}},"_links":{"self":[{"href":"https:\/\/munilaja.cl\/w\/wp-json\/wp\/v2\/pages\/12"}],"collection":[{"href":"https:\/\/munilaja.cl\/w\/wp-json\/wp\/v2\/pages"}],"about":[{"href":"https:\/\/munilaja.cl\/w\/wp-json\/wp\/v2\/types\/page"}],"author":[{"embeddable":true,"href":"https:\/\/munilaja.cl\/w\/wp-json\/wp\/v2\/users\/11"}],"replies":[{"embeddable":true,"href":"https:\/\/munilaja.cl\/w\/wp-json\/wp\/v2\/comments?post=12"}],"version-history":[{"count":5,"href":"https:\/\/munilaja.cl\/w\/wp-json\/wp\/v2\/pages\/12\/revisions"}],"predecessor-version":[{"id":72308,"href":"https:\/\/munilaja.cl\/w\/wp-json\/wp\/v2\/pages\/12\/revisions\/72308"}],"wp:attachment":[{"href":"https:\/\/munilaja.cl\/w\/wp-json\/wp\/v2\/media?parent=12"}],"curies":[{"name":"wp","href":"https:\/\/api.w.org\/{rel}","templated":true}]}}